{"id":97055,"date":"2025-10-10T16:43:39","date_gmt":"2025-10-10T16:43:39","guid":{"rendered":"https:\/\/constantinianorder.com\/lordre-constantinien-et-lordre-souverain-militaire-de-malte\/"},"modified":"2025-12-08T12:10:22","modified_gmt":"2025-12-08T12:10:22","slug":"lordre-constantinien-et-lordre-souverain-militaire-de-malte","status":"publish","type":"page","link":"https:\/\/constantinianorder.com\/fr\/lordre-constantinien-et-lordre-souverain-militaire-de-malte\/","title":{"rendered":"L&rsquo;Ordre Constantinien et l&rsquo;Ordre Souverain Militaire de Malte"},"content":{"rendered":"\t\t<div data-elementor-type=\"wp-page\" data-elementor-id=\"97055\" class=\"elementor elementor-97055 elementor-2216\" data-elementor-post-type=\"page\">\n\t\t\t\t<div class=\"elementor-element elementor-element-64537ec3 elementor-hidden-desktop elementor-hidden-tablet_extra elementor-hidden-tablet elementor-hidden-mobile e-flex e-con-boxed e-con e-parent\" data-id=\"64537ec3\" data-element_type=\"container\">\n\t\t\t\t\t<div class=\"e-con-inner\">\n\t\t\t\t<div class=\"elementor-element elementor-element-7d8c1c99 elementor-widget elementor-widget-image\" data-id=\"7d8c1c99\" data-element_type=\"widget\" data-widget_type=\"image.default\">\n\t\t\t\t\t\t\t\t\t\t\t\t\t\t\t<img fetchpriority=\"high\" decoding=\"async\" width=\"512\" height=\"512\" src=\"https:\/\/constantinianorder.com\/wp-content\/uploads\/2025\/10\/cropped-logo-costantiniano.webp\" class=\"attachment-full size-full wp-image-1065\" alt=\"sacro militare ordine costantiniano di san giorgio\" \/>\t\t\t\t\t\t\t\t\t\t\t\t\t\t\t<\/div>\n\t\t\t\t<div class=\"elementor-element elementor-element-3f0f6170 elementor-widget elementor-widget-heading\" data-id=\"3f0f6170\" data-element_type=\"widget\" data-widget_type=\"heading.default\">\n\t\t\t\t\t<h1 class=\"elementor-heading-title elementor-size-default\">L'Ordre Constantinien et l'Ordre Souverain Militaire de Malte<\/h1>\t\t\t\t<\/div>\n\t\t\t\t<div class=\"elementor-element elementor-element-6a677170 elementor-widget elementor-widget-text-editor\" data-id=\"6a677170\" data-element_type=\"widget\" data-widget_type=\"text-editor.default\">\n\t\t\t\t\t\t\t\t\t<p>L&rsquo;Ordre Constantinien et l&rsquo;Ordre Souverain Militaire de Malte, ordre chevaleresque catholique aux origines anciennes, aujourd&rsquo;hui plac\u00e9 sous le Grand Magist\u00e8re de la Maison Royale de Bourbon des Deux-Siciles, promeut la foi, la charit\u00e9 et l&rsquo;engagement social inspir\u00e9s par les valeurs chr\u00e9tiennes.<\/p><ul><li><a href=\"https:\/\/constantinianorder.net\" target=\"_blank\" rel=\"noopener\">constantinianorder.net<\/a><\/li><li><a href=\"https:\/\/realcasadiborbone.it\" target=\"_blank\" rel=\"noopener\">Maison Royale de Bourbon des Deux Siciles<\/a><\/li><li><a href=\"https:\/\/constantinianorder.com\/fr\/contacts\/\">contacts<\/a><\/li><\/ul>\t\t\t\t\t\t\t\t<\/div>\n\t\t\t\t\t<\/div>\n\t\t\t\t<\/div>\n\t\t<div class=\"elementor-element elementor-element-66b3f0b e-flex e-con-boxed e-con e-parent\" data-id=\"66b3f0b\" data-element_type=\"container\">\n\t\t\t\t\t<div class=\"e-con-inner\">\n\t\t<div class=\"elementor-element elementor-element-cdda698 e-con-full e-flex e-con e-child\" data-id=\"cdda698\" data-element_type=\"container\">\n\t\t\t\t<div class=\"elementor-element elementor-element-cbf26fa elementor-widget elementor-widget-heading\" data-id=\"cbf26fa\" data-element_type=\"widget\" data-widget_type=\"heading.default\">\n\t\t\t\t\t<h2 class=\"elementor-heading-title elementor-size-default\">L'Ordre Constantinien et l'Ordre Souverain Militaire de Malte<\/h2>\t\t\t\t<\/div>\n\t\t\t\t<div class=\"elementor-element elementor-element-1d7e00e elementor-widget elementor-widget-text-editor\" data-id=\"1d7e00e\" data-element_type=\"widget\" data-widget_type=\"text-editor.default\">\n\t\t\t\t\t\t\t\t\t<p>L&rsquo;Ordre Constantinien entretient d&rsquo;excellentes relations avec l&rsquo;Ordre Souverain Militaire de Malte, qui remontent \u00e0 l&rsquo;\u00e9poque o\u00f9 le Royaume des Deux-Siciles a commenc\u00e9 \u00e0 entretenir des relations \u00e9troites et historiques avec l&rsquo;\u00eele de Malte, avec laquelle il a conclu un trait\u00e9 garantissant une protection militaire. Depuis 1878, chaque Prince et Grand Ma\u00eetre de l&rsquo;Ordre de Malte est membre de l&rsquo;Ordre Constantinien.<\/p><p>\u00a0<\/p><p>Son Altesse \u00c9minentissime le Prince Fra&rsquo; Giacomo Dalla Torre del Tempio di Sanguinetto a \u00e9t\u00e9 le 80e Grand Ma\u00eetre de l&rsquo;Ordre Souverain Militaire de Malte du 2 mai 2018 au 29 avril 2020.<\/p><p>\u00a0<\/p><p>Son Altesse Royale le Prince Charles de Bourbon des Deux-Siciles, Duc de Castro, en tant que Chef de la Maison Royale, l&rsquo;a nomm\u00e9 Bailli Chevalier de la Grand-Croix de Justice en mai 1995 et lui a conf\u00e9r\u00e9, \u00e0 l&rsquo;occasion de son \u00e9lection au poste de Grand Ma\u00eetre de l&rsquo;Ordre de Malte, l&rsquo;Insigne Ordre Royal de Saint Janvier et le Collier Constantinien, consolidant ainsi davantage le lien fort qui unit les deux Ordres.<\/p><p>\u00a0<\/p><p>Le 79e Prince et Grand Ma\u00eetre, Son Altesse \u00c9minentissime Fra&rsquo; Matthew Festing, a longtemps collabor\u00e9 avec l&rsquo;Ordre Sacr\u00e9 et Militaire Constantinien de Saint-Georges. Fra&rsquo; Festing a servi le Conseil britannique et la d\u00e9l\u00e9gation irlandaise de l&rsquo;Ordre Constantinien de 2002 \u00e0 2009, apr\u00e8s avoir \u00e9t\u00e9 nomm\u00e9 Chevalier de Justice de l&rsquo;Ordre Constantinien de Saint-Georges en 1991.<\/p><p>\u00a0<\/p><p>En 1994, le Grand Ma\u00eetre de l&rsquo;Ordre Constantinien a promu Fra&rsquo; Matthew Festing au grade de Chevalier de la Grand-Croix de Justice. En 2009, le Grand Ma\u00eetre lui a rendu un nouvel hommage en le nommant Chevalier de l&rsquo;Ordre Royal de Saint Janvier et B\u00e2illi, Chevalier de la Grand-Croix de Justice d\u00e9cor\u00e9 du Collier de l&rsquo;Ordre Constantinien.<\/p><p>\u00a0<\/p><p>Jusqu&rsquo;\u00e0 son d\u00e9c\u00e8s en 2008, le 78e Prince et Grand Ma\u00eetre, Son Altesse \u00c9minentissime Fra&rsquo; Andrew Bertie, \u00e9tait \u00e9galement Chevalier de longue date, ayant \u00e9t\u00e9 nomm\u00e9 par Son Altesse Royale le Duc de Castro au sein de l&rsquo;Ordre Sacr\u00e9 et Militaire Constantinien en 1985 en tant que Chevalier de la Grand-Croix de Justice de l&rsquo;Ordre. Fra Bertie a ensuite \u00e9t\u00e9 \u00e9lev\u00e9 au rang de Bailli, Chevalier de la Grande Croix de Justice avec Collier en 1988 &#8211; la plus haute distinction au sein de l&rsquo;Ordre Sacr\u00e9 et Militaire Constantinien de Saint-Georges &#8211; et en 1993, il a \u00e9t\u00e9 nomm\u00e9 chevalier de l&rsquo;Ordre Royal de Saint-Janvier &#8211; l&rsquo;ordre le plus important de la Maison royale des Bourbons des Deux-Siciles.<\/p><p>\u00a0<\/p><p>Son Altesse Royale le Prince Ferdinand, Duc de Castro, Grand Ma\u00eetre de l&rsquo;Ordre Constantinien jusqu&rsquo;\u00e0 son d\u00e9c\u00e8s en mars 2008, a \u00e9t\u00e9 nomm\u00e9 Bailli, Chevalier de la Grand-Croix d&rsquo;Honneur et de D\u00e9votion de l&rsquo;Ordre de Malte en d\u00e9cembre 1968. En 1988, le duc de Castro a \u00e9galement re\u00e7u de Fr\u00e0 Andrew Bertie, prince et Grand Ma\u00eetre, la Croix de Profession \u00ab ad honorem \u00bb. Son Altesse Royale la princesse Chantal, duchesse de Castro, a \u00e9t\u00e9 promue au sein de l&rsquo;Ordre de Malte au rang de Dame de la Grande Croix d&rsquo;Honneur et de D\u00e9votion en 1996.<\/p><p>\u00a0<\/p><p>Son Altesse Royale le Prince Charles, Duc de Castro, qui a rejoint l&rsquo;Ordre Souverain Militaire de Malte en mai 1983, a \u00e9t\u00e9 promu en f\u00e9vrier 2004 au grade de Bailli, Chevalier de la Grand-Croix d&rsquo;Honneur et de D\u00e9votion.<\/p><p>\u00a0<\/p><p>Son Altesse Royale la princesse Camilla, duchesse de Castro, a \u00e9t\u00e9 d\u00e9cor\u00e9e de la Grande Croix d&rsquo;honneur et de d\u00e9vouement en octobre 2001.<\/p>\t\t\t\t\t\t\t\t<\/div>\n\t\t\t\t<\/div>\n\t\t<div class=\"elementor-element elementor-element-e6ffe5b e-con-full e-flex e-con e-child\" data-id=\"e6ffe5b\" data-element_type=\"container\" data-settings=\"{&quot;background_background&quot;:&quot;classic&quot;}\">\n\t\t<div class=\"elementor-element elementor-element-3f1c3b0 e-grid e-con-full e-con e-child\" data-id=\"3f1c3b0\" data-element_type=\"container\">\n\t\t\t\t<div class=\"elementor-element elementor-element-71bdbc7 elementor-widget elementor-widget-image\" data-id=\"71bdbc7\" data-element_type=\"widget\" data-widget_type=\"image.default\">\n\t\t\t\t\t\t\t\t\t\t\t\t\t\t\t<img decoding=\"async\" width=\"300\" height=\"300\" src=\"https:\/\/constantinianorder.com\/wp-content\/uploads\/2025\/10\/Stemma-del-Sacro-Militare-Ordine-Costantiniano-di-San-giorgio.webp\" class=\"attachment-full size-full wp-image-2099\" alt=\"Stemma del Sacro Militare Ordine Costantiniano di San Giorgio\" \/>\t\t\t\t\t\t\t\t\t\t\t\t\t\t\t<\/div>\n\t\t\t\t<div class=\"elementor-element elementor-element-cf4797a elementor-widget elementor-widget-image\" data-id=\"cf4797a\" data-element_type=\"widget\" data-widget_type=\"image.default\">\n\t\t\t\t\t\t\t\t\t\t\t\t\t\t\t<img decoding=\"async\" width=\"300\" height=\"300\" src=\"https:\/\/constantinianorder.com\/wp-content\/uploads\/2025\/10\/Sovrano-Militare-Ordine-di-Malta.webp\" class=\"attachment-large size-large wp-image-2221\" alt=\"Sovrano Militare Ordine di Malta\" \/>\t\t\t\t\t\t\t\t\t\t\t\t\t\t\t<\/div>\n\t\t\t\t<\/div>\n\t\t<div class=\"elementor-element elementor-element-eb4d962 e-grid e-con-full e-con e-child\" data-id=\"eb4d962\" data-element_type=\"container\">\n\t\t\t\t<div class=\"elementor-element elementor-element-e4dcfe2 elementor-widget elementor-widget-heading\" data-id=\"e4dcfe2\" data-element_type=\"widget\" data-widget_type=\"heading.default\">\n\t\t\t\t\t<h2 class=\"elementor-heading-title elementor-size-default\">Reconnaissances institutionnelles<\/h2>\t\t\t\t<\/div>\n\t\t\t\t<div class=\"elementor-element elementor-element-b219168 elementor-position-left elementor-position-top elementor-vertical-align-middle elementor-position-left elementor-hidden-desktop elementor-hidden-tablet_extra elementor-hidden-tablet elementor-hidden-mobile elementor-widget elementor-widget-image-box\" data-id=\"b219168\" data-element_type=\"widget\" data-widget_type=\"image-box.default\">\n\t\t\t\t\t<div class=\"elementor-image-box-wrapper\"><figure class=\"elementor-image-box-img\"><a href=\"https:\/\/constantinianorder.com\/fr\/lordre-constantinien-et-litalie\/\" tabindex=\"-1\"><img decoding=\"async\" width=\"300\" height=\"300\" src=\"https:\/\/constantinianorder.com\/wp-content\/uploads\/2025\/10\/Stemma-del-Sacro-Militare-Ordine-Costantiniano-di-San-giorgio.webp\" class=\"attachment-full size-full wp-image-2099\" alt=\"Stemma del Sacro Militare Ordine Costantiniano di San Giorgio\" \/><\/a><\/figure><div class=\"elementor-image-box-content\"><p class=\"elementor-image-box-description\">L\u2019Ordre Constantinien et l\u2019Italie<\/p><\/div><\/div>\t\t\t\t<\/div>\n\t\t\t\t<div class=\"elementor-element elementor-element-d8bd972 elementor-position-left elementor-position-top elementor-vertical-align-middle elementor-position-left elementor-widget elementor-widget-image-box\" data-id=\"d8bd972\" data-element_type=\"widget\" data-widget_type=\"image-box.default\">\n\t\t\t\t\t<div class=\"elementor-image-box-wrapper\"><figure class=\"elementor-image-box-img\"><a href=\"https:\/\/constantinianorder.com\/fr\/lordre-constantinien-et-litalie\/\" tabindex=\"-1\"><img loading=\"lazy\" decoding=\"async\" width=\"300\" height=\"300\" src=\"https:\/\/constantinianorder.com\/wp-content\/uploads\/2025\/10\/Sacro-Militare-Ordine-Costantiniano-e-Stato-Italiano.webp\" class=\"attachment-full size-full wp-image-2087\" alt=\"Emblema delle Repubblica Italiana\" \/><\/a><\/figure><div class=\"elementor-image-box-content\"><p class=\"elementor-image-box-description\">L\u2019Ordre Constantinien et l\u2019Italie<\/p><\/div><\/div>\t\t\t\t<\/div>\n\t\t\t\t<div class=\"elementor-element elementor-element-d833d76 elementor-position-left elementor-position-top elementor-vertical-align-middle elementor-position-left elementor-widget elementor-widget-image-box\" data-id=\"d833d76\" data-element_type=\"widget\" data-widget_type=\"image-box.default\">\n\t\t\t\t\t<div class=\"elementor-image-box-wrapper\"><figure class=\"elementor-image-box-img\"><a href=\"https:\/\/constantinianorder.com\/fr\/lordine-costalordre-constantinien-et-le-saint-siege\/\" tabindex=\"-1\"><img loading=\"lazy\" decoding=\"async\" width=\"300\" height=\"300\" src=\"https:\/\/constantinianorder.com\/wp-content\/uploads\/2025\/10\/Emblema-della-Santa-Sede.webp\" class=\"attachment-full size-full wp-image-2157\" alt=\"Emblema della Santa Sede\" \/><\/a><\/figure><div class=\"elementor-image-box-content\"><p class=\"elementor-image-box-description\">L\u2019Ordre Constantinien et le Saint-Si\u00e8ge<\/p><\/div><\/div>\t\t\t\t<\/div>\n\t\t\t\t<div class=\"elementor-element elementor-element-1f476f3 elementor-position-left elementor-position-top elementor-vertical-align-middle elementor-widget elementor-widget-image-box\" data-id=\"1f476f3\" data-element_type=\"widget\" data-widget_type=\"image-box.default\">\n\t\t\t\t\t<div class=\"elementor-image-box-wrapper\"><figure class=\"elementor-image-box-img\"><a href=\"https:\/\/constantinianorder.com\/fr\/lordre-constantinien-et-lordre-souverain-militaire-de-malte\/\" tabindex=\"-1\"><img loading=\"lazy\" decoding=\"async\" width=\"300\" height=\"300\" src=\"https:\/\/constantinianorder.com\/wp-content\/uploads\/2025\/10\/Sovrano-Militare-Ordine-di-Malta.webp\" class=\"attachment-full size-full wp-image-2221\" alt=\"Sovrano Militare Ordine di Malta\" \/><\/a><\/figure><div class=\"elementor-image-box-content\"><p class=\"elementor-image-box-description\">L\u2019Ordre Constantinien et l\u2019Ordre Souverain Militaire de Malte<\/p><\/div><\/div>\t\t\t\t<\/div>\n\t\t\t\t<div class=\"elementor-element elementor-element-cb91804 elementor-position-left elementor-position-top elementor-vertical-align-middle elementor-position-left elementor-widget elementor-widget-image-box\" data-id=\"cb91804\" data-element_type=\"widget\" data-widget_type=\"image-box.default\">\n\t\t\t\t\t<div class=\"elementor-image-box-wrapper\"><figure class=\"elementor-image-box-img\"><a href=\"https:\/\/constantinianorder.com\/fr\/la-orden-constantiniana-y-las-naciones-unidas\/\" tabindex=\"-1\"><img loading=\"lazy\" decoding=\"async\" width=\"300\" height=\"300\" src=\"https:\/\/constantinianorder.com\/wp-content\/uploads\/2025\/10\/Emblema-delle-Nazioni-Unite.webp\" class=\"attachment-full size-full wp-image-2234\" alt=\"Emblema delle Nazioni Unite\" \/><\/a><\/figure><div class=\"elementor-image-box-content\"><p class=\"elementor-image-box-description\">L\u2019Ordre Constantinien et les Nations Unies<\/p><\/div><\/div>\t\t\t\t<\/div>\n\t\t\t\t<\/div>\n\t\t\t\t<\/div>\n\t\t\t\t\t<\/div>\n\t\t\t\t<\/div>\n\t\t\t\t<\/div>\n\t\t","protected":false},"excerpt":{"rendered":"<p>L&rsquo;Ordre Constantinien et l&rsquo;Ordre Souverain Militaire de Malte L&rsquo;Ordre Constantinien et l&rsquo;Ordre Souverain Militaire de Malte, ordre chevaleresque catholique aux origines anciennes, aujourd&rsquo;hui plac\u00e9 sous le Grand Magist\u00e8re de la Maison Royale de Bourbon des Deux-Siciles, promeut la foi, la charit\u00e9 et l&rsquo;engagement social inspir\u00e9s par les valeurs chr\u00e9tiennes. constantinianorder.net Maison Royale de Bourbon des [&hellip;]<\/p>\n","protected":false},"author":2,"featured_media":0,"parent":0,"menu_order":0,"comment_status":"closed","ping_status":"closed","template":"elementor_header_footer","meta":{"footnotes":""},"class_list":["post-97055","page","type-page","status-publish","hentry"],"yoast_head":"<!-- This site is optimized with the Yoast SEO plugin v26.5 - https:\/\/yoast.com\/wordpress\/plugins\/seo\/ -->\n<title>L&#039;Ordre Constantinien et l&#039;Ordre Souverain Militaire de Malte - Sacro Militare Ordine Costantiniano di San Giorgio<\/title>\n<meta name=\"description\" content=\"Ordre Constantinien et Ordre de Malte. Identit\u00e9, histoire et organisation moderne du Saint-Ordre Militaire Constantinien de Saint-Georges\" \/>\n<meta name=\"robots\" content=\"index, follow, max-snippet:-1, max-image-preview:large, max-video-preview:-1\" \/>\n<link rel=\"canonical\" href=\"https:\/\/constantinianorder.com\/l-ordine-costantiniano-ed-il-sovrano-militare-ordine-di-malta\/\" \/>\n<meta property=\"og:locale\" content=\"fr_FR\" \/>\n<meta property=\"og:type\" content=\"article\" \/>\n<meta property=\"og:title\" content=\"L&#039;Ordre Constantinien et l&#039;Ordre Souverain Militaire de Malte - Sacro Militare Ordine Costantiniano di San Giorgio\" \/>\n<meta property=\"og:description\" content=\"Ordre Constantinien et Ordre de Malte. Identit\u00e9, histoire et organisation moderne du Saint-Ordre Militaire Constantinien de Saint-Georges\" \/>\n<meta property=\"og:url\" content=\"https:\/\/constantinianorder.com\/l-ordine-costantiniano-ed-il-sovrano-militare-ordine-di-malta\/\" \/>\n<meta property=\"og:site_name\" content=\"Sacro Militare Ordine Costantiniano di San Giorgio\" \/>\n<meta property=\"article:publisher\" content=\"https:\/\/www.facebook.com\/constantinianorder\" \/>\n<meta property=\"article:modified_time\" content=\"2025-12-08T12:10:22+00:00\" \/>\n<meta property=\"og:image\" content=\"https:\/\/constantinianorder.com\/wp-content\/uploads\/2025\/10\/cropped-logo-costantiniano.webp\" \/>\n\t<meta property=\"og:image:width\" content=\"512\" \/>\n\t<meta property=\"og:image:height\" content=\"512\" \/>\n\t<meta property=\"og:image:type\" content=\"image\/webp\" \/>\n<meta name=\"twitter:card\" content=\"summary_large_image\" \/>\n<meta name=\"twitter:label1\" content=\"Dur\u00e9e de lecture estim\u00e9e\" \/>\n\t<meta name=\"twitter:data1\" content=\"5 minutes\" \/>\n<script type=\"application\/ld+json\" class=\"yoast-schema-graph\">{\"@context\":\"https:\/\/schema.org\",\"@graph\":[{\"@type\":\"WebPage\",\"@id\":\"https:\/\/constantinianorder.com\/l-ordine-costantiniano-ed-il-sovrano-militare-ordine-di-malta\/\",\"url\":\"https:\/\/constantinianorder.com\/l-ordine-costantiniano-ed-il-sovrano-militare-ordine-di-malta\/\",\"name\":\"L'Ordre Constantinien et l'Ordre Souverain Militaire de Malte - Sacro Militare Ordine Costantiniano di San Giorgio\",\"isPartOf\":{\"@id\":\"https:\/\/constantinianorder.com\/#website\"},\"primaryImageOfPage\":{\"@id\":\"https:\/\/constantinianorder.com\/l-ordine-costantiniano-ed-il-sovrano-militare-ordine-di-malta\/#primaryimage\"},\"image\":{\"@id\":\"https:\/\/constantinianorder.com\/l-ordine-costantiniano-ed-il-sovrano-militare-ordine-di-malta\/#primaryimage\"},\"thumbnailUrl\":\"https:\/\/constantinianorder.com\/wp-content\/uploads\/2025\/10\/cropped-logo-costantiniano.webp\",\"datePublished\":\"2025-10-10T16:43:39+00:00\",\"dateModified\":\"2025-12-08T12:10:22+00:00\",\"description\":\"Ordre Constantinien et Ordre de Malte. Identit\u00e9, histoire et organisation moderne du Saint-Ordre Militaire Constantinien de Saint-Georges\",\"breadcrumb\":{\"@id\":\"https:\/\/constantinianorder.com\/l-ordine-costantiniano-ed-il-sovrano-militare-ordine-di-malta\/#breadcrumb\"},\"inLanguage\":\"fr-FR\",\"potentialAction\":[{\"@type\":\"ReadAction\",\"target\":[\"https:\/\/constantinianorder.com\/l-ordine-costantiniano-ed-il-sovrano-militare-ordine-di-malta\/\"]}]},{\"@type\":\"ImageObject\",\"inLanguage\":\"fr-FR\",\"@id\":\"https:\/\/constantinianorder.com\/l-ordine-costantiniano-ed-il-sovrano-militare-ordine-di-malta\/#primaryimage\",\"url\":\"https:\/\/constantinianorder.com\/wp-content\/uploads\/2025\/10\/cropped-logo-costantiniano.webp\",\"contentUrl\":\"https:\/\/constantinianorder.com\/wp-content\/uploads\/2025\/10\/cropped-logo-costantiniano.webp\"},{\"@type\":\"BreadcrumbList\",\"@id\":\"https:\/\/constantinianorder.com\/l-ordine-costantiniano-ed-il-sovrano-militare-ordine-di-malta\/#breadcrumb\",\"itemListElement\":[{\"@type\":\"ListItem\",\"position\":1,\"name\":\"Home\",\"item\":\"https:\/\/constantinianorder.com\/en\/\"},{\"@type\":\"ListItem\",\"position\":2,\"name\":\"L&#8217;Ordre Constantinien et l&#8217;Ordre Souverain Militaire de Malte\"}]},{\"@type\":\"WebSite\",\"@id\":\"https:\/\/constantinianorder.com\/#website\",\"url\":\"https:\/\/constantinianorder.com\/\",\"name\":\"Sacro Militare Ordine Costantiniano di San Giorgio\",\"description\":\"Ordine Ufficiale\",\"publisher\":{\"@id\":\"https:\/\/constantinianorder.com\/#organization\"},\"potentialAction\":[{\"@type\":\"SearchAction\",\"target\":{\"@type\":\"EntryPoint\",\"urlTemplate\":\"https:\/\/constantinianorder.com\/?s={search_term_string}\"},\"query-input\":{\"@type\":\"PropertyValueSpecification\",\"valueRequired\":true,\"valueName\":\"search_term_string\"}}],\"inLanguage\":\"fr-FR\"},{\"@type\":\"Organization\",\"@id\":\"https:\/\/constantinianorder.com\/#organization\",\"name\":\"Sacro Militare Ordine Costantiniano di San Giorgio\",\"url\":\"https:\/\/constantinianorder.com\/\",\"logo\":{\"@type\":\"ImageObject\",\"inLanguage\":\"fr-FR\",\"@id\":\"https:\/\/constantinianorder.com\/#\/schema\/logo\/image\/\",\"url\":\"https:\/\/constantinianorder.com\/wp-content\/uploads\/2025\/10\/cropped-logo-costantiniano.png\",\"contentUrl\":\"https:\/\/constantinianorder.com\/wp-content\/uploads\/2025\/10\/cropped-logo-costantiniano.png\",\"width\":512,\"height\":512,\"caption\":\"Sacro Militare Ordine Costantiniano di San Giorgio\"},\"image\":{\"@id\":\"https:\/\/constantinianorder.com\/#\/schema\/logo\/image\/\"},\"sameAs\":[\"https:\/\/www.facebook.com\/constantinianorder\",\"https:\/\/www.instagram.com\/constantinianorder\/\",\"https:\/\/www.youtube.com\/@granmagisterodelsacromilit9375\"]}]}<\/script>\n<!-- \/ Yoast SEO plugin. -->","yoast_head_json":{"title":"L'Ordre Constantinien et l'Ordre Souverain Militaire de Malte - Sacro Militare Ordine Costantiniano di San Giorgio","description":"Ordre Constantinien et Ordre de Malte. Identit\u00e9, histoire et organisation moderne du Saint-Ordre Militaire Constantinien de Saint-Georges","robots":{"index":"index","follow":"follow","max-snippet":"max-snippet:-1","max-image-preview":"max-image-preview:large","max-video-preview":"max-video-preview:-1"},"canonical":"https:\/\/constantinianorder.com\/l-ordine-costantiniano-ed-il-sovrano-militare-ordine-di-malta\/","og_locale":"fr_FR","og_type":"article","og_title":"L'Ordre Constantinien et l'Ordre Souverain Militaire de Malte - Sacro Militare Ordine Costantiniano di San Giorgio","og_description":"Ordre Constantinien et Ordre de Malte. Identit\u00e9, histoire et organisation moderne du Saint-Ordre Militaire Constantinien de Saint-Georges","og_url":"https:\/\/constantinianorder.com\/l-ordine-costantiniano-ed-il-sovrano-militare-ordine-di-malta\/","og_site_name":"Sacro Militare Ordine Costantiniano di San Giorgio","article_publisher":"https:\/\/www.facebook.com\/constantinianorder","article_modified_time":"2025-12-08T12:10:22+00:00","og_image":[{"width":512,"height":512,"url":"https:\/\/constantinianorder.com\/wp-content\/uploads\/2025\/10\/cropped-logo-costantiniano.webp","type":"image\/webp"}],"twitter_card":"summary_large_image","twitter_misc":{"Dur\u00e9e de lecture estim\u00e9e":"5 minutes"},"schema":{"@context":"https:\/\/schema.org","@graph":[{"@type":"WebPage","@id":"https:\/\/constantinianorder.com\/l-ordine-costantiniano-ed-il-sovrano-militare-ordine-di-malta\/","url":"https:\/\/constantinianorder.com\/l-ordine-costantiniano-ed-il-sovrano-militare-ordine-di-malta\/","name":"L'Ordre Constantinien et l'Ordre Souverain Militaire de Malte - Sacro Militare Ordine Costantiniano di San Giorgio","isPartOf":{"@id":"https:\/\/constantinianorder.com\/#website"},"primaryImageOfPage":{"@id":"https:\/\/constantinianorder.com\/l-ordine-costantiniano-ed-il-sovrano-militare-ordine-di-malta\/#primaryimage"},"image":{"@id":"https:\/\/constantinianorder.com\/l-ordine-costantiniano-ed-il-sovrano-militare-ordine-di-malta\/#primaryimage"},"thumbnailUrl":"https:\/\/constantinianorder.com\/wp-content\/uploads\/2025\/10\/cropped-logo-costantiniano.webp","datePublished":"2025-10-10T16:43:39+00:00","dateModified":"2025-12-08T12:10:22+00:00","description":"Ordre Constantinien et Ordre de Malte. Identit\u00e9, histoire et organisation moderne du Saint-Ordre Militaire Constantinien de Saint-Georges","breadcrumb":{"@id":"https:\/\/constantinianorder.com\/l-ordine-costantiniano-ed-il-sovrano-militare-ordine-di-malta\/#breadcrumb"},"inLanguage":"fr-FR","potentialAction":[{"@type":"ReadAction","target":["https:\/\/constantinianorder.com\/l-ordine-costantiniano-ed-il-sovrano-militare-ordine-di-malta\/"]}]},{"@type":"ImageObject","inLanguage":"fr-FR","@id":"https:\/\/constantinianorder.com\/l-ordine-costantiniano-ed-il-sovrano-militare-ordine-di-malta\/#primaryimage","url":"https:\/\/constantinianorder.com\/wp-content\/uploads\/2025\/10\/cropped-logo-costantiniano.webp","contentUrl":"https:\/\/constantinianorder.com\/wp-content\/uploads\/2025\/10\/cropped-logo-costantiniano.webp"},{"@type":"BreadcrumbList","@id":"https:\/\/constantinianorder.com\/l-ordine-costantiniano-ed-il-sovrano-militare-ordine-di-malta\/#breadcrumb","itemListElement":[{"@type":"ListItem","position":1,"name":"Home","item":"https:\/\/constantinianorder.com\/en\/"},{"@type":"ListItem","position":2,"name":"L&#8217;Ordre Constantinien et l&#8217;Ordre Souverain Militaire de Malte"}]},{"@type":"WebSite","@id":"https:\/\/constantinianorder.com\/#website","url":"https:\/\/constantinianorder.com\/","name":"Sacro Militare Ordine Costantiniano di San Giorgio","description":"Ordine Ufficiale","publisher":{"@id":"https:\/\/constantinianorder.com\/#organization"},"potentialAction":[{"@type":"SearchAction","target":{"@type":"EntryPoint","urlTemplate":"https:\/\/constantinianorder.com\/?s={search_term_string}"},"query-input":{"@type":"PropertyValueSpecification","valueRequired":true,"valueName":"search_term_string"}}],"inLanguage":"fr-FR"},{"@type":"Organization","@id":"https:\/\/constantinianorder.com\/#organization","name":"Sacro Militare Ordine Costantiniano di San Giorgio","url":"https:\/\/constantinianorder.com\/","logo":{"@type":"ImageObject","inLanguage":"fr-FR","@id":"https:\/\/constantinianorder.com\/#\/schema\/logo\/image\/","url":"https:\/\/constantinianorder.com\/wp-content\/uploads\/2025\/10\/cropped-logo-costantiniano.png","contentUrl":"https:\/\/constantinianorder.com\/wp-content\/uploads\/2025\/10\/cropped-logo-costantiniano.png","width":512,"height":512,"caption":"Sacro Militare Ordine Costantiniano di San Giorgio"},"image":{"@id":"https:\/\/constantinianorder.com\/#\/schema\/logo\/image\/"},"sameAs":["https:\/\/www.facebook.com\/constantinianorder","https:\/\/www.instagram.com\/constantinianorder\/","https:\/\/www.youtube.com\/@granmagisterodelsacromilit9375"]}]}},"_links":{"self":[{"href":"https:\/\/constantinianorder.com\/fr\/wp-json\/wp\/v2\/pages\/97055","targetHints":{"allow":["GET"]}}],"collection":[{"href":"https:\/\/constantinianorder.com\/fr\/wp-json\/wp\/v2\/pages"}],"about":[{"href":"https:\/\/constantinianorder.com\/fr\/wp-json\/wp\/v2\/types\/page"}],"author":[{"embeddable":true,"href":"https:\/\/constantinianorder.com\/fr\/wp-json\/wp\/v2\/users\/2"}],"replies":[{"embeddable":true,"href":"https:\/\/constantinianorder.com\/fr\/wp-json\/wp\/v2\/comments?post=97055"}],"version-history":[{"count":9,"href":"https:\/\/constantinianorder.com\/fr\/wp-json\/wp\/v2\/pages\/97055\/revisions"}],"predecessor-version":[{"id":99538,"href":"https:\/\/constantinianorder.com\/fr\/wp-json\/wp\/v2\/pages\/97055\/revisions\/99538"}],"wp:attachment":[{"href":"https:\/\/constantinianorder.com\/fr\/wp-json\/wp\/v2\/media?parent=97055"}],"curies":[{"name":"wp","href":"https:\/\/api.w.org\/{rel}","templated":true}]}}