{"id":95878,"date":"2025-11-04T08:02:41","date_gmt":"2025-11-04T08:02:41","guid":{"rendered":"https:\/\/constantinianorder.com\/uniforme-militaire-de-lordre\/"},"modified":"2026-01-21T17:12:39","modified_gmt":"2026-01-21T17:12:39","slug":"uniforme-militaire-de-lordre","status":"publish","type":"page","link":"https:\/\/constantinianorder.com\/fr\/uniforme-militaire-de-lordre\/","title":{"rendered":"Uniforme Militaire de l\u2019Ordre"},"content":{"rendered":"\t\t<div data-elementor-type=\"wp-page\" data-elementor-id=\"95878\" class=\"elementor elementor-95878 elementor-95251\" data-elementor-post-type=\"page\">\n\t\t\t\t<div class=\"elementor-element elementor-element-bd21250 elementor-hidden-desktop elementor-hidden-tablet_extra elementor-hidden-tablet elementor-hidden-mobile e-flex e-con-boxed e-con e-parent\" data-id=\"bd21250\" data-element_type=\"container\">\n\t\t\t\t\t<div class=\"e-con-inner\">\n\t\t\t\t<div class=\"elementor-element elementor-element-631ae4dd elementor-widget elementor-widget-image\" data-id=\"631ae4dd\" data-element_type=\"widget\" data-widget_type=\"image.default\">\n\t\t\t\t\t\t\t\t\t\t\t\t\t\t\t<img fetchpriority=\"high\" decoding=\"async\" width=\"512\" height=\"512\" src=\"https:\/\/constantinianorder.com\/wp-content\/uploads\/2025\/10\/cropped-logo-costantiniano.webp\" class=\"attachment-full size-full wp-image-1065\" alt=\"sacro militare ordine costantiniano di san giorgio\" \/>\t\t\t\t\t\t\t\t\t\t\t\t\t\t\t<\/div>\n\t\t\t\t<div class=\"elementor-element elementor-element-3dc49b8e elementor-widget elementor-widget-heading\" data-id=\"3dc49b8e\" data-element_type=\"widget\" data-widget_type=\"heading.default\">\n\t\t\t\t\t<h1 class=\"elementor-heading-title elementor-size-default\">Uniforme Militaire du Chevalier de Grand Croix, avec Plaque d\u2019or<\/h1>\t\t\t\t<\/div>\n\t\t\t\t<div class=\"elementor-element elementor-element-2e74a70e elementor-widget elementor-widget-text-editor\" data-id=\"2e74a70e\" data-element_type=\"widget\" data-widget_type=\"text-editor.default\">\n\t\t\t\t\t\t\t\t\t<p data-start=\"275\" data-end=\"679\">L&rsquo;uniforme militaire du <strong data-start=\"299\" data-end=\"343\">Chevalier Grand-Croix avec \u00c9cusson d&rsquo;Or <\/strong>du Sacr\u00e9 Ordre Militaire Constantinien de Saint-Georges repr\u00e9sente l&rsquo;une des expressions les plus \u00e9lev\u00e9es et solennelles de l&rsquo;identit\u00e9 chevaleresque et de la tradition c\u00e9r\u00e9monielle de l&rsquo;Ordre. Chaque \u00e9l\u00e9ment qui la compose, des tissus pr\u00e9cieux aux broderies dor\u00e9es, refl\u00e8te des si\u00e8cles d\u2019histoire, d\u2019honneur et de service envers l\u2019\u00c9glise et les valeurs chr\u00e9tiennes.<\/p><ul><li><a href=\"https:\/\/constantinianorder.net\" target=\"_blank\" rel=\"noopener\">constantinianorder.net<\/a><\/li><li><a href=\"https:\/\/realcasadiborbone.it\/fr\/\" target=\"_blank\" rel=\"noopener\">Maison Royale de Bourbon des Deux Siciles<\/a><\/li><li><a href=\"https:\/\/constantinianorder.com\/fr\/contacts\/\">contacts<\/a><\/li><\/ul>\t\t\t\t\t\t\t\t<\/div>\n\t\t\t\t\t<\/div>\n\t\t\t\t<\/div>\n\t\t<div class=\"elementor-element elementor-element-483b40f e-flex e-con-boxed e-con e-parent\" data-id=\"483b40f\" data-element_type=\"container\">\n\t\t\t\t\t<div class=\"e-con-inner\">\n\t\t<div class=\"elementor-element elementor-element-46baf72 e-con-full e-flex e-con e-child\" data-id=\"46baf72\" data-element_type=\"container\">\n\t\t\t\t<div class=\"elementor-element elementor-element-5b6f9d1 elementor-widget elementor-widget-heading\" data-id=\"5b6f9d1\" data-element_type=\"widget\" data-widget_type=\"heading.default\">\n\t\t\t\t\t<h2 class=\"elementor-heading-title elementor-size-default\">Uniforme militaire<\/h2>\t\t\t\t<\/div>\n\t\t\t\t<div class=\"elementor-element elementor-element-bd4b41e elementor-widget elementor-widget-heading\" data-id=\"bd4b41e\" data-element_type=\"widget\" data-widget_type=\"heading.default\">\n\t\t\t\t\t<h3 class=\"elementor-heading-title elementor-size-default\">Baillis Chevaliers et Dames de la Grand-Croix de Justice<\/h3>\t\t\t\t<\/div>\n\t\t\t\t<div class=\"elementor-element elementor-element-1545c69 elementor-widget-tablet__width-inherit elementor-widget elementor-widget-image\" data-id=\"1545c69\" data-element_type=\"widget\" data-widget_type=\"image.default\">\n\t\t\t\t\t\t\t\t\t\t\t\t\t\t\t<img decoding=\"async\" width=\"457\" height=\"609\" src=\"https:\/\/constantinianorder.com\/wp-content\/uploads\/2025\/10\/Uniforme-Militare-da-Cavaliere-di-Gran-Croce-con-Placca-d-oro.webp\" class=\"attachment-full size-full wp-image-2668\" alt=\"\" \/>\t\t\t\t\t\t\t\t\t\t\t\t\t\t\t<\/div>\n\t\t\t\t<div class=\"elementor-element elementor-element-0e79398 elementor-widget elementor-widget-text-editor\" data-id=\"0e79398\" data-element_type=\"widget\" data-widget_type=\"text-editor.default\">\n\t\t\t\t\t\t\t\t\t<p>CHAPEAU : chapeau bicorne en feutre noir, orn\u00e9 de plumes d\u2019autruche noire, bord\u00e9e d\u2019une bande d\u2019or, 50 mm de large; cocarde en soie c\u00e9leste. 95 mm de diam\u00e8tre, orn\u00e9 de quatre cordons d\u2019or et ferm\u00e9 par un bouton en m\u00e9tal plaqu\u00e9s or, 21 mm de large, portant la Croix Constantinienne.<\/p><p>\u00a0<\/p><p>TUNIQUE: en drap de laine de couleur \u201cbleu roi\u201d, avec double boutonnage, avec deux rang\u00e9es de six boutons de m\u00e9tal dor\u00e9s, 21 mm de large, portant la Croix-Constantinienne, le col (50 mm de haut) et les poignets (120 mm de largeur) sont en tissu blanc avec des d\u00e9corations brod\u00e9es en fil d\u2019or avec feuilles de laurier en alternance avec des feuilles de ch\u00eane, encadr\u00e9es par une triple bordure en or \u00e9galement (45 mm et 75 mm respectivement). Sur les \u00e9paules, les passants en double galon d\u2019or sur le fond rouge pour la fixation des \u00e9paulettes. Sur les \u00e9paules, les passants en double galon d\u2019or sur le fond rouge pour la fixation des \u00e9paulettes.<\/p><p>\u00a0<\/p><p>PANTALONS : de tissu \u201cbleu de roi\u201d aux bandes lat\u00e9rales en galon dor\u00e9, 38 mm de large.<\/p><p>\u00a0<\/p><p>\u00c9PAULETTES : enti\u00e8rement brod\u00e9es de fils d\u2019or sur fond rouge, avec un bouton en m\u00e9tal dor\u00e9, 15 mm de large, comme les autres, ainsi que la croix Constantinienne 40 mm de large en or et en \u00e9mail couleur pourpre.<\/p><p>\u00a0<\/p><p>CEINTURE : 40 mm de large, avec une triple bande d\u2019or sur un fond de cuir et de soie rouge, une boucle en m\u00e9tal dor\u00e9, 50 mm de diam\u00e8tre, avec la croix Constantinienne au centre, entour\u00e9e d\u2019une couronne de laurier.<\/p><p>\u00a0<\/p><p>\u00c9P\u00c9E : en forme de Croix, en acier, \u00e0 lame platte, et une poign\u00e9e en nacre.<\/p><p>\u00a0<\/p><p>\u00c9TALONS : en m\u00e9tal dor\u00e9 avec des d\u00e9corations.<\/p><p>\u00a0<\/p><p>GANTS : blancs.<\/p>\t\t\t\t\t\t\t\t<\/div>\n\t\t\t\t<\/div>\n\t\t<div class=\"elementor-element elementor-element-2b9d8ec e-con-full e-flex e-con e-child\" data-id=\"2b9d8ec\" data-element_type=\"container\" data-settings=\"{&quot;background_background&quot;:&quot;classic&quot;}\">\n\t\t\t\t<div class=\"elementor-element elementor-element-d60e63c elementor-widget elementor-widget-heading\" data-id=\"d60e63c\" data-element_type=\"widget\" data-widget_type=\"heading.default\">\n\t\t\t\t\t<h2 class=\"elementor-heading-title elementor-size-default\">Manteau<\/h2>\t\t\t\t<\/div>\n\t\t\t\t<div class=\"elementor-element elementor-element-7b23833 elementor-widget-tablet__width-inherit elementor-widget elementor-widget-image\" data-id=\"7b23833\" data-element_type=\"widget\" data-widget_type=\"image.default\">\n\t\t\t\t\t\t\t\t\t\t\t\t\t\t\t<img decoding=\"async\" width=\"457\" height=\"609\" src=\"https:\/\/constantinianorder.com\/wp-content\/uploads\/2025\/10\/Mantello-Ordine-Costantiniano.webp\" class=\"attachment-full size-full wp-image-2664\" alt=\"\" \/>\t\t\t\t\t\t\t\t\t\t\t\t\t\t\t<\/div>\n\t\t\t\t<div class=\"elementor-element elementor-element-f8b1795 elementor-widget elementor-widget-text-editor\" data-id=\"f8b1795\" data-element_type=\"widget\" data-widget_type=\"text-editor.default\">\n\t\t\t\t\t\t\t\t\t<p>En feutre \u201cbleu de roi\u201d avec un col en velours couleur pourpre, 55 mm de haut, brod\u00e9 et bord\u00e9 de fil d\u2019or avec feuilles de laurier en alternance avec des fleurs de lys; le manteau est ferm\u00e9 par deux agrafes circulaires de 50 mm de diam\u00e8tre, en m\u00e9tal dor\u00e9, avec la Croix Constantinienne entour\u00e9e par une couronne de laurier, attach\u00e9es par une cha\u00eene d\u2019\u00e9pines, en m\u00e9tal dor\u00e9 \u00e9galement.<\/p><p>\u00a0<\/p><p>Sur l\u2019\u00e9paule gauche, une grande Croix Constantinienne de 25 cm, brod\u00e9e en fil d\u2019or sur le velours couleur pourpre.<\/p><p>\u00a0<\/p><p>Le manteau reproduit est r\u00e9serv\u00e9 \u00e0 tous les grades de la cat\u00e9gorie de Justice et de la Cat\u00e9gorie Sp\u00e9ciale.<\/p><p><img loading=\"lazy\" decoding=\"async\" class=\"aligncenter wp-image-100868\" src=\"https:\/\/constantinianorder.com\/wp-content\/uploads\/2026\/01\/colletto-mantello-cavaliere-di-giustizia-300x140.png\" alt=\"collier du Chevalier de la Justice\" width=\"200\" height=\"93\" srcset=\"https:\/\/constantinianorder.com\/wp-content\/uploads\/2026\/01\/colletto-mantello-cavaliere-di-giustizia-300x140.png 300w, https:\/\/constantinianorder.com\/wp-content\/uploads\/2026\/01\/colletto-mantello-cavaliere-di-giustizia.png 750w\" sizes=\"(max-width: 200px) 100vw, 200px\" \/><\/p><p>La Cat\u00e9gorie de Grace a le col du manteau garni en or, sans broderies.<\/p><p><img loading=\"lazy\" decoding=\"async\" class=\"aligncenter wp-image-100860\" src=\"https:\/\/constantinianorder.com\/wp-content\/uploads\/2026\/01\/colletto-mantello-cavaliere-di-grazia-300x140.png\" alt=\"collier cape chevalier de gr\u00e2ce\" width=\"214\" height=\"100\" srcset=\"https:\/\/constantinianorder.com\/wp-content\/uploads\/2026\/01\/colletto-mantello-cavaliere-di-grazia-300x140.png 300w, https:\/\/constantinianorder.com\/wp-content\/uploads\/2026\/01\/colletto-mantello-cavaliere-di-grazia.png 750w\" sizes=\"(max-width: 214px) 100vw, 214px\" \/><\/p><p>La Cat\u00e9gorie de M\u00e9rite a le col du manteau sans garniture ou broderie.<\/p><p><img loading=\"lazy\" decoding=\"async\" class=\"aligncenter wp-image-100864\" src=\"https:\/\/constantinianorder.com\/wp-content\/uploads\/2026\/01\/colletto-mantello-cavaliere-di-merito-300x140.webp\" alt=\"collier de l'Ordre du M\u00e9rite\" width=\"210\" height=\"98\" srcset=\"https:\/\/constantinianorder.com\/wp-content\/uploads\/2026\/01\/colletto-mantello-cavaliere-di-merito-300x140.webp 300w, https:\/\/constantinianorder.com\/wp-content\/uploads\/2026\/01\/colletto-mantello-cavaliere-di-merito.webp 750w\" sizes=\"(max-width: 210px) 100vw, 210px\" \/><\/p>\t\t\t\t\t\t\t\t<\/div>\n\t\t\t\t<\/div>\n\t\t\t\t\t<\/div>\n\t\t\t\t<\/div>\n\t\t\t\t<\/div>\n\t\t","protected":false},"excerpt":{"rendered":"<p>Uniforme Militaire du Chevalier de Grand Croix, avec Plaque d\u2019or L&rsquo;uniforme militaire du Chevalier Grand-Croix avec \u00c9cusson d&rsquo;Or du Sacr\u00e9 Ordre Militaire Constantinien de Saint-Georges repr\u00e9sente l&rsquo;une des expressions les plus \u00e9lev\u00e9es et solennelles de l&rsquo;identit\u00e9 chevaleresque et de la tradition c\u00e9r\u00e9monielle de l&rsquo;Ordre. Chaque \u00e9l\u00e9ment qui la compose, des tissus pr\u00e9cieux aux broderies dor\u00e9es, [&hellip;]<\/p>\n","protected":false},"author":2,"featured_media":0,"parent":0,"menu_order":0,"comment_status":"closed","ping_status":"closed","template":"","meta":{"footnotes":""},"class_list":["post-95878","page","type-page","status-publish","hentry"],"yoast_head":"<!-- This site is optimized with the Yoast SEO plugin v26.5 - https:\/\/yoast.com\/wordpress\/plugins\/seo\/ -->\n<title>Uniforme Militaire de l\u2019Ordre - Sacro Militare Ordine Costantiniano di San Giorgio<\/title>\n<meta name=\"description\" content=\"Description d\u00e9taill\u00e9e de l&#039;uniforme d&#039;un chevalier grand-croix \u00e0 plaque d&#039;or de l&#039;ordre constantinien : symboles, broderies et d\u00e9corations.\" \/>\n<meta name=\"robots\" content=\"index, follow, max-snippet:-1, max-image-preview:large, max-video-preview:-1\" \/>\n<link rel=\"canonical\" href=\"https:\/\/constantinianorder.com\/uniforme-militare-ordine-costantiniano\/\" \/>\n<meta property=\"og:locale\" content=\"fr_FR\" \/>\n<meta property=\"og:type\" content=\"article\" \/>\n<meta property=\"og:title\" content=\"Uniforme Militaire de l\u2019Ordre - Sacro Militare Ordine Costantiniano di San Giorgio\" \/>\n<meta property=\"og:description\" content=\"Description d\u00e9taill\u00e9e de l&#039;uniforme d&#039;un chevalier grand-croix \u00e0 plaque d&#039;or de l&#039;ordre constantinien : symboles, broderies et d\u00e9corations.\" \/>\n<meta property=\"og:url\" content=\"https:\/\/constantinianorder.com\/uniforme-militare-ordine-costantiniano\/\" \/>\n<meta property=\"og:site_name\" content=\"Sacro Militare Ordine Costantiniano di San Giorgio\" \/>\n<meta property=\"article:publisher\" content=\"https:\/\/www.facebook.com\/constantinianorder\" \/>\n<meta property=\"article:modified_time\" content=\"2026-01-21T17:12:39+00:00\" \/>\n<meta property=\"og:image\" content=\"https:\/\/constantinianorder.com\/wp-content\/uploads\/2025\/10\/cropped-logo-costantiniano.webp\" \/>\n\t<meta property=\"og:image:width\" content=\"512\" \/>\n\t<meta property=\"og:image:height\" content=\"512\" \/>\n\t<meta property=\"og:image:type\" content=\"image\/webp\" \/>\n<meta name=\"twitter:card\" content=\"summary_large_image\" \/>\n<meta name=\"twitter:label1\" content=\"Dur\u00e9e de lecture estim\u00e9e\" \/>\n\t<meta name=\"twitter:data1\" content=\"4 minutes\" \/>\n<script type=\"application\/ld+json\" class=\"yoast-schema-graph\">{\"@context\":\"https:\/\/schema.org\",\"@graph\":[{\"@type\":\"WebPage\",\"@id\":\"https:\/\/constantinianorder.com\/uniforme-militare-ordine-costantiniano\/\",\"url\":\"https:\/\/constantinianorder.com\/uniforme-militare-ordine-costantiniano\/\",\"name\":\"Uniforme Militaire de l\u2019Ordre - Sacro Militare Ordine Costantiniano di San Giorgio\",\"isPartOf\":{\"@id\":\"https:\/\/constantinianorder.com\/#website\"},\"primaryImageOfPage\":{\"@id\":\"https:\/\/constantinianorder.com\/uniforme-militare-ordine-costantiniano\/#primaryimage\"},\"image\":{\"@id\":\"https:\/\/constantinianorder.com\/uniforme-militare-ordine-costantiniano\/#primaryimage\"},\"thumbnailUrl\":\"https:\/\/constantinianorder.com\/wp-content\/uploads\/2025\/10\/cropped-logo-costantiniano.webp\",\"datePublished\":\"2025-11-04T08:02:41+00:00\",\"dateModified\":\"2026-01-21T17:12:39+00:00\",\"description\":\"Description d\u00e9taill\u00e9e de l'uniforme d'un chevalier grand-croix \u00e0 plaque d'or de l'ordre constantinien : symboles, broderies et d\u00e9corations.\",\"breadcrumb\":{\"@id\":\"https:\/\/constantinianorder.com\/uniforme-militare-ordine-costantiniano\/#breadcrumb\"},\"inLanguage\":\"fr-FR\",\"potentialAction\":[{\"@type\":\"ReadAction\",\"target\":[\"https:\/\/constantinianorder.com\/uniforme-militare-ordine-costantiniano\/\"]}]},{\"@type\":\"ImageObject\",\"inLanguage\":\"fr-FR\",\"@id\":\"https:\/\/constantinianorder.com\/uniforme-militare-ordine-costantiniano\/#primaryimage\",\"url\":\"https:\/\/constantinianorder.com\/wp-content\/uploads\/2025\/10\/cropped-logo-costantiniano.webp\",\"contentUrl\":\"https:\/\/constantinianorder.com\/wp-content\/uploads\/2025\/10\/cropped-logo-costantiniano.webp\"},{\"@type\":\"BreadcrumbList\",\"@id\":\"https:\/\/constantinianorder.com\/uniforme-militare-ordine-costantiniano\/#breadcrumb\",\"itemListElement\":[{\"@type\":\"ListItem\",\"position\":1,\"name\":\"Home\",\"item\":\"https:\/\/constantinianorder.com\/en\/\"},{\"@type\":\"ListItem\",\"position\":2,\"name\":\"Uniforme Militaire de l\u2019Ordre\"}]},{\"@type\":\"WebSite\",\"@id\":\"https:\/\/constantinianorder.com\/#website\",\"url\":\"https:\/\/constantinianorder.com\/\",\"name\":\"Sacro Militare Ordine Costantiniano di San Giorgio\",\"description\":\"Ordine Ufficiale\",\"publisher\":{\"@id\":\"https:\/\/constantinianorder.com\/#organization\"},\"potentialAction\":[{\"@type\":\"SearchAction\",\"target\":{\"@type\":\"EntryPoint\",\"urlTemplate\":\"https:\/\/constantinianorder.com\/?s={search_term_string}\"},\"query-input\":{\"@type\":\"PropertyValueSpecification\",\"valueRequired\":true,\"valueName\":\"search_term_string\"}}],\"inLanguage\":\"fr-FR\"},{\"@type\":\"Organization\",\"@id\":\"https:\/\/constantinianorder.com\/#organization\",\"name\":\"Sacro Militare Ordine Costantiniano di San Giorgio\",\"url\":\"https:\/\/constantinianorder.com\/\",\"logo\":{\"@type\":\"ImageObject\",\"inLanguage\":\"fr-FR\",\"@id\":\"https:\/\/constantinianorder.com\/#\/schema\/logo\/image\/\",\"url\":\"https:\/\/constantinianorder.com\/wp-content\/uploads\/2025\/10\/cropped-logo-costantiniano.png\",\"contentUrl\":\"https:\/\/constantinianorder.com\/wp-content\/uploads\/2025\/10\/cropped-logo-costantiniano.png\",\"width\":512,\"height\":512,\"caption\":\"Sacro Militare Ordine Costantiniano di San Giorgio\"},\"image\":{\"@id\":\"https:\/\/constantinianorder.com\/#\/schema\/logo\/image\/\"},\"sameAs\":[\"https:\/\/www.facebook.com\/constantinianorder\",\"https:\/\/www.instagram.com\/constantinianorder\/\",\"https:\/\/www.youtube.com\/@granmagisterodelsacromilit9375\"]}]}<\/script>\n<!-- \/ Yoast SEO plugin. -->","yoast_head_json":{"title":"Uniforme Militaire de l\u2019Ordre - Sacro Militare Ordine Costantiniano di San Giorgio","description":"Description d\u00e9taill\u00e9e de l'uniforme d'un chevalier grand-croix \u00e0 plaque d'or de l'ordre constantinien : symboles, broderies et d\u00e9corations.","robots":{"index":"index","follow":"follow","max-snippet":"max-snippet:-1","max-image-preview":"max-image-preview:large","max-video-preview":"max-video-preview:-1"},"canonical":"https:\/\/constantinianorder.com\/uniforme-militare-ordine-costantiniano\/","og_locale":"fr_FR","og_type":"article","og_title":"Uniforme Militaire de l\u2019Ordre - Sacro Militare Ordine Costantiniano di San Giorgio","og_description":"Description d\u00e9taill\u00e9e de l'uniforme d'un chevalier grand-croix \u00e0 plaque d'or de l'ordre constantinien : symboles, broderies et d\u00e9corations.","og_url":"https:\/\/constantinianorder.com\/uniforme-militare-ordine-costantiniano\/","og_site_name":"Sacro Militare Ordine Costantiniano di San Giorgio","article_publisher":"https:\/\/www.facebook.com\/constantinianorder","article_modified_time":"2026-01-21T17:12:39+00:00","og_image":[{"width":512,"height":512,"url":"https:\/\/constantinianorder.com\/wp-content\/uploads\/2025\/10\/cropped-logo-costantiniano.webp","type":"image\/webp"}],"twitter_card":"summary_large_image","twitter_misc":{"Dur\u00e9e de lecture estim\u00e9e":"4 minutes"},"schema":{"@context":"https:\/\/schema.org","@graph":[{"@type":"WebPage","@id":"https:\/\/constantinianorder.com\/uniforme-militare-ordine-costantiniano\/","url":"https:\/\/constantinianorder.com\/uniforme-militare-ordine-costantiniano\/","name":"Uniforme Militaire de l\u2019Ordre - Sacro Militare Ordine Costantiniano di San Giorgio","isPartOf":{"@id":"https:\/\/constantinianorder.com\/#website"},"primaryImageOfPage":{"@id":"https:\/\/constantinianorder.com\/uniforme-militare-ordine-costantiniano\/#primaryimage"},"image":{"@id":"https:\/\/constantinianorder.com\/uniforme-militare-ordine-costantiniano\/#primaryimage"},"thumbnailUrl":"https:\/\/constantinianorder.com\/wp-content\/uploads\/2025\/10\/cropped-logo-costantiniano.webp","datePublished":"2025-11-04T08:02:41+00:00","dateModified":"2026-01-21T17:12:39+00:00","description":"Description d\u00e9taill\u00e9e de l'uniforme d'un chevalier grand-croix \u00e0 plaque d'or de l'ordre constantinien : symboles, broderies et d\u00e9corations.","breadcrumb":{"@id":"https:\/\/constantinianorder.com\/uniforme-militare-ordine-costantiniano\/#breadcrumb"},"inLanguage":"fr-FR","potentialAction":[{"@type":"ReadAction","target":["https:\/\/constantinianorder.com\/uniforme-militare-ordine-costantiniano\/"]}]},{"@type":"ImageObject","inLanguage":"fr-FR","@id":"https:\/\/constantinianorder.com\/uniforme-militare-ordine-costantiniano\/#primaryimage","url":"https:\/\/constantinianorder.com\/wp-content\/uploads\/2025\/10\/cropped-logo-costantiniano.webp","contentUrl":"https:\/\/constantinianorder.com\/wp-content\/uploads\/2025\/10\/cropped-logo-costantiniano.webp"},{"@type":"BreadcrumbList","@id":"https:\/\/constantinianorder.com\/uniforme-militare-ordine-costantiniano\/#breadcrumb","itemListElement":[{"@type":"ListItem","position":1,"name":"Home","item":"https:\/\/constantinianorder.com\/en\/"},{"@type":"ListItem","position":2,"name":"Uniforme Militaire de l\u2019Ordre"}]},{"@type":"WebSite","@id":"https:\/\/constantinianorder.com\/#website","url":"https:\/\/constantinianorder.com\/","name":"Sacro Militare Ordine Costantiniano di San Giorgio","description":"Ordine Ufficiale","publisher":{"@id":"https:\/\/constantinianorder.com\/#organization"},"potentialAction":[{"@type":"SearchAction","target":{"@type":"EntryPoint","urlTemplate":"https:\/\/constantinianorder.com\/?s={search_term_string}"},"query-input":{"@type":"PropertyValueSpecification","valueRequired":true,"valueName":"search_term_string"}}],"inLanguage":"fr-FR"},{"@type":"Organization","@id":"https:\/\/constantinianorder.com\/#organization","name":"Sacro Militare Ordine Costantiniano di San Giorgio","url":"https:\/\/constantinianorder.com\/","logo":{"@type":"ImageObject","inLanguage":"fr-FR","@id":"https:\/\/constantinianorder.com\/#\/schema\/logo\/image\/","url":"https:\/\/constantinianorder.com\/wp-content\/uploads\/2025\/10\/cropped-logo-costantiniano.png","contentUrl":"https:\/\/constantinianorder.com\/wp-content\/uploads\/2025\/10\/cropped-logo-costantiniano.png","width":512,"height":512,"caption":"Sacro Militare Ordine Costantiniano di San Giorgio"},"image":{"@id":"https:\/\/constantinianorder.com\/#\/schema\/logo\/image\/"},"sameAs":["https:\/\/www.facebook.com\/constantinianorder","https:\/\/www.instagram.com\/constantinianorder\/","https:\/\/www.youtube.com\/@granmagisterodelsacromilit9375"]}]}},"_links":{"self":[{"href":"https:\/\/constantinianorder.com\/fr\/wp-json\/wp\/v2\/pages\/95878","targetHints":{"allow":["GET"]}}],"collection":[{"href":"https:\/\/constantinianorder.com\/fr\/wp-json\/wp\/v2\/pages"}],"about":[{"href":"https:\/\/constantinianorder.com\/fr\/wp-json\/wp\/v2\/types\/page"}],"author":[{"embeddable":true,"href":"https:\/\/constantinianorder.com\/fr\/wp-json\/wp\/v2\/users\/2"}],"replies":[{"embeddable":true,"href":"https:\/\/constantinianorder.com\/fr\/wp-json\/wp\/v2\/comments?post=95878"}],"version-history":[{"count":14,"href":"https:\/\/constantinianorder.com\/fr\/wp-json\/wp\/v2\/pages\/95878\/revisions"}],"predecessor-version":[{"id":100893,"href":"https:\/\/constantinianorder.com\/fr\/wp-json\/wp\/v2\/pages\/95878\/revisions\/100893"}],"wp:attachment":[{"href":"https:\/\/constantinianorder.com\/fr\/wp-json\/wp\/v2\/media?parent=95878"}],"curies":[{"name":"wp","href":"https:\/\/api.w.org\/{rel}","templated":true}]}}