{"id":95872,"date":"2025-10-10T14:30:49","date_gmt":"2025-10-10T14:30:49","guid":{"rendered":"https:\/\/constantinianorder.com\/lordre-constantinien-et-litalie\/"},"modified":"2025-12-08T11:57:49","modified_gmt":"2025-12-08T11:57:49","slug":"lordre-constantinien-et-litalie","status":"publish","type":"page","link":"https:\/\/constantinianorder.com\/fr\/lordre-constantinien-et-litalie\/","title":{"rendered":"L\u2019Ordre Constantinien et l\u2019Italie"},"content":{"rendered":"\t\t<div data-elementor-type=\"wp-page\" data-elementor-id=\"95872\" class=\"elementor elementor-95872 elementor-2083\" data-elementor-post-type=\"page\">\n\t\t\t\t<div class=\"elementor-element elementor-element-6da891ed elementor-hidden-desktop elementor-hidden-tablet_extra elementor-hidden-tablet elementor-hidden-mobile e-flex e-con-boxed e-con e-parent\" data-id=\"6da891ed\" data-element_type=\"container\">\n\t\t\t\t\t<div class=\"e-con-inner\">\n\t\t\t\t<div class=\"elementor-element elementor-element-f341ab3 elementor-widget elementor-widget-image\" data-id=\"f341ab3\" data-element_type=\"widget\" data-widget_type=\"image.default\">\n\t\t\t\t\t\t\t\t\t\t\t\t\t\t\t<img fetchpriority=\"high\" decoding=\"async\" width=\"512\" height=\"512\" src=\"https:\/\/constantinianorder.com\/wp-content\/uploads\/2025\/10\/cropped-logo-costantiniano.webp\" class=\"attachment-full size-full wp-image-1065\" alt=\"sacro militare ordine costantiniano di san giorgio\" \/>\t\t\t\t\t\t\t\t\t\t\t\t\t\t\t<\/div>\n\t\t\t\t<div class=\"elementor-element elementor-element-63099284 elementor-widget elementor-widget-heading\" data-id=\"63099284\" data-element_type=\"widget\" data-widget_type=\"heading.default\">\n\t\t\t\t\t<h1 class=\"elementor-heading-title elementor-size-default\">L\u2019Ordre Constantinien et l\u2019Italie<\/h1>\t\t\t\t<\/div>\n\t\t\t\t<div class=\"elementor-element elementor-element-2149f16a elementor-widget elementor-widget-text-editor\" data-id=\"2149f16a\" data-element_type=\"widget\" data-widget_type=\"text-editor.default\">\n\t\t\t\t\t\t\t\t\t<p>L&rsquo;Ordre Constantinien et l&rsquo;\u00c9tat italien, ordre chevaleresque catholique aux origines anciennes, aujourd&rsquo;hui plac\u00e9 sous le Grand Magist\u00e8re de la Maison royale de Bourbon des Deux-Siciles, qui promeut la foi, la charit\u00e9 et l&rsquo;engagement social inspir\u00e9s par les valeurs chr\u00e9tiennes.<\/p><ul><li><a href=\"https:\/\/constantinianorder.net\" target=\"_blank\" rel=\"noopener\">constantinianorder.net<\/a><\/li><li><a href=\"https:\/\/realcasadiborbone.it\/fr\/\" target=\"_blank\" rel=\"noopener\">Maison Royale de Bourbon des Deux Siciles<\/a><\/li><li><a href=\"https:\/\/constantinianorder.com\/fr\/contacts\/\">contacts<\/a><\/li><\/ul>\t\t\t\t\t\t\t\t<\/div>\n\t\t\t\t\t<\/div>\n\t\t\t\t<\/div>\n\t\t<div class=\"elementor-element elementor-element-66b3f0b e-flex e-con-boxed e-con e-parent\" data-id=\"66b3f0b\" data-element_type=\"container\">\n\t\t\t\t\t<div class=\"e-con-inner\">\n\t\t<div class=\"elementor-element elementor-element-cdda698 e-con-full e-flex e-con e-child\" data-id=\"cdda698\" data-element_type=\"container\">\n\t\t\t\t<div class=\"elementor-element elementor-element-cbf26fa elementor-widget elementor-widget-heading\" data-id=\"cbf26fa\" data-element_type=\"widget\" data-widget_type=\"heading.default\">\n\t\t\t\t\t<h2 class=\"elementor-heading-title elementor-size-default\">L\u2019Ordre Constantinien et l\u2019Italie<\/h2>\t\t\t\t<\/div>\n\t\t\t\t<div class=\"elementor-element elementor-element-1d7e00e elementor-widget elementor-widget-text-editor\" data-id=\"1d7e00e\" data-element_type=\"widget\" data-widget_type=\"text-editor.default\">\n\t\t\t\t\t\t\t\t\t<p>En 1860, le Royaume de Sardaigne occupait militairement le Royaume des Deux-Siciles, qui fut annex\u00e9 au nouveau Royaume d\u2019Italie. Les biens mat\u00e9riels de l\u2019Ordre Constantinien (outre les biens mat\u00e9riels da la famille Bourbon des Deux-Siciles) furent confisqu\u00e9s par le nouvel \u00c9tat. Toutefois , en date du 27 septembre 1861, sur demande du Ministre de l\u2019Int\u00e9rieur, le Conseil d\u2019\u00c9tat statua que l\u2019annexion des domaines des biens de l\u2019Ordre \u00e0 l\u2019\u00e9tat italien ne signifiait aucunement la suppression de l\u2019Ordre m\u00eame.<\/p><p>\u00a0<\/p><p>Cette d\u00e9cision fut valid\u00e9e par deux sentences bien connues (11 juillet 1871) de la Cour Supr\u00eame de Cassation, o\u00f9 il \u00e9tait d\u00e9clar\u00e9: \u201cl\u2019Ordre Constantinien, Cette d\u00e9cision fut valid\u00e9e par deux sentences bien connues (11 juillet 1871) de la Cour Supr\u00eame de Cassation, o\u00f9 il \u00e9tait d\u00e9clar\u00e9: \u201c l\u2019Ordre Constantinien n\u2019\u00e9tant pas aboli, le d\u00e9cret dictatorial de Garibaldi du 12 f\u00e9vrier 1860, faisait entrer dans les Domaines de l\u2019\u00c9tat les biens mat\u00e9riels de l\u2019Ordre; il avait \u00e9t\u00e9 seulement \u00e9tabli que les biens de l\u2019Ordre Constantinien, soient administr\u00e9s et d\u00e9j\u00e0 d\u00e9pendants du Minist\u00e8re de la Pr\u00e9sidence des Ministres du Royaume des Deux-Siciles, et soient d\u00e9clar\u00e9s biens nationaux\u201d.<\/p><p>\u00a0<\/p><p>Cependant l\u2019Ordre Sacr\u00e9 et Militaire Constantinien a continu\u00e9 \u00e0 exister (et existe) en pleine l\u00e9gitimit\u00e9, dans l\u2019\u00c9tat Italien, car, comme expliqu\u00e9 par l\u2019autorit\u00e9 de Ettore Gallo, celui-ci \u00abest une institution de chevalerie, non \u00e9tatique, mais dynastique et familiale, enti\u00e8rement \u00e9trang\u00e8re \u00e0 la l\u00e9gislation Italienne, par rapport \u00e0 son origine et \u00e0 son \u00e9volution historique, mais qui, \u00e0 bon droit, a constamment obtenu la reconnaissance de l\u2019institution canonique et qui doit \u00eatre qualifi\u00e9 comme \u00e9tant \u201cnon \u2013 nationale\u201d.<\/p><p>\u00a0<\/p><p>La loi n\u00b0178 de 1951, autorise les citoyens Italiens titr\u00e9s des honneurs constantiniens \u00e0 s\u2019en parer, comme fermement reconnu par le Conseil d\u2019\u00c9tat Italien dans la bien connue d\u00e9cision n\u00b0 1869\/81. De plus, la loi n\u00b0178 de 1951, autorise les citoyens Italiens titr\u00e9s des honneurs constantiniens \u00e0 les arborer, sur le territoire de la R\u00e9publique, par D\u00e9cret Pr\u00e9sidentiel ou du Minist\u00e8re des Affaires Etrang\u00e8res.<\/p><p>\u00a0<\/p><p>Par D\u00e9cret du Pr\u00e9sident de la R\u00e9publique, en 1973, l\u2019Association Nationale Italienne des Chevaliers de l\u2019Ordre Sacr\u00e9 et Militaire Constantinien de Saint Georges s\u2019est \u00e9rig\u00e9e en Personne morale.<\/p>\t\t\t\t\t\t\t\t<\/div>\n\t\t\t\t<\/div>\n\t\t<div class=\"elementor-element elementor-element-e6ffe5b e-con-full e-flex e-con e-child\" data-id=\"e6ffe5b\" data-element_type=\"container\" data-settings=\"{&quot;background_background&quot;:&quot;classic&quot;}\">\n\t\t<div class=\"elementor-element elementor-element-3f1c3b0 e-grid e-con-full e-con e-child\" data-id=\"3f1c3b0\" data-element_type=\"container\">\n\t\t\t\t<div class=\"elementor-element elementor-element-71bdbc7 elementor-widget elementor-widget-image\" data-id=\"71bdbc7\" data-element_type=\"widget\" data-widget_type=\"image.default\">\n\t\t\t\t\t\t\t\t\t\t\t\t\t\t\t<img decoding=\"async\" width=\"300\" height=\"300\" src=\"https:\/\/constantinianorder.com\/wp-content\/uploads\/2025\/10\/Stemma-del-Sacro-Militare-Ordine-Costantiniano-di-San-giorgio.webp\" class=\"attachment-full size-full wp-image-2099\" alt=\"Stemma del Sacro Militare Ordine Costantiniano di San Giorgio\" \/>\t\t\t\t\t\t\t\t\t\t\t\t\t\t\t<\/div>\n\t\t\t\t<div class=\"elementor-element elementor-element-cf4797a elementor-widget elementor-widget-image\" data-id=\"cf4797a\" data-element_type=\"widget\" data-widget_type=\"image.default\">\n\t\t\t\t\t\t\t\t\t\t\t\t\t\t\t<img decoding=\"async\" width=\"300\" height=\"300\" src=\"https:\/\/constantinianorder.com\/wp-content\/uploads\/2025\/10\/Sacro-Militare-Ordine-Costantiniano-e-Stato-Italiano.webp\" class=\"attachment-large size-large wp-image-2087\" alt=\"Emblema delle Repubblica Italiana\" \/>\t\t\t\t\t\t\t\t\t\t\t\t\t\t\t<\/div>\n\t\t\t\t<\/div>\n\t\t<div class=\"elementor-element elementor-element-3fc8022 e-grid e-con-full e-con e-child\" data-id=\"3fc8022\" data-element_type=\"container\">\n\t\t\t\t<div class=\"elementor-element elementor-element-45d7e20 elementor-widget elementor-widget-heading\" data-id=\"45d7e20\" data-element_type=\"widget\" data-widget_type=\"heading.default\">\n\t\t\t\t\t<h2 class=\"elementor-heading-title elementor-size-default\">Reconnaissances institutionnelles<\/h2>\t\t\t\t<\/div>\n\t\t\t\t<div class=\"elementor-element elementor-element-bdeced5 elementor-position-left elementor-position-top elementor-vertical-align-middle elementor-position-left elementor-widget elementor-widget-image-box\" data-id=\"bdeced5\" data-element_type=\"widget\" data-widget_type=\"image-box.default\">\n\t\t\t\t\t<div class=\"elementor-image-box-wrapper\"><figure class=\"elementor-image-box-img\"><a href=\"https:\/\/constantinianorder.com\/fr\/lordre-constantinien-et-litalie\/\" tabindex=\"-1\"><img loading=\"lazy\" decoding=\"async\" width=\"300\" height=\"300\" src=\"https:\/\/constantinianorder.com\/wp-content\/uploads\/2025\/10\/Sacro-Militare-Ordine-Costantiniano-e-Stato-Italiano.webp\" class=\"attachment-full size-full wp-image-2087\" alt=\"Emblema delle Repubblica Italiana\" \/><\/a><\/figure><div class=\"elementor-image-box-content\"><p class=\"elementor-image-box-description\">L\u2019Ordre Constantinien et l\u2019Italie<\/p><\/div><\/div>\t\t\t\t<\/div>\n\t\t\t\t<div class=\"elementor-element elementor-element-5608f36 elementor-position-left elementor-position-top elementor-vertical-align-middle elementor-position-left elementor-widget elementor-widget-image-box\" data-id=\"5608f36\" data-element_type=\"widget\" data-widget_type=\"image-box.default\">\n\t\t\t\t\t<div class=\"elementor-image-box-wrapper\"><figure class=\"elementor-image-box-img\"><a href=\"https:\/\/constantinianorder.com\/fr\/lordine-costalordre-constantinien-et-le-saint-siege\/\" tabindex=\"-1\"><img loading=\"lazy\" decoding=\"async\" width=\"300\" height=\"300\" src=\"https:\/\/constantinianorder.com\/wp-content\/uploads\/2025\/10\/Emblema-della-Santa-Sede.webp\" class=\"attachment-full size-full wp-image-2157\" alt=\"Emblema della Santa Sede\" \/><\/a><\/figure><div class=\"elementor-image-box-content\"><p class=\"elementor-image-box-description\">L\u2019Ordre Constantinien et le Saint-Si\u00e8ge<\/p><\/div><\/div>\t\t\t\t<\/div>\n\t\t\t\t<div class=\"elementor-element elementor-element-6f31541 elementor-position-left elementor-position-top elementor-vertical-align-middle elementor-widget elementor-widget-image-box\" data-id=\"6f31541\" data-element_type=\"widget\" data-widget_type=\"image-box.default\">\n\t\t\t\t\t<div class=\"elementor-image-box-wrapper\"><figure class=\"elementor-image-box-img\"><a href=\"https:\/\/constantinianorder.com\/fr\/lordre-constantinien-et-lordre-souverain-militaire-de-malte\/\" tabindex=\"-1\"><img loading=\"lazy\" decoding=\"async\" width=\"300\" height=\"300\" src=\"https:\/\/constantinianorder.com\/wp-content\/uploads\/2025\/10\/Sovrano-Militare-Ordine-di-Malta.webp\" class=\"attachment-full size-full wp-image-2221\" alt=\"Sovrano Militare Ordine di Malta\" \/><\/a><\/figure><div class=\"elementor-image-box-content\"><p class=\"elementor-image-box-description\">L\u2019Ordre Constantinien et l\u2019Ordre Souverain Militaire de Malte<\/p><\/div><\/div>\t\t\t\t<\/div>\n\t\t\t\t<div class=\"elementor-element elementor-element-228ebd4 elementor-position-left elementor-position-top elementor-vertical-align-middle elementor-position-left elementor-widget elementor-widget-image-box\" data-id=\"228ebd4\" data-element_type=\"widget\" data-widget_type=\"image-box.default\">\n\t\t\t\t\t<div class=\"elementor-image-box-wrapper\"><figure class=\"elementor-image-box-img\"><a href=\"https:\/\/constantinianorder.com\/fr\/la-orden-constantiniana-y-las-naciones-unidas\/\" tabindex=\"-1\"><img loading=\"lazy\" decoding=\"async\" width=\"300\" height=\"300\" src=\"https:\/\/constantinianorder.com\/wp-content\/uploads\/2025\/10\/Emblema-delle-Nazioni-Unite.webp\" class=\"attachment-full size-full wp-image-2234\" alt=\"Emblema delle Nazioni Unite\" \/><\/a><\/figure><div class=\"elementor-image-box-content\"><p class=\"elementor-image-box-description\">L\u2019Ordre Constantinien et les Nations Unies<\/p><\/div><\/div>\t\t\t\t<\/div>\n\t\t\t\t<\/div>\n\t\t\t\t<\/div>\n\t\t\t\t\t<\/div>\n\t\t\t\t<\/div>\n\t\t\t\t<\/div>\n\t\t","protected":false},"excerpt":{"rendered":"<p>L\u2019Ordre Constantinien et l\u2019Italie L&rsquo;Ordre Constantinien et l&rsquo;\u00c9tat italien, ordre chevaleresque catholique aux origines anciennes, aujourd&rsquo;hui plac\u00e9 sous le Grand Magist\u00e8re de la Maison royale de Bourbon des Deux-Siciles, qui promeut la foi, la charit\u00e9 et l&rsquo;engagement social inspir\u00e9s par les valeurs chr\u00e9tiennes. constantinianorder.net Maison Royale de Bourbon des Deux Siciles contacts L\u2019Ordre Constantinien et [&hellip;]<\/p>\n","protected":false},"author":2,"featured_media":0,"parent":0,"menu_order":0,"comment_status":"closed","ping_status":"closed","template":"elementor_header_footer","meta":{"footnotes":""},"class_list":["post-95872","page","type-page","status-publish","hentry"],"yoast_head":"<!-- This site is optimized with the Yoast SEO plugin v26.5 - https:\/\/yoast.com\/wordpress\/plugins\/seo\/ -->\n<title>L\u2019Ordre Constantinien et l\u2019Italie - Sacro Militare Ordine Costantiniano di San Giorgio<\/title>\n<meta name=\"description\" content=\"Ordre Constantinien et \u00c9tat italien. Identit\u00e9, histoire et organisation moderne de l&#039;Ordre Sacr\u00e9 et Militaire Constantinien de Saint-Georges\" \/>\n<meta name=\"robots\" content=\"index, follow, max-snippet:-1, max-image-preview:large, max-video-preview:-1\" \/>\n<link rel=\"canonical\" href=\"https:\/\/constantinianorder.com\/l-ordine-costantiniano-e-lo-stato-italiano\/\" \/>\n<meta property=\"og:locale\" content=\"fr_FR\" \/>\n<meta property=\"og:type\" content=\"article\" \/>\n<meta property=\"og:title\" content=\"L\u2019Ordre Constantinien et l\u2019Italie - Sacro Militare Ordine Costantiniano di San Giorgio\" \/>\n<meta property=\"og:description\" content=\"Ordre Constantinien et \u00c9tat italien. Identit\u00e9, histoire et organisation moderne de l&#039;Ordre Sacr\u00e9 et Militaire Constantinien de Saint-Georges\" \/>\n<meta property=\"og:url\" content=\"https:\/\/constantinianorder.com\/l-ordine-costantiniano-e-lo-stato-italiano\/\" \/>\n<meta property=\"og:site_name\" content=\"Sacro Militare Ordine Costantiniano di San Giorgio\" \/>\n<meta property=\"article:publisher\" content=\"https:\/\/www.facebook.com\/constantinianorder\" \/>\n<meta property=\"article:modified_time\" content=\"2025-12-08T11:57:49+00:00\" \/>\n<meta property=\"og:image\" content=\"https:\/\/constantinianorder.com\/wp-content\/uploads\/2025\/10\/cropped-logo-costantiniano.webp\" \/>\n\t<meta property=\"og:image:width\" content=\"512\" \/>\n\t<meta property=\"og:image:height\" content=\"512\" \/>\n\t<meta property=\"og:image:type\" content=\"image\/webp\" \/>\n<meta name=\"twitter:card\" content=\"summary_large_image\" \/>\n<meta name=\"twitter:label1\" content=\"Dur\u00e9e de lecture estim\u00e9e\" \/>\n\t<meta name=\"twitter:data1\" content=\"4 minutes\" \/>\n<script type=\"application\/ld+json\" class=\"yoast-schema-graph\">{\"@context\":\"https:\/\/schema.org\",\"@graph\":[{\"@type\":\"WebPage\",\"@id\":\"https:\/\/constantinianorder.com\/l-ordine-costantiniano-e-lo-stato-italiano\/\",\"url\":\"https:\/\/constantinianorder.com\/l-ordine-costantiniano-e-lo-stato-italiano\/\",\"name\":\"L\u2019Ordre Constantinien et l\u2019Italie - Sacro Militare Ordine Costantiniano di San Giorgio\",\"isPartOf\":{\"@id\":\"https:\/\/constantinianorder.com\/#website\"},\"primaryImageOfPage\":{\"@id\":\"https:\/\/constantinianorder.com\/l-ordine-costantiniano-e-lo-stato-italiano\/#primaryimage\"},\"image\":{\"@id\":\"https:\/\/constantinianorder.com\/l-ordine-costantiniano-e-lo-stato-italiano\/#primaryimage\"},\"thumbnailUrl\":\"https:\/\/constantinianorder.com\/wp-content\/uploads\/2025\/10\/cropped-logo-costantiniano.webp\",\"datePublished\":\"2025-10-10T14:30:49+00:00\",\"dateModified\":\"2025-12-08T11:57:49+00:00\",\"description\":\"Ordre Constantinien et \u00c9tat italien. Identit\u00e9, histoire et organisation moderne de l'Ordre Sacr\u00e9 et Militaire Constantinien de Saint-Georges\",\"breadcrumb\":{\"@id\":\"https:\/\/constantinianorder.com\/l-ordine-costantiniano-e-lo-stato-italiano\/#breadcrumb\"},\"inLanguage\":\"fr-FR\",\"potentialAction\":[{\"@type\":\"ReadAction\",\"target\":[\"https:\/\/constantinianorder.com\/l-ordine-costantiniano-e-lo-stato-italiano\/\"]}]},{\"@type\":\"ImageObject\",\"inLanguage\":\"fr-FR\",\"@id\":\"https:\/\/constantinianorder.com\/l-ordine-costantiniano-e-lo-stato-italiano\/#primaryimage\",\"url\":\"https:\/\/constantinianorder.com\/wp-content\/uploads\/2025\/10\/cropped-logo-costantiniano.webp\",\"contentUrl\":\"https:\/\/constantinianorder.com\/wp-content\/uploads\/2025\/10\/cropped-logo-costantiniano.webp\"},{\"@type\":\"BreadcrumbList\",\"@id\":\"https:\/\/constantinianorder.com\/l-ordine-costantiniano-e-lo-stato-italiano\/#breadcrumb\",\"itemListElement\":[{\"@type\":\"ListItem\",\"position\":1,\"name\":\"Home\",\"item\":\"https:\/\/constantinianorder.com\/en\/\"},{\"@type\":\"ListItem\",\"position\":2,\"name\":\"L\u2019Ordre Constantinien et l\u2019Italie\"}]},{\"@type\":\"WebSite\",\"@id\":\"https:\/\/constantinianorder.com\/#website\",\"url\":\"https:\/\/constantinianorder.com\/\",\"name\":\"Sacro Militare Ordine Costantiniano di San Giorgio\",\"description\":\"Ordine Ufficiale\",\"publisher\":{\"@id\":\"https:\/\/constantinianorder.com\/#organization\"},\"potentialAction\":[{\"@type\":\"SearchAction\",\"target\":{\"@type\":\"EntryPoint\",\"urlTemplate\":\"https:\/\/constantinianorder.com\/?s={search_term_string}\"},\"query-input\":{\"@type\":\"PropertyValueSpecification\",\"valueRequired\":true,\"valueName\":\"search_term_string\"}}],\"inLanguage\":\"fr-FR\"},{\"@type\":\"Organization\",\"@id\":\"https:\/\/constantinianorder.com\/#organization\",\"name\":\"Sacro Militare Ordine Costantiniano di San Giorgio\",\"url\":\"https:\/\/constantinianorder.com\/\",\"logo\":{\"@type\":\"ImageObject\",\"inLanguage\":\"fr-FR\",\"@id\":\"https:\/\/constantinianorder.com\/#\/schema\/logo\/image\/\",\"url\":\"https:\/\/constantinianorder.com\/wp-content\/uploads\/2025\/10\/cropped-logo-costantiniano.png\",\"contentUrl\":\"https:\/\/constantinianorder.com\/wp-content\/uploads\/2025\/10\/cropped-logo-costantiniano.png\",\"width\":512,\"height\":512,\"caption\":\"Sacro Militare Ordine Costantiniano di San Giorgio\"},\"image\":{\"@id\":\"https:\/\/constantinianorder.com\/#\/schema\/logo\/image\/\"},\"sameAs\":[\"https:\/\/www.facebook.com\/constantinianorder\",\"https:\/\/www.instagram.com\/constantinianorder\/\",\"https:\/\/www.youtube.com\/@granmagisterodelsacromilit9375\"]}]}<\/script>\n<!-- \/ Yoast SEO plugin. -->","yoast_head_json":{"title":"L\u2019Ordre Constantinien et l\u2019Italie - Sacro Militare Ordine Costantiniano di San Giorgio","description":"Ordre Constantinien et \u00c9tat italien. Identit\u00e9, histoire et organisation moderne de l'Ordre Sacr\u00e9 et Militaire Constantinien de Saint-Georges","robots":{"index":"index","follow":"follow","max-snippet":"max-snippet:-1","max-image-preview":"max-image-preview:large","max-video-preview":"max-video-preview:-1"},"canonical":"https:\/\/constantinianorder.com\/l-ordine-costantiniano-e-lo-stato-italiano\/","og_locale":"fr_FR","og_type":"article","og_title":"L\u2019Ordre Constantinien et l\u2019Italie - Sacro Militare Ordine Costantiniano di San Giorgio","og_description":"Ordre Constantinien et \u00c9tat italien. Identit\u00e9, histoire et organisation moderne de l'Ordre Sacr\u00e9 et Militaire Constantinien de Saint-Georges","og_url":"https:\/\/constantinianorder.com\/l-ordine-costantiniano-e-lo-stato-italiano\/","og_site_name":"Sacro Militare Ordine Costantiniano di San Giorgio","article_publisher":"https:\/\/www.facebook.com\/constantinianorder","article_modified_time":"2025-12-08T11:57:49+00:00","og_image":[{"width":512,"height":512,"url":"https:\/\/constantinianorder.com\/wp-content\/uploads\/2025\/10\/cropped-logo-costantiniano.webp","type":"image\/webp"}],"twitter_card":"summary_large_image","twitter_misc":{"Dur\u00e9e de lecture estim\u00e9e":"4 minutes"},"schema":{"@context":"https:\/\/schema.org","@graph":[{"@type":"WebPage","@id":"https:\/\/constantinianorder.com\/l-ordine-costantiniano-e-lo-stato-italiano\/","url":"https:\/\/constantinianorder.com\/l-ordine-costantiniano-e-lo-stato-italiano\/","name":"L\u2019Ordre Constantinien et l\u2019Italie - Sacro Militare Ordine Costantiniano di San Giorgio","isPartOf":{"@id":"https:\/\/constantinianorder.com\/#website"},"primaryImageOfPage":{"@id":"https:\/\/constantinianorder.com\/l-ordine-costantiniano-e-lo-stato-italiano\/#primaryimage"},"image":{"@id":"https:\/\/constantinianorder.com\/l-ordine-costantiniano-e-lo-stato-italiano\/#primaryimage"},"thumbnailUrl":"https:\/\/constantinianorder.com\/wp-content\/uploads\/2025\/10\/cropped-logo-costantiniano.webp","datePublished":"2025-10-10T14:30:49+00:00","dateModified":"2025-12-08T11:57:49+00:00","description":"Ordre Constantinien et \u00c9tat italien. Identit\u00e9, histoire et organisation moderne de l'Ordre Sacr\u00e9 et Militaire Constantinien de Saint-Georges","breadcrumb":{"@id":"https:\/\/constantinianorder.com\/l-ordine-costantiniano-e-lo-stato-italiano\/#breadcrumb"},"inLanguage":"fr-FR","potentialAction":[{"@type":"ReadAction","target":["https:\/\/constantinianorder.com\/l-ordine-costantiniano-e-lo-stato-italiano\/"]}]},{"@type":"ImageObject","inLanguage":"fr-FR","@id":"https:\/\/constantinianorder.com\/l-ordine-costantiniano-e-lo-stato-italiano\/#primaryimage","url":"https:\/\/constantinianorder.com\/wp-content\/uploads\/2025\/10\/cropped-logo-costantiniano.webp","contentUrl":"https:\/\/constantinianorder.com\/wp-content\/uploads\/2025\/10\/cropped-logo-costantiniano.webp"},{"@type":"BreadcrumbList","@id":"https:\/\/constantinianorder.com\/l-ordine-costantiniano-e-lo-stato-italiano\/#breadcrumb","itemListElement":[{"@type":"ListItem","position":1,"name":"Home","item":"https:\/\/constantinianorder.com\/en\/"},{"@type":"ListItem","position":2,"name":"L\u2019Ordre Constantinien et l\u2019Italie"}]},{"@type":"WebSite","@id":"https:\/\/constantinianorder.com\/#website","url":"https:\/\/constantinianorder.com\/","name":"Sacro Militare Ordine Costantiniano di San Giorgio","description":"Ordine Ufficiale","publisher":{"@id":"https:\/\/constantinianorder.com\/#organization"},"potentialAction":[{"@type":"SearchAction","target":{"@type":"EntryPoint","urlTemplate":"https:\/\/constantinianorder.com\/?s={search_term_string}"},"query-input":{"@type":"PropertyValueSpecification","valueRequired":true,"valueName":"search_term_string"}}],"inLanguage":"fr-FR"},{"@type":"Organization","@id":"https:\/\/constantinianorder.com\/#organization","name":"Sacro Militare Ordine Costantiniano di San Giorgio","url":"https:\/\/constantinianorder.com\/","logo":{"@type":"ImageObject","inLanguage":"fr-FR","@id":"https:\/\/constantinianorder.com\/#\/schema\/logo\/image\/","url":"https:\/\/constantinianorder.com\/wp-content\/uploads\/2025\/10\/cropped-logo-costantiniano.png","contentUrl":"https:\/\/constantinianorder.com\/wp-content\/uploads\/2025\/10\/cropped-logo-costantiniano.png","width":512,"height":512,"caption":"Sacro Militare Ordine Costantiniano di San Giorgio"},"image":{"@id":"https:\/\/constantinianorder.com\/#\/schema\/logo\/image\/"},"sameAs":["https:\/\/www.facebook.com\/constantinianorder","https:\/\/www.instagram.com\/constantinianorder\/","https:\/\/www.youtube.com\/@granmagisterodelsacromilit9375"]}]}},"_links":{"self":[{"href":"https:\/\/constantinianorder.com\/fr\/wp-json\/wp\/v2\/pages\/95872","targetHints":{"allow":["GET"]}}],"collection":[{"href":"https:\/\/constantinianorder.com\/fr\/wp-json\/wp\/v2\/pages"}],"about":[{"href":"https:\/\/constantinianorder.com\/fr\/wp-json\/wp\/v2\/types\/page"}],"author":[{"embeddable":true,"href":"https:\/\/constantinianorder.com\/fr\/wp-json\/wp\/v2\/users\/2"}],"replies":[{"embeddable":true,"href":"https:\/\/constantinianorder.com\/fr\/wp-json\/wp\/v2\/comments?post=95872"}],"version-history":[{"count":10,"href":"https:\/\/constantinianorder.com\/fr\/wp-json\/wp\/v2\/pages\/95872\/revisions"}],"predecessor-version":[{"id":99526,"href":"https:\/\/constantinianorder.com\/fr\/wp-json\/wp\/v2\/pages\/95872\/revisions\/99526"}],"wp:attachment":[{"href":"https:\/\/constantinianorder.com\/fr\/wp-json\/wp\/v2\/media?parent=95872"}],"curies":[{"name":"wp","href":"https:\/\/api.w.org\/{rel}","templated":true}]}}