{"id":95859,"date":"2025-10-09T13:09:42","date_gmt":"2025-10-09T13:09:42","guid":{"rendered":"https:\/\/constantinianorder.com\/gouvernement-de-iordre\/"},"modified":"2025-12-23T17:49:29","modified_gmt":"2025-12-23T17:49:29","slug":"gouvernement-de-iordre","status":"publish","type":"page","link":"https:\/\/constantinianorder.com\/fr\/gouvernement-de-iordre\/","title":{"rendered":"Gouvernement de I\u2019Ordre"},"content":{"rendered":"\t\t<div data-elementor-type=\"wp-page\" data-elementor-id=\"95859\" class=\"elementor elementor-95859 elementor-1841\" data-elementor-post-type=\"page\">\n\t\t\t\t<div class=\"elementor-element elementor-element-2f1f2f44 elementor-hidden-desktop elementor-hidden-tablet_extra elementor-hidden-tablet elementor-hidden-mobile e-flex e-con-boxed e-con e-parent\" data-id=\"2f1f2f44\" data-element_type=\"container\">\n\t\t\t\t\t<div class=\"e-con-inner\">\n\t\t\t\t<div class=\"elementor-element elementor-element-29a264a2 elementor-widget elementor-widget-image\" data-id=\"29a264a2\" data-element_type=\"widget\" data-widget_type=\"image.default\">\n\t\t\t\t\t\t\t\t\t\t\t\t\t\t\t<img fetchpriority=\"high\" decoding=\"async\" width=\"512\" height=\"512\" src=\"https:\/\/constantinianorder.com\/wp-content\/uploads\/2025\/10\/cropped-logo-costantiniano.webp\" class=\"attachment-full size-full wp-image-1065\" alt=\"sacro militare ordine costantiniano di san giorgio\" \/>\t\t\t\t\t\t\t\t\t\t\t\t\t\t\t<\/div>\n\t\t\t\t<div class=\"elementor-element elementor-element-1a9c49ee elementor-widget elementor-widget-heading\" data-id=\"1a9c49ee\" data-element_type=\"widget\" data-widget_type=\"heading.default\">\n\t\t\t\t\t<h1 class=\"elementor-heading-title elementor-size-default\">Gouvernement de I\u2019Ordre Ordre Constantinien <\/h1>\t\t\t\t<\/div>\n\t\t\t\t<div class=\"elementor-element elementor-element-48ec6d2a elementor-widget elementor-widget-text-editor\" data-id=\"48ec6d2a\" data-element_type=\"widget\" data-widget_type=\"text-editor.default\">\n\t\t\t\t\t\t\t\t\t<p>Gouvernement de l&rsquo;Ordre Constantinien, ordre chevaleresque catholique aux origines anciennes, aujourd&rsquo;hui plac\u00e9 sous le Grand Magist\u00e8re de la Maison Royale de Bourbon des Deux-Siciles, qui promeut la foi, la charit\u00e9 et l&rsquo;engagement social inspir\u00e9s par les valeurs chr\u00e9tiennes.<\/p><ul><li><a href=\"https:\/\/constantinianorder.net\" target=\"_blank\" rel=\"noopener\">constantinianorder.net<\/a><\/li><li><a href=\"https:\/\/realcasadiborbone.it\/fr\/\" target=\"_blank\" rel=\"noopener\">Maison Royale de Bourbon des Deux Siciles<\/a><\/li><li><a href=\"https:\/\/constantinianorder.com\/fr\/contacts\/\">contacts<\/a><\/li><\/ul>\t\t\t\t\t\t\t\t<\/div>\n\t\t\t\t\t<\/div>\n\t\t\t\t<\/div>\n\t\t<div class=\"elementor-element elementor-element-483b40f e-flex e-con-boxed e-con e-parent\" data-id=\"483b40f\" data-element_type=\"container\">\n\t\t\t\t\t<div class=\"e-con-inner\">\n\t\t<div class=\"elementor-element elementor-element-46baf72 e-con-full e-flex e-con e-child\" data-id=\"46baf72\" data-element_type=\"container\">\n\t\t\t\t<div class=\"elementor-element elementor-element-cbc30c4 elementor-widget elementor-widget-heading\" data-id=\"cbc30c4\" data-element_type=\"widget\" data-widget_type=\"heading.default\">\n\t\t\t\t\t<h2 class=\"elementor-heading-title elementor-size-default\">Gouvernement de I\u2019Ordre<\/h2>\t\t\t\t<\/div>\n\t\t\t\t<div class=\"elementor-element elementor-element-fc1547c elementor-widget elementor-widget-text-editor\" data-id=\"fc1547c\" data-element_type=\"widget\" data-widget_type=\"text-editor.default\">\n\t\t\t\t\t\t\t\t\t<p>L\u2019 Ordre Sacr\u00e9 et Militaire Constantinien de Saint-Georges est gouvern\u00e9 par le Grand Ma\u00eetre, assist\u00e9 par la Royale D\u00e9putation, compos\u00e9e par les Grandes Charges: le Grand-Pr\u00e9fet, le Grand Prieur, le Grand Chancelier et le Grand Tr\u00e9sorier, par le Pr\u00e9sident, le Vice-Pr\u00e9sident, le Secr\u00e9taire et par les D\u00e9put\u00e9s.<\/p><p>\u00a0<\/p><p>L\u2019actuel Grand Ma\u00eetre, Son Altesse Royale le Prince Charles de Bourbon des Deux-Siciles, Duc de Castro et Chef de la Maison Royale, est \u00e9galement assist\u00e9 par un Conseil Juridique Magistral et par une Commission H\u00e9raldique Magistrale.<\/p><p>\u00a0<\/p><p>Le Grand Ma\u00eetre est l\u2019administrateur perp\u00e9tuel de l\u2019Ordre, il peut promulguer de nouvelles lois et statuts, ainsi que proc\u00e9der \u00e0 la nomination des plus hautes charges institutionnelles, auxquelles confier la direction morale, disciplinaire et administrative de l\u2019Ordre.<\/p><p>\u00a0<\/p><p>Le Grand Ma\u00eetre est assist\u00e9 par le \u00ab Conseiller de la Maison Royale et pour les Ordres Dynastiques \u00bb, qui est nomm\u00e9 par le Grand Ma\u00eetre et est une personnalit\u00e9 de confiance absolue. Le Grand Ma\u00eetre peut nommer le \u00ab Secr\u00e9taire G\u00e9n\u00e9ral \u00bb auquel il conf\u00e8re les pouvoirs n\u00e9cessaires pour guider et coordonner les activit\u00e9s de la Chancellerie et des d\u00e9l\u00e9gations.<\/p>\t\t\t\t\t\t\t\t<\/div>\n\t\t\t\t<\/div>\n\t\t<div class=\"elementor-element elementor-element-2b9d8ec e-con-full e-flex e-con e-child\" data-id=\"2b9d8ec\" data-element_type=\"container\" data-settings=\"{&quot;background_background&quot;:&quot;classic&quot;}\">\n\t\t\t\t<div class=\"elementor-element elementor-element-d60e63c elementor-widget elementor-widget-heading\" data-id=\"d60e63c\" data-element_type=\"widget\" data-widget_type=\"heading.default\">\n\t\t\t\t\t<h2 class=\"elementor-heading-title elementor-size-default\">Statuts<\/h2>\t\t\t\t<\/div>\n\t\t\t\t<div class=\"elementor-element elementor-element-7996126 elementor-widget elementor-widget-image\" data-id=\"7996126\" data-element_type=\"widget\" data-widget_type=\"image.default\">\n\t\t\t\t\t\t\t\t\t\t\t\t\t\t\t<img decoding=\"async\" width=\"300\" height=\"300\" src=\"https:\/\/constantinianorder.com\/wp-content\/uploads\/2025\/10\/croce2.webp\" class=\"attachment-full size-full wp-image-92941\" alt=\"Ordre Sacr\u00e9 et Militaire Constantinien de Saint Georges\" \/>\t\t\t\t\t\t\t\t\t\t\t\t\t\t\t<\/div>\n\t\t\t\t<div class=\"elementor-element elementor-element-076304d elementor-widget elementor-widget-heading\" data-id=\"076304d\" data-element_type=\"widget\" data-widget_type=\"heading.default\">\n\t\t\t\t\t<h6 class=\"elementor-heading-title elementor-size-default\">Les Statuts du Sacr\u00e9 Ordre Militaire Constantinien de Saint-Georges d\u00e9finissent les principes fondateurs, les objectifs spirituels et caritatifs, ainsi que l\u2019organisation et le fonctionnement de l\u2019Ordre. Ils constituent la r\u00e9f\u00e9rence normative essentielle qui r\u00e9git la vie institutionnelle de l\u2019Ordre, dans le respect de la tradition historique et des valeurs chr\u00e9tiennes qui inspirent son action.<\/h6>\t\t\t\t<\/div>\n\t\t\t\t<div class=\"elementor-element elementor-element-5f23db6 elementor-widget elementor-widget-text-editor\" data-id=\"5f23db6\" data-element_type=\"widget\" data-widget_type=\"text-editor.default\">\n\t\t\t\t\t\t\t\t\t<p><strong><a href=\"https:\/\/constantinianorder.com\/fr\/statut-de-lordre-sacre-et-militaire-constantinien-de-saint-georges\/\">Aller<\/a><\/strong> aux statuts<\/p>\t\t\t\t\t\t\t\t<\/div>\n\t\t\t\t<\/div>\n\t\t\t\t\t<\/div>\n\t\t\t\t<\/div>\n\t\t\t\t<\/div>\n\t\t","protected":false},"excerpt":{"rendered":"<p>Gouvernement de I\u2019Ordre Ordre Constantinien Gouvernement de l&rsquo;Ordre Constantinien, ordre chevaleresque catholique aux origines anciennes, aujourd&rsquo;hui plac\u00e9 sous le Grand Magist\u00e8re de la Maison Royale de Bourbon des Deux-Siciles, qui promeut la foi, la charit\u00e9 et l&rsquo;engagement social inspir\u00e9s par les valeurs chr\u00e9tiennes. constantinianorder.net Maison Royale de Bourbon des Deux Siciles contacts Gouvernement de I\u2019Ordre [&hellip;]<\/p>\n","protected":false},"author":2,"featured_media":0,"parent":0,"menu_order":0,"comment_status":"closed","ping_status":"closed","template":"elementor_header_footer","meta":{"footnotes":""},"class_list":["post-95859","page","type-page","status-publish","hentry"],"yoast_head":"<!-- This site is optimized with the Yoast SEO plugin v26.5 - https:\/\/yoast.com\/wordpress\/plugins\/seo\/ -->\n<title>Gouvernement de l&#039;Ordre Constantinien - Sacro Militare Ordine Costantiniano di San Giorgio<\/title>\n<meta name=\"description\" content=\"Gouvernement de l&#039;Ordre Constantinien. Identit\u00e9, histoire et organisation moderne du Saint-Ordre Militaire Constantinien de Saint-Georges\" \/>\n<meta name=\"robots\" content=\"index, follow, max-snippet:-1, max-image-preview:large, max-video-preview:-1\" \/>\n<link rel=\"canonical\" href=\"https:\/\/constantinianorder.com\/governo-dell-ordine\/\" \/>\n<meta property=\"og:locale\" content=\"fr_FR\" \/>\n<meta property=\"og:type\" content=\"article\" \/>\n<meta property=\"og:title\" content=\"Gouvernement de l&#039;Ordre Constantinien - Sacro Militare Ordine Costantiniano di San Giorgio\" \/>\n<meta property=\"og:description\" content=\"Gouvernement de l&#039;Ordre Constantinien. Identit\u00e9, histoire et organisation moderne du Saint-Ordre Militaire Constantinien de Saint-Georges\" \/>\n<meta property=\"og:url\" content=\"https:\/\/constantinianorder.com\/governo-dell-ordine\/\" \/>\n<meta property=\"og:site_name\" content=\"Sacro Militare Ordine Costantiniano di San Giorgio\" \/>\n<meta property=\"article:publisher\" content=\"https:\/\/www.facebook.com\/constantinianorder\" \/>\n<meta property=\"article:modified_time\" content=\"2025-12-23T17:49:29+00:00\" \/>\n<meta property=\"og:image\" content=\"https:\/\/constantinianorder.com\/wp-content\/uploads\/2025\/10\/cropped-logo-costantiniano.webp\" \/>\n\t<meta property=\"og:image:width\" content=\"512\" \/>\n\t<meta property=\"og:image:height\" content=\"512\" \/>\n\t<meta property=\"og:image:type\" content=\"image\/webp\" \/>\n<meta name=\"twitter:card\" content=\"summary_large_image\" \/>\n<meta name=\"twitter:label1\" content=\"Dur\u00e9e de lecture estim\u00e9e\" \/>\n\t<meta name=\"twitter:data1\" content=\"2 minutes\" \/>\n<script type=\"application\/ld+json\" class=\"yoast-schema-graph\">{\"@context\":\"https:\/\/schema.org\",\"@graph\":[{\"@type\":\"WebPage\",\"@id\":\"https:\/\/constantinianorder.com\/governo-dell-ordine\/\",\"url\":\"https:\/\/constantinianorder.com\/governo-dell-ordine\/\",\"name\":\"Gouvernement de l'Ordre Constantinien - Sacro Militare Ordine Costantiniano di San Giorgio\",\"isPartOf\":{\"@id\":\"https:\/\/constantinianorder.com\/#website\"},\"primaryImageOfPage\":{\"@id\":\"https:\/\/constantinianorder.com\/governo-dell-ordine\/#primaryimage\"},\"image\":{\"@id\":\"https:\/\/constantinianorder.com\/governo-dell-ordine\/#primaryimage\"},\"thumbnailUrl\":\"https:\/\/constantinianorder.com\/wp-content\/uploads\/2025\/10\/cropped-logo-costantiniano.webp\",\"datePublished\":\"2025-10-09T13:09:42+00:00\",\"dateModified\":\"2025-12-23T17:49:29+00:00\",\"description\":\"Gouvernement de l'Ordre Constantinien. Identit\u00e9, histoire et organisation moderne du Saint-Ordre Militaire Constantinien de Saint-Georges\",\"breadcrumb\":{\"@id\":\"https:\/\/constantinianorder.com\/governo-dell-ordine\/#breadcrumb\"},\"inLanguage\":\"fr-FR\",\"potentialAction\":[{\"@type\":\"ReadAction\",\"target\":[\"https:\/\/constantinianorder.com\/governo-dell-ordine\/\"]}]},{\"@type\":\"ImageObject\",\"inLanguage\":\"fr-FR\",\"@id\":\"https:\/\/constantinianorder.com\/governo-dell-ordine\/#primaryimage\",\"url\":\"https:\/\/constantinianorder.com\/wp-content\/uploads\/2025\/10\/cropped-logo-costantiniano.webp\",\"contentUrl\":\"https:\/\/constantinianorder.com\/wp-content\/uploads\/2025\/10\/cropped-logo-costantiniano.webp\"},{\"@type\":\"BreadcrumbList\",\"@id\":\"https:\/\/constantinianorder.com\/governo-dell-ordine\/#breadcrumb\",\"itemListElement\":[{\"@type\":\"ListItem\",\"position\":1,\"name\":\"Home\",\"item\":\"https:\/\/constantinianorder.com\/en\/\"},{\"@type\":\"ListItem\",\"position\":2,\"name\":\"Gouvernement de I\u2019Ordre\"}]},{\"@type\":\"WebSite\",\"@id\":\"https:\/\/constantinianorder.com\/#website\",\"url\":\"https:\/\/constantinianorder.com\/\",\"name\":\"Sacro Militare Ordine Costantiniano di San Giorgio\",\"description\":\"Ordine Ufficiale\",\"publisher\":{\"@id\":\"https:\/\/constantinianorder.com\/#organization\"},\"potentialAction\":[{\"@type\":\"SearchAction\",\"target\":{\"@type\":\"EntryPoint\",\"urlTemplate\":\"https:\/\/constantinianorder.com\/?s={search_term_string}\"},\"query-input\":{\"@type\":\"PropertyValueSpecification\",\"valueRequired\":true,\"valueName\":\"search_term_string\"}}],\"inLanguage\":\"fr-FR\"},{\"@type\":\"Organization\",\"@id\":\"https:\/\/constantinianorder.com\/#organization\",\"name\":\"Sacro Militare Ordine Costantiniano di San Giorgio\",\"url\":\"https:\/\/constantinianorder.com\/\",\"logo\":{\"@type\":\"ImageObject\",\"inLanguage\":\"fr-FR\",\"@id\":\"https:\/\/constantinianorder.com\/#\/schema\/logo\/image\/\",\"url\":\"https:\/\/constantinianorder.com\/wp-content\/uploads\/2025\/10\/cropped-logo-costantiniano.png\",\"contentUrl\":\"https:\/\/constantinianorder.com\/wp-content\/uploads\/2025\/10\/cropped-logo-costantiniano.png\",\"width\":512,\"height\":512,\"caption\":\"Sacro Militare Ordine Costantiniano di San Giorgio\"},\"image\":{\"@id\":\"https:\/\/constantinianorder.com\/#\/schema\/logo\/image\/\"},\"sameAs\":[\"https:\/\/www.facebook.com\/constantinianorder\",\"https:\/\/www.instagram.com\/constantinianorder\/\",\"https:\/\/www.youtube.com\/@granmagisterodelsacromilit9375\"]}]}<\/script>\n<!-- \/ Yoast SEO plugin. -->","yoast_head_json":{"title":"Gouvernement de l'Ordre Constantinien - Sacro Militare Ordine Costantiniano di San Giorgio","description":"Gouvernement de l'Ordre Constantinien. Identit\u00e9, histoire et organisation moderne du Saint-Ordre Militaire Constantinien de Saint-Georges","robots":{"index":"index","follow":"follow","max-snippet":"max-snippet:-1","max-image-preview":"max-image-preview:large","max-video-preview":"max-video-preview:-1"},"canonical":"https:\/\/constantinianorder.com\/governo-dell-ordine\/","og_locale":"fr_FR","og_type":"article","og_title":"Gouvernement de l'Ordre Constantinien - Sacro Militare Ordine Costantiniano di San Giorgio","og_description":"Gouvernement de l'Ordre Constantinien. Identit\u00e9, histoire et organisation moderne du Saint-Ordre Militaire Constantinien de Saint-Georges","og_url":"https:\/\/constantinianorder.com\/governo-dell-ordine\/","og_site_name":"Sacro Militare Ordine Costantiniano di San Giorgio","article_publisher":"https:\/\/www.facebook.com\/constantinianorder","article_modified_time":"2025-12-23T17:49:29+00:00","og_image":[{"width":512,"height":512,"url":"https:\/\/constantinianorder.com\/wp-content\/uploads\/2025\/10\/cropped-logo-costantiniano.webp","type":"image\/webp"}],"twitter_card":"summary_large_image","twitter_misc":{"Dur\u00e9e de lecture estim\u00e9e":"2 minutes"},"schema":{"@context":"https:\/\/schema.org","@graph":[{"@type":"WebPage","@id":"https:\/\/constantinianorder.com\/governo-dell-ordine\/","url":"https:\/\/constantinianorder.com\/governo-dell-ordine\/","name":"Gouvernement de l'Ordre Constantinien - Sacro Militare Ordine Costantiniano di San Giorgio","isPartOf":{"@id":"https:\/\/constantinianorder.com\/#website"},"primaryImageOfPage":{"@id":"https:\/\/constantinianorder.com\/governo-dell-ordine\/#primaryimage"},"image":{"@id":"https:\/\/constantinianorder.com\/governo-dell-ordine\/#primaryimage"},"thumbnailUrl":"https:\/\/constantinianorder.com\/wp-content\/uploads\/2025\/10\/cropped-logo-costantiniano.webp","datePublished":"2025-10-09T13:09:42+00:00","dateModified":"2025-12-23T17:49:29+00:00","description":"Gouvernement de l'Ordre Constantinien. Identit\u00e9, histoire et organisation moderne du Saint-Ordre Militaire Constantinien de Saint-Georges","breadcrumb":{"@id":"https:\/\/constantinianorder.com\/governo-dell-ordine\/#breadcrumb"},"inLanguage":"fr-FR","potentialAction":[{"@type":"ReadAction","target":["https:\/\/constantinianorder.com\/governo-dell-ordine\/"]}]},{"@type":"ImageObject","inLanguage":"fr-FR","@id":"https:\/\/constantinianorder.com\/governo-dell-ordine\/#primaryimage","url":"https:\/\/constantinianorder.com\/wp-content\/uploads\/2025\/10\/cropped-logo-costantiniano.webp","contentUrl":"https:\/\/constantinianorder.com\/wp-content\/uploads\/2025\/10\/cropped-logo-costantiniano.webp"},{"@type":"BreadcrumbList","@id":"https:\/\/constantinianorder.com\/governo-dell-ordine\/#breadcrumb","itemListElement":[{"@type":"ListItem","position":1,"name":"Home","item":"https:\/\/constantinianorder.com\/en\/"},{"@type":"ListItem","position":2,"name":"Gouvernement de I\u2019Ordre"}]},{"@type":"WebSite","@id":"https:\/\/constantinianorder.com\/#website","url":"https:\/\/constantinianorder.com\/","name":"Sacro Militare Ordine Costantiniano di San Giorgio","description":"Ordine Ufficiale","publisher":{"@id":"https:\/\/constantinianorder.com\/#organization"},"potentialAction":[{"@type":"SearchAction","target":{"@type":"EntryPoint","urlTemplate":"https:\/\/constantinianorder.com\/?s={search_term_string}"},"query-input":{"@type":"PropertyValueSpecification","valueRequired":true,"valueName":"search_term_string"}}],"inLanguage":"fr-FR"},{"@type":"Organization","@id":"https:\/\/constantinianorder.com\/#organization","name":"Sacro Militare Ordine Costantiniano di San Giorgio","url":"https:\/\/constantinianorder.com\/","logo":{"@type":"ImageObject","inLanguage":"fr-FR","@id":"https:\/\/constantinianorder.com\/#\/schema\/logo\/image\/","url":"https:\/\/constantinianorder.com\/wp-content\/uploads\/2025\/10\/cropped-logo-costantiniano.png","contentUrl":"https:\/\/constantinianorder.com\/wp-content\/uploads\/2025\/10\/cropped-logo-costantiniano.png","width":512,"height":512,"caption":"Sacro Militare Ordine Costantiniano di San Giorgio"},"image":{"@id":"https:\/\/constantinianorder.com\/#\/schema\/logo\/image\/"},"sameAs":["https:\/\/www.facebook.com\/constantinianorder","https:\/\/www.instagram.com\/constantinianorder\/","https:\/\/www.youtube.com\/@granmagisterodelsacromilit9375"]}]}},"_links":{"self":[{"href":"https:\/\/constantinianorder.com\/fr\/wp-json\/wp\/v2\/pages\/95859","targetHints":{"allow":["GET"]}}],"collection":[{"href":"https:\/\/constantinianorder.com\/fr\/wp-json\/wp\/v2\/pages"}],"about":[{"href":"https:\/\/constantinianorder.com\/fr\/wp-json\/wp\/v2\/types\/page"}],"author":[{"embeddable":true,"href":"https:\/\/constantinianorder.com\/fr\/wp-json\/wp\/v2\/users\/2"}],"replies":[{"embeddable":true,"href":"https:\/\/constantinianorder.com\/fr\/wp-json\/wp\/v2\/comments?post=95859"}],"version-history":[{"count":17,"href":"https:\/\/constantinianorder.com\/fr\/wp-json\/wp\/v2\/pages\/95859\/revisions"}],"predecessor-version":[{"id":100500,"href":"https:\/\/constantinianorder.com\/fr\/wp-json\/wp\/v2\/pages\/95859\/revisions\/100500"}],"wp:attachment":[{"href":"https:\/\/constantinianorder.com\/fr\/wp-json\/wp\/v2\/media?parent=95859"}],"curies":[{"name":"wp","href":"https:\/\/api.w.org\/{rel}","templated":true}]}}