{"id":95854,"date":"2025-10-17T09:05:32","date_gmt":"2025-10-17T09:05:32","guid":{"rendered":"https:\/\/constantinianorder.com\/fondation-ordre-constantinien-charity-ets\/"},"modified":"2026-03-01T14:58:03","modified_gmt":"2026-03-01T14:58:03","slug":"fondation-ordre-constantinien-charity-ets","status":"publish","type":"page","link":"https:\/\/constantinianorder.com\/fr\/fondation-ordre-constantinien-charity-ets\/","title":{"rendered":"Fondation Ordre Constantinien Charity ETS"},"content":{"rendered":"\t\t<div data-elementor-type=\"wp-page\" data-elementor-id=\"95854\" class=\"elementor elementor-95854 elementor-4402\" data-elementor-post-type=\"page\">\n\t\t\t\t<div class=\"elementor-element elementor-element-411dc00b elementor-hidden-desktop elementor-hidden-tablet_extra elementor-hidden-tablet elementor-hidden-mobile e-flex e-con-boxed e-con e-parent\" data-id=\"411dc00b\" data-element_type=\"container\">\n\t\t\t\t\t<div class=\"e-con-inner\">\n\t\t\t\t<div class=\"elementor-element elementor-element-1425915b elementor-widget elementor-widget-image\" data-id=\"1425915b\" data-element_type=\"widget\" data-widget_type=\"image.default\">\n\t\t\t\t\t\t\t\t\t\t\t\t\t\t\t<img fetchpriority=\"high\" decoding=\"async\" width=\"512\" height=\"512\" src=\"https:\/\/constantinianorder.com\/wp-content\/uploads\/2025\/10\/cropped-logo-costantiniano.webp\" class=\"attachment-full size-full wp-image-1065\" alt=\"sacro militare ordine costantiniano di san giorgio\" \/>\t\t\t\t\t\t\t\t\t\t\t\t\t\t\t<\/div>\n\t\t\t\t<div class=\"elementor-element elementor-element-44d6f1d9 elementor-widget elementor-widget-heading\" data-id=\"44d6f1d9\" data-element_type=\"widget\" data-widget_type=\"heading.default\">\n\t\t\t\t\t<h1 class=\"elementor-heading-title elementor-size-default\">Fondation Ordre Constantinien Charity ETS<\/h1>\t\t\t\t<\/div>\n\t\t\t\t<div class=\"elementor-element elementor-element-6a19cb6 elementor-widget elementor-widget-text-editor\" data-id=\"6a19cb6\" data-element_type=\"widget\" data-widget_type=\"text-editor.default\">\n\t\t\t\t\t\t\t\t\t<p>La Fondation Ordre Constantinien Charity ETS a \u00e9t\u00e9 cr\u00e9\u00e9e par S.A.R. Charles de Bourbon des Deux-Siciles, en sa qualit\u00e9 de Grand Ma\u00eetre du Sacr\u00e9 Ordre Militaire Constantinien de Saint-Georges, dans le but de promouvoir la constitution d\u2019un fonds destin\u00e9 exclusivement \u00e0 des activit\u00e9s d\u2019utilit\u00e9 publique et de solidarit\u00e9 sociale, notamment dans les domaines de la bienfaisance et de l\u2019assistance hospitali\u00e8re et sociale, en r\u00e9ponse \u00e0 des situations de besoin urgentes.<\/p><ul><li><a href=\"https:\/\/constantinianorder.net\" target=\"_blank\" rel=\"noopener\">constantinianorder.net<\/a><\/li><li><a href=\"https:\/\/realcasadiborbone.it\/fr\/\" target=\"_blank\" rel=\"noopener\">Maison Royale de Bourbon des Deux Siciles<\/a><\/li><li><a href=\"https:\/\/constantinianorder.com\/fr\/contacts\/\">contacts<\/a><\/li><\/ul>\t\t\t\t\t\t\t\t<\/div>\n\t\t\t\t\t<\/div>\n\t\t\t\t<\/div>\n\t\t<div class=\"elementor-element elementor-element-483b40f e-flex e-con-boxed e-con e-parent\" data-id=\"483b40f\" data-element_type=\"container\">\n\t\t\t\t\t<div class=\"e-con-inner\">\n\t\t<div class=\"elementor-element elementor-element-46baf72 e-con-full e-flex e-con e-child\" data-id=\"46baf72\" data-element_type=\"container\">\n\t\t\t\t<div class=\"elementor-element elementor-element-cbc30c4 elementor-widget elementor-widget-heading\" data-id=\"cbc30c4\" data-element_type=\"widget\" data-widget_type=\"heading.default\">\n\t\t\t\t\t<h2 class=\"elementor-heading-title elementor-size-default\">Fondazione Ordine Costantiniano Charity ETS\n<i>(entit\u00e9 italienne du Troisi\u00e8me Secteur)<\/i><\/h2>\t\t\t\t<\/div>\n\t\t\t\t<div class=\"elementor-element elementor-element-fc1547c elementor-widget elementor-widget-text-editor\" data-id=\"fc1547c\" data-element_type=\"widget\" data-widget_type=\"text-editor.default\">\n\t\t\t\t\t\t\t\t\t<p>Le contexte \u00e9conomique difficile qui, depuis pr\u00e8s d\u2019une d\u00e9cennie, influence et freine le d\u00e9veloppement \u00e9conomique et social de nombreux pays dans le monde, dont l\u2019Italie, a entra\u00een\u00e9 une \u00e9volution constante et une aggravation des formes de pr\u00e9carit\u00e9 et d\u2019exclusion sociale, \u00e9largissant ainsi les difficult\u00e9s \u00e9conomiques et la situation de besoin dans lesquelles un nombre croissant d\u2019individus, de familles enti\u00e8res et de groupes sociaux vivent leur quotidien.<\/p><p>\u00a0<\/p><p>Face \u00e0 l\u2019ampleur de ces situations, les \u00c9tats \u00e9prouvent de plus en plus de difficult\u00e9s \u00e0 trouver les ressources financi\u00e8res n\u00e9cessaires pour mettre en \u0153uvre les actions appropri\u00e9es et indispensables pour y faire face. C\u2019est pourquoi l\u2019intervention bienveillante de tous ceux qui contribuent au financement du remarquable travail accompli par les nombreuses initiatives du monde du b\u00e9n\u00e9volat en faveur des personnes les plus d\u00e9favoris\u00e9es marque une v\u00e9ritable transition de l\u2019\u00c9tat-providence vers ce que l\u2019on appelle d\u00e9sormais la soci\u00e9t\u00e9-providence.<\/p><p>\u00a0<\/p><p>Le l\u00e9gislateur italien, prenant acte de ce processus de changement, a approuv\u00e9 en 2017 la r\u00e9forme des organismes \u00e0 but non lucratif par l\u2019adoption du Code unique du Troisi\u00e8me Secteur (D\u00e9cret l\u00e9gislatif du 3 juillet 2017, n\u00b0117). Cette r\u00e9forme introduit un cadre juridique global visant, \u00e0 travers un contr\u00f4le plus strict et rigoureux des organismes dans la collecte et l\u2019utilisation des fonds, \u00e0 valoriser et r\u00e9compenser les organisations vertueuses ainsi que leurs donateurs.<\/p><p>\u00a0<\/p><p>Cette r\u00e9forme, qui n\u00e9cessite encore la publication de nombreux d\u00e9crets d\u2019application, entrera pleinement en vigueur en 2019. Toutefois, d\u00e8s 2018, une partie des nouvelles dispositions a commenc\u00e9 \u00e0 s\u2019appliquer, introduisant un nouveau r\u00e9gime d\u2019avantages fiscaux pour les donateurs.<\/p><p>\u00a0<\/p><p>Pour les dons en num\u00e9raire effectu\u00e9s par des particuliers, il est pr\u00e9vu une d\u00e9duction de l\u2019imp\u00f4t sur le revenu des personnes physiques (IRPEF) \u00e9quivalente \u00e0 30 % des montants vers\u00e9s en faveur de l\u2019organisme b\u00e9n\u00e9ficiaire, dans la limite d\u2019un plafond annuel total de 30 000 euros.<\/p><p>\u00a0<\/p><p><br \/>Cet avantage fiscal n\u2019est pas cumulable avec d\u2019autres mesures similaires pr\u00e9vues pour les m\u00eames dons, et il est conditionn\u00e9 au mode de paiement, lequel doit \u00eatre effectu\u00e9 par l\u2019interm\u00e9diaire d\u2019\u00e9tablissements bancaires ou de bureaux de poste, afin d\u2019en garantir la tra\u00e7abilit\u00e9.<\/p><p>\u00a0<\/p><p>Le Sacr\u00e9 Ordre Militaire Constantinien de Saint-Georges, tout en pr\u00e9servant et transmettant les valeurs immuables et fondamentales qui le caract\u00e9risent depuis des si\u00e8cles, demeure attentif aux signes du changement et \u00e0 l\u2019adaptation aux temps modernes. Il respecte les \u00e9volutions l\u00e9gislatives et d\u00e9montre sa capacit\u00e9 \u00e0 saisir et \u00e0 encourager les nouvelles opportunit\u00e9s susceptibles de soutenir et de renforcer l\u2019action des Chevaliers et Dames constantiniens ainsi que celle de l\u2019Ordre lui-m\u00eame.<\/p><p>\u00a0<\/p><p>Ainsi, afin d\u2019adapter l\u2019organisation et la mise en \u0153uvre des activit\u00e9s caritatives et philanthropiques de l\u2019Ordre aux nouvelles dispositions l\u00e9gales, et dans le but d\u2019en tirer parti pour am\u00e9liorer encore sa structure organisationnelle, a \u00e9t\u00e9 cr\u00e9\u00e9e la Fondation Ordre Constantinien Charity Onlus.<\/p><p>\u00a0<\/p><p>Ce nouvel organisme, structur\u00e9 selon les standards internationaux modernes adopt\u00e9s par les plus grandes institutions caritatives, agira comme le bras ex\u00e9cutif des activit\u00e9s b\u00e9n\u00e9fiques et d\u2019assistance de l\u2019Ordre Constantinien, dans le plein respect des nouvelles r\u00e9glementations.<br \/>Il est dirig\u00e9 par S.A.R. la Princesse B\u00e9atrice de Bourbon des Deux-Siciles, actuelle Grande Pr\u00e9v\u00f4te de l\u2019Ordre Constantinien, assist\u00e9e de professionnels et de techniciens qualifi\u00e9s, et plac\u00e9e sous la supervision du Grand Magist\u00e8re.<\/p>\t\t\t\t\t\t\t\t<\/div>\n\t\t\t\t<\/div>\n\t\t<div class=\"elementor-element elementor-element-2b9d8ec e-con-full e-flex e-con e-child\" data-id=\"2b9d8ec\" data-element_type=\"container\" data-settings=\"{&quot;background_background&quot;:&quot;classic&quot;}\">\n\t\t\t\t<div class=\"elementor-element elementor-element-7526c48 elementor-position-top elementor-position-top elementor-widget elementor-widget-image-box\" data-id=\"7526c48\" data-element_type=\"widget\" data-widget_type=\"image-box.default\">\n\t\t\t\t\t<div class=\"elementor-image-box-wrapper\"><figure class=\"elementor-image-box-img\"><img decoding=\"async\" width=\"300\" height=\"300\" src=\"https:\/\/constantinianorder.com\/wp-content\/uploads\/2025\/10\/Fondazione-Ordine-Costantiniano-Charity-ETS.webp\" class=\"attachment-full size-full wp-image-4452\" alt=\"Fondazione Ordine Costantiniano Charity ETS\" \/><\/figure><\/div>\t\t\t\t<\/div>\n\t\t\t\t<div class=\"elementor-element elementor-element-da043ce elementor-widget elementor-widget-text-editor\" data-id=\"da043ce\" data-element_type=\"widget\" data-widget_type=\"text-editor.default\">\n\t\t\t\t\t\t\t\t\t<p>D\u00e9nomination sociale : FONDAZIONE ORDINE COSTANTINIANO CHARITY ETS<\/p><p>Forme juridique : FONDATION ETS<\/p><p>Code fiscal : 96610180588<\/p><p>Si\u00e8ge social : VIA GIOSUE\u2019 CARDUCCI, 4 \u2013 00187 ROME<\/p><p>Num\u00e9ro d\u2019enregistrement R.U.N.T.S. LAZIO Rep. 145632<\/p>\t\t\t\t\t\t\t\t<\/div>\n\t\t\t\t<div class=\"elementor-element elementor-element-f04d2d8 elementor-widget elementor-widget-text-editor\" data-id=\"f04d2d8\" data-element_type=\"widget\" data-widget_type=\"text-editor.default\">\n\t\t\t\t\t\t\t\t\t<h5>Dons<\/h5><p>Institut : Banca Generali<\/p><p>Titulaire : Ordre Constantinien Charity Onlus<\/p><p>IBAN: IT 98 K 03075 02200 CC8500837025<\/p><p>Swift\/BIC: BGENIT2T<\/p>\t\t\t\t\t\t\t\t<\/div>\n\t\t\t\t<div class=\"elementor-element elementor-element-2f73963 elementor-widget elementor-widget-image\" data-id=\"2f73963\" data-element_type=\"widget\" data-widget_type=\"image.default\">\n\t\t\t\t\t\t\t\t\t\t\t\t\t\t\t<img decoding=\"async\" width=\"570\" height=\"457\" src=\"https:\/\/constantinianorder.com\/wp-content\/uploads\/2025\/09\/charity2-e1760695934266.webp\" class=\"attachment-full size-full wp-image-4457\" alt=\"Fondazione Ordine Costantiniano Charity ETS\" \/>\t\t\t\t\t\t\t\t\t\t\t\t\t\t\t<\/div>\n\t\t\t\t<\/div>\n\t\t\t\t\t<\/div>\n\t\t\t\t<\/div>\n\t\t\t\t<\/div>\n\t\t","protected":false},"excerpt":{"rendered":"<p>Fondation Ordre Constantinien Charity ETS La Fondation Ordre Constantinien Charity ETS a \u00e9t\u00e9 cr\u00e9\u00e9e par S.A.R. Charles de Bourbon des Deux-Siciles, en sa qualit\u00e9 de Grand Ma\u00eetre du Sacr\u00e9 Ordre Militaire Constantinien de Saint-Georges, dans le but de promouvoir la constitution d\u2019un fonds destin\u00e9 exclusivement \u00e0 des activit\u00e9s d\u2019utilit\u00e9 publique et de solidarit\u00e9 sociale, notamment [&hellip;]<\/p>\n","protected":false},"author":2,"featured_media":0,"parent":0,"menu_order":0,"comment_status":"closed","ping_status":"closed","template":"elementor_header_footer","meta":{"footnotes":""},"class_list":["post-95854","page","type-page","status-publish","hentry"],"yoast_head":"<!-- This site is optimized with the Yoast SEO plugin v26.5 - https:\/\/yoast.com\/wordpress\/plugins\/seo\/ -->\n<title>Fondation Ordre Constantinien Charity ETS<\/title>\n<meta name=\"description\" content=\"Fondazione Ordine Costantiniano Charity ETS. Promuove attivit\u00e0 di beneficienza, assistenza ospedaliera e sociale, in Italia e nel Mondo\" \/>\n<meta name=\"robots\" content=\"index, follow, max-snippet:-1, max-image-preview:large, max-video-preview:-1\" \/>\n<link rel=\"canonical\" href=\"https:\/\/constantinianorder.com\/en\/constantinian-order-charity-foundation-ets\/\" \/>\n<meta property=\"og:locale\" content=\"fr_FR\" \/>\n<meta property=\"og:type\" content=\"article\" \/>\n<meta property=\"og:title\" content=\"Fondation Ordre Constantinien Charity ETS\" \/>\n<meta property=\"og:description\" content=\"Fondazione Ordine Costantiniano Charity ETS. Promuove attivit\u00e0 di beneficienza, assistenza ospedaliera e sociale, in Italia e nel Mondo\" \/>\n<meta property=\"og:url\" content=\"https:\/\/constantinianorder.com\/en\/constantinian-order-charity-foundation-ets\/\" \/>\n<meta property=\"og:site_name\" content=\"Sacro Militare Ordine Costantiniano di San Giorgio\" \/>\n<meta property=\"article:publisher\" content=\"https:\/\/www.facebook.com\/constantinianorder\" \/>\n<meta property=\"article:modified_time\" content=\"2026-03-01T14:58:03+00:00\" \/>\n<meta property=\"og:image\" content=\"https:\/\/constantinianorder.com\/wp-content\/uploads\/2025\/10\/cropped-logo-costantiniano.webp\" \/>\n\t<meta property=\"og:image:width\" content=\"512\" \/>\n\t<meta property=\"og:image:height\" content=\"512\" \/>\n\t<meta property=\"og:image:type\" content=\"image\/png\" \/>\n<meta name=\"twitter:card\" content=\"summary_large_image\" \/>\n<meta name=\"twitter:label1\" content=\"Dur\u00e9e de lecture estim\u00e9e\" \/>\n\t<meta name=\"twitter:data1\" content=\"4 minutes\" \/>\n<script type=\"application\/ld+json\" class=\"yoast-schema-graph\">{\"@context\":\"https:\/\/schema.org\",\"@graph\":[{\"@type\":\"WebPage\",\"@id\":\"https:\/\/constantinianorder.com\/en\/constantinian-order-charity-foundation-ets\/\",\"url\":\"https:\/\/constantinianorder.com\/en\/constantinian-order-charity-foundation-ets\/\",\"name\":\"Fondation Ordre Constantinien Charity ETS\",\"isPartOf\":{\"@id\":\"https:\/\/constantinianorder.com\/#website\"},\"primaryImageOfPage\":{\"@id\":\"https:\/\/constantinianorder.com\/en\/constantinian-order-charity-foundation-ets\/#primaryimage\"},\"image\":{\"@id\":\"https:\/\/constantinianorder.com\/en\/constantinian-order-charity-foundation-ets\/#primaryimage\"},\"thumbnailUrl\":\"https:\/\/constantinianorder.com\/wp-content\/uploads\/2025\/10\/cropped-logo-costantiniano.webp\",\"datePublished\":\"2025-10-17T09:05:32+00:00\",\"dateModified\":\"2026-03-01T14:58:03+00:00\",\"description\":\"Fondazione Ordine Costantiniano Charity ETS. Promuove attivit\u00e0 di beneficienza, assistenza ospedaliera e sociale, in Italia e nel Mondo\",\"breadcrumb\":{\"@id\":\"https:\/\/constantinianorder.com\/en\/constantinian-order-charity-foundation-ets\/#breadcrumb\"},\"inLanguage\":\"fr-FR\",\"potentialAction\":[{\"@type\":\"ReadAction\",\"target\":[\"https:\/\/constantinianorder.com\/en\/constantinian-order-charity-foundation-ets\/\"]}]},{\"@type\":\"ImageObject\",\"inLanguage\":\"fr-FR\",\"@id\":\"https:\/\/constantinianorder.com\/en\/constantinian-order-charity-foundation-ets\/#primaryimage\",\"url\":\"https:\/\/constantinianorder.com\/wp-content\/uploads\/2025\/10\/cropped-logo-costantiniano.webp\",\"contentUrl\":\"https:\/\/constantinianorder.com\/wp-content\/uploads\/2025\/10\/cropped-logo-costantiniano.webp\"},{\"@type\":\"BreadcrumbList\",\"@id\":\"https:\/\/constantinianorder.com\/en\/constantinian-order-charity-foundation-ets\/#breadcrumb\",\"itemListElement\":[{\"@type\":\"ListItem\",\"position\":1,\"name\":\"Home\",\"item\":\"https:\/\/constantinianorder.com\/en\/\"},{\"@type\":\"ListItem\",\"position\":2,\"name\":\"Fondation Ordre Constantinien Charity ETS\"}]},{\"@type\":\"WebSite\",\"@id\":\"https:\/\/constantinianorder.com\/#website\",\"url\":\"https:\/\/constantinianorder.com\/\",\"name\":\"Sacro Militare Ordine Costantiniano di San Giorgio\",\"description\":\"Ordine Ufficiale\",\"publisher\":{\"@id\":\"https:\/\/constantinianorder.com\/#organization\"},\"potentialAction\":[{\"@type\":\"SearchAction\",\"target\":{\"@type\":\"EntryPoint\",\"urlTemplate\":\"https:\/\/constantinianorder.com\/?s={search_term_string}\"},\"query-input\":{\"@type\":\"PropertyValueSpecification\",\"valueRequired\":true,\"valueName\":\"search_term_string\"}}],\"inLanguage\":\"fr-FR\"},{\"@type\":\"Organization\",\"@id\":\"https:\/\/constantinianorder.com\/#organization\",\"name\":\"Sacro Militare Ordine Costantiniano di San Giorgio\",\"url\":\"https:\/\/constantinianorder.com\/\",\"logo\":{\"@type\":\"ImageObject\",\"inLanguage\":\"fr-FR\",\"@id\":\"https:\/\/constantinianorder.com\/#\/schema\/logo\/image\/\",\"url\":\"https:\/\/constantinianorder.com\/wp-content\/uploads\/2025\/10\/cropped-logo-costantiniano.png\",\"contentUrl\":\"https:\/\/constantinianorder.com\/wp-content\/uploads\/2025\/10\/cropped-logo-costantiniano.png\",\"width\":512,\"height\":512,\"caption\":\"Sacro Militare Ordine Costantiniano di San Giorgio\"},\"image\":{\"@id\":\"https:\/\/constantinianorder.com\/#\/schema\/logo\/image\/\"},\"sameAs\":[\"https:\/\/www.facebook.com\/constantinianorder\",\"https:\/\/www.instagram.com\/constantinianorder\/\",\"https:\/\/www.youtube.com\/@granmagisterodelsacromilit9375\"]}]}<\/script>\n<!-- \/ Yoast SEO plugin. -->","yoast_head_json":{"title":"Fondation Ordre Constantinien Charity ETS","description":"Fondazione Ordine Costantiniano Charity ETS. Promuove attivit\u00e0 di beneficienza, assistenza ospedaliera e sociale, in Italia e nel Mondo","robots":{"index":"index","follow":"follow","max-snippet":"max-snippet:-1","max-image-preview":"max-image-preview:large","max-video-preview":"max-video-preview:-1"},"canonical":"https:\/\/constantinianorder.com\/en\/constantinian-order-charity-foundation-ets\/","og_locale":"fr_FR","og_type":"article","og_title":"Fondation Ordre Constantinien Charity ETS","og_description":"Fondazione Ordine Costantiniano Charity ETS. Promuove attivit\u00e0 di beneficienza, assistenza ospedaliera e sociale, in Italia e nel Mondo","og_url":"https:\/\/constantinianorder.com\/en\/constantinian-order-charity-foundation-ets\/","og_site_name":"Sacro Militare Ordine Costantiniano di San Giorgio","article_publisher":"https:\/\/www.facebook.com\/constantinianorder","article_modified_time":"2026-03-01T14:58:03+00:00","og_image":[{"width":512,"height":512,"url":"https:\/\/constantinianorder.com\/wp-content\/uploads\/2025\/10\/cropped-logo-costantiniano.webp","type":"image\/png"}],"twitter_card":"summary_large_image","twitter_misc":{"Dur\u00e9e de lecture estim\u00e9e":"4 minutes"},"schema":{"@context":"https:\/\/schema.org","@graph":[{"@type":"WebPage","@id":"https:\/\/constantinianorder.com\/en\/constantinian-order-charity-foundation-ets\/","url":"https:\/\/constantinianorder.com\/en\/constantinian-order-charity-foundation-ets\/","name":"Fondation Ordre Constantinien Charity ETS","isPartOf":{"@id":"https:\/\/constantinianorder.com\/#website"},"primaryImageOfPage":{"@id":"https:\/\/constantinianorder.com\/en\/constantinian-order-charity-foundation-ets\/#primaryimage"},"image":{"@id":"https:\/\/constantinianorder.com\/en\/constantinian-order-charity-foundation-ets\/#primaryimage"},"thumbnailUrl":"https:\/\/constantinianorder.com\/wp-content\/uploads\/2025\/10\/cropped-logo-costantiniano.webp","datePublished":"2025-10-17T09:05:32+00:00","dateModified":"2026-03-01T14:58:03+00:00","description":"Fondazione Ordine Costantiniano Charity ETS. Promuove attivit\u00e0 di beneficienza, assistenza ospedaliera e sociale, in Italia e nel Mondo","breadcrumb":{"@id":"https:\/\/constantinianorder.com\/en\/constantinian-order-charity-foundation-ets\/#breadcrumb"},"inLanguage":"fr-FR","potentialAction":[{"@type":"ReadAction","target":["https:\/\/constantinianorder.com\/en\/constantinian-order-charity-foundation-ets\/"]}]},{"@type":"ImageObject","inLanguage":"fr-FR","@id":"https:\/\/constantinianorder.com\/en\/constantinian-order-charity-foundation-ets\/#primaryimage","url":"https:\/\/constantinianorder.com\/wp-content\/uploads\/2025\/10\/cropped-logo-costantiniano.webp","contentUrl":"https:\/\/constantinianorder.com\/wp-content\/uploads\/2025\/10\/cropped-logo-costantiniano.webp"},{"@type":"BreadcrumbList","@id":"https:\/\/constantinianorder.com\/en\/constantinian-order-charity-foundation-ets\/#breadcrumb","itemListElement":[{"@type":"ListItem","position":1,"name":"Home","item":"https:\/\/constantinianorder.com\/en\/"},{"@type":"ListItem","position":2,"name":"Fondation Ordre Constantinien Charity ETS"}]},{"@type":"WebSite","@id":"https:\/\/constantinianorder.com\/#website","url":"https:\/\/constantinianorder.com\/","name":"Sacro Militare Ordine Costantiniano di San Giorgio","description":"Ordine Ufficiale","publisher":{"@id":"https:\/\/constantinianorder.com\/#organization"},"potentialAction":[{"@type":"SearchAction","target":{"@type":"EntryPoint","urlTemplate":"https:\/\/constantinianorder.com\/?s={search_term_string}"},"query-input":{"@type":"PropertyValueSpecification","valueRequired":true,"valueName":"search_term_string"}}],"inLanguage":"fr-FR"},{"@type":"Organization","@id":"https:\/\/constantinianorder.com\/#organization","name":"Sacro Militare Ordine Costantiniano di San Giorgio","url":"https:\/\/constantinianorder.com\/","logo":{"@type":"ImageObject","inLanguage":"fr-FR","@id":"https:\/\/constantinianorder.com\/#\/schema\/logo\/image\/","url":"https:\/\/constantinianorder.com\/wp-content\/uploads\/2025\/10\/cropped-logo-costantiniano.png","contentUrl":"https:\/\/constantinianorder.com\/wp-content\/uploads\/2025\/10\/cropped-logo-costantiniano.png","width":512,"height":512,"caption":"Sacro Militare Ordine Costantiniano di San Giorgio"},"image":{"@id":"https:\/\/constantinianorder.com\/#\/schema\/logo\/image\/"},"sameAs":["https:\/\/www.facebook.com\/constantinianorder","https:\/\/www.instagram.com\/constantinianorder\/","https:\/\/www.youtube.com\/@granmagisterodelsacromilit9375"]}]}},"_links":{"self":[{"href":"https:\/\/constantinianorder.com\/fr\/wp-json\/wp\/v2\/pages\/95854","targetHints":{"allow":["GET"]}}],"collection":[{"href":"https:\/\/constantinianorder.com\/fr\/wp-json\/wp\/v2\/pages"}],"about":[{"href":"https:\/\/constantinianorder.com\/fr\/wp-json\/wp\/v2\/types\/page"}],"author":[{"embeddable":true,"href":"https:\/\/constantinianorder.com\/fr\/wp-json\/wp\/v2\/users\/2"}],"replies":[{"embeddable":true,"href":"https:\/\/constantinianorder.com\/fr\/wp-json\/wp\/v2\/comments?post=95854"}],"version-history":[{"count":16,"href":"https:\/\/constantinianorder.com\/fr\/wp-json\/wp\/v2\/pages\/95854\/revisions"}],"predecessor-version":[{"id":103290,"href":"https:\/\/constantinianorder.com\/fr\/wp-json\/wp\/v2\/pages\/95854\/revisions\/103290"}],"wp:attachment":[{"href":"https:\/\/constantinianorder.com\/fr\/wp-json\/wp\/v2\/media?parent=95854"}],"curies":[{"name":"wp","href":"https:\/\/api.w.org\/{rel}","templated":true}]}}