{"id":95642,"date":"2025-10-17T09:05:32","date_gmt":"2025-10-17T09:05:32","guid":{"rendered":"https:\/\/constantinianorder.com\/fundacion-orden-constantiniana-charity-ets\/"},"modified":"2026-03-01T15:04:37","modified_gmt":"2026-03-01T15:04:37","slug":"fundacion-orden-constantiniana-charity-ets","status":"publish","type":"page","link":"https:\/\/constantinianorder.com\/es\/fundacion-orden-constantiniana-charity-ets\/","title":{"rendered":"Fundaci\u00f3n Orden Constantiniana Charity ETS"},"content":{"rendered":"\t\t<div data-elementor-type=\"wp-page\" data-elementor-id=\"95642\" class=\"elementor elementor-95642 elementor-4402\" data-elementor-post-type=\"page\">\n\t\t\t\t<div class=\"elementor-element elementor-element-411dc00b elementor-hidden-desktop elementor-hidden-tablet_extra elementor-hidden-tablet elementor-hidden-mobile e-flex e-con-boxed e-con e-parent\" data-id=\"411dc00b\" data-element_type=\"container\">\n\t\t\t\t\t<div class=\"e-con-inner\">\n\t\t\t\t<div class=\"elementor-element elementor-element-1425915b elementor-widget elementor-widget-image\" data-id=\"1425915b\" data-element_type=\"widget\" data-widget_type=\"image.default\">\n\t\t\t\t\t\t\t\t\t\t\t\t\t\t\t<img fetchpriority=\"high\" decoding=\"async\" width=\"512\" height=\"512\" src=\"https:\/\/constantinianorder.com\/wp-content\/uploads\/2025\/10\/cropped-logo-costantiniano.webp\" class=\"attachment-full size-full wp-image-1066\" alt=\"sacro militare ordine costantiniano di san giorgio\" \/>\t\t\t\t\t\t\t\t\t\t\t\t\t\t\t<\/div>\n\t\t\t\t<div class=\"elementor-element elementor-element-44d6f1d9 elementor-widget elementor-widget-heading\" data-id=\"44d6f1d9\" data-element_type=\"widget\" data-widget_type=\"heading.default\">\n\t\t\t\t\t<h1 class=\"elementor-heading-title elementor-size-default\">Fundaci\u00f3n Orden Constantiniana Charity ETS<\/h1>\t\t\t\t<\/div>\n\t\t\t\t<div class=\"elementor-element elementor-element-6a19cb6 elementor-widget elementor-widget-text-editor\" data-id=\"6a19cb6\" data-element_type=\"widget\" data-widget_type=\"text-editor.default\">\n\t\t\t\t\t\t\t\t\t<p>La Fundaci\u00f3n Orden Constantiniana Charity ETS fue establecida por S.A.R. Carlos de Borb\u00f3n de las Dos Sicilias, en su calidad de Gran Maestre de la Sagrada Orden Militar Constantiniana de San Jorge, con el prop\u00f3sito de promover la creaci\u00f3n de un fondo destinado exclusivamente a la consecuci\u00f3n de fines de utilidad p\u00fablica y solidaridad social, y en particular a actividades de beneficencia y asistencia hospitalaria y social relacionadas con situaciones urgentes de necesidad.<\/p><ul><li><a href=\"https:\/\/constantinianorder.net\" target=\"_blank\" rel=\"noopener\">constantinianorder.net<\/a><\/li><li><a href=\"https:\/\/realcasadiborbone.it\" target=\"_blank\" rel=\"noopener\">Real Casa de Borb\u00f3n de las Dos Sicilias<\/a><\/li><li><a href=\"https:\/\/constantinianorder.com\/contatti\/\">contactos<\/a><\/li><\/ul>\t\t\t\t\t\t\t\t<\/div>\n\t\t\t\t\t<\/div>\n\t\t\t\t<\/div>\n\t\t<div class=\"elementor-element elementor-element-483b40f e-flex e-con-boxed e-con e-parent\" data-id=\"483b40f\" data-element_type=\"container\">\n\t\t\t\t\t<div class=\"e-con-inner\">\n\t\t<div class=\"elementor-element elementor-element-46baf72 e-con-full e-flex e-con e-child\" data-id=\"46baf72\" data-element_type=\"container\">\n\t\t\t\t<div class=\"elementor-element elementor-element-cbc30c4 elementor-widget elementor-widget-heading\" data-id=\"cbc30c4\" data-element_type=\"widget\" data-widget_type=\"heading.default\">\n\t\t\t\t\t<h2 class=\"elementor-heading-title elementor-size-default\">Fondazione Ordine Costantiniano Charity ETS\n<i>(Entidad italiana del Tercer Sector)<\/i><\/h2>\t\t\t\t<\/div>\n\t\t\t\t<div class=\"elementor-element elementor-element-fc1547c elementor-widget elementor-widget-text-editor\" data-id=\"fc1547c\" data-element_type=\"widget\" data-widget_type=\"text-editor.default\">\n\t\t\t\t\t\t\t\t\t<p>El dif\u00edcil contexto econ\u00f3mico que desde hace casi una d\u00e9cada influye y frena el desarrollo econ\u00f3mico y social de muchos pa\u00edses en el mundo, entre ellos Italia, ha generado una continua evoluci\u00f3n y agravamiento de las formas de dificultad y marginaci\u00f3n social, ampliando la precariedad econ\u00f3mica y el estado de necesidad en el que un n\u00famero cada vez mayor de personas, familias enteras y grupos sociales viven su d\u00eda a d\u00eda.<\/p>\n<p><br><\/p>\n<p>Frente a la magnitud de tales situaciones, los Estados se encuentran cada vez m\u00e1s en dificultad para encontrar los recursos financieros necesarios para llevar a cabo las acciones adecuadas y urgentes de respuesta a estas necesidades. Es as\u00ed como la intervenci\u00f3n misericordiosa de todos aquellos que contribuyen a financiar la gran labor realizada por las muchas instituciones de excelencia del mundo del voluntariado en favor de las personas m\u00e1s desfavorecidas est\u00e1 marcando una aut\u00e9ntica transici\u00f3n del Welfare State al denominado Welfare Society.<\/p>\n<p><br><\/p>\n<p>El legislador italiano, tomando nota de este proceso de cambio, aprob\u00f3 en el a\u00f1o 2017 la reforma de las Entidades sin \u00e1nimo de lucro mediante la adopci\u00f3n del Texto \u00danico del Tercer Sector (Decreto Legislativo 3 de julio n.\u00ba 117 de 2017), que introduce una regulaci\u00f3n org\u00e1nica del fen\u00f3meno, imponiendo numerosas e importantes novedades destinadas, a trav\u00e9s de un mayor y m\u00e1s riguroso control de las Entidades en la recaudaci\u00f3n de fondos y en su utilizaci\u00f3n final, a destacar y premiar a las Entidades virtuosas y a sus financiadores.<\/p>\n<p><br><\/p>\n<p>Dicha reforma, que a\u00fan requiere la promulgaci\u00f3n de numerosos decretos de aplicaci\u00f3n, entrar\u00e1 plenamente en vigor en el a\u00f1o 2019 y prev\u00e9, desde 2018, la entrada en vigor de parte de las nuevas normas con la introducci\u00f3n de un nuevo r\u00e9gimen de beneficios fiscales para los donantes.<\/p>\n<p><br><\/p>\n<p>Para las donaciones en dinero efectuadas por personas f\u00edsicas, se prev\u00e9 una deducci\u00f3n del 30% en el Impuesto sobre la Renta de las Personas F\u00edsicas (IRPEF) sobre los importes donados a favor de la Entidad ben\u00e9fica, hasta un monto total anual no superior a 30.000,00 euros.<\/p><p><br><\/p>\n<p>Dicho beneficio no es acumulable con otras ventajas fiscales similares previstas para las mismas donaciones, y est\u00e1 condicionado al modo en que se realice el pago, el cual debe efectuarse a trav\u00e9s de bancos o de oficinas postales con el fin de garantizar su trazabilidad.<\/p><p><br><\/p>\n<p>La Sagrada Orden Militar Constantiniana de San Jorge, aun manteniendo y transmitiendo los valores inmutables y fundamentales que la caracterizan desde hace siglos, est\u00e1 siempre dispuesta a captar las se\u00f1ales de cambio y de adaptaci\u00f3n a los tiempos modernos, respetando las evoluciones normativas y demostrando la capacidad de identificar y facilitar las nuevas oportunidades que favorezcan y refuercen la labor de los Caballeros y Damas constantinianos y de la propia Orden.<\/p><p><br><\/p>\n<p>Por lo tanto, con el fin de adecuar la organizaci\u00f3n y ejecuci\u00f3n de las actividades ben\u00e9ficas y caritativas de la Orden a las nuevas disposiciones normativas, y con la intenci\u00f3n de aprovechar dicha oportunidad para un posible perfeccionamiento adicional de la estructura organizativa, se constituy\u00f3 la Orden Constantiniana Charity Onlus.<\/p><p><br><\/p>\n<p>Este nuevo Organismo, estructurado conforme a las modernas directrices internacionales adoptadas por las principales entidades con fines ben\u00e9ficos, actuar\u00e1 como el brazo ejecutivo de las actividades caritativas y asistenciales de la Orden Constantiniana, en pleno cumplimiento de las nuevas normas.<\/p><p><br>Estar\u00e1 dirigido por S.A.R. la Princesa Beatriz de Borb\u00f3n de las Dos Sicilias, actual Gran Prefecto de la Orden Constantiniana, asistida y asesorada por profesionales y t\u00e9cnicos competentes, y bajo la supervisi\u00f3n del Gran Magisterio.<\/p>\t\t\t\t\t\t\t\t<\/div>\n\t\t\t\t<\/div>\n\t\t<div class=\"elementor-element elementor-element-2b9d8ec e-con-full e-flex e-con e-child\" data-id=\"2b9d8ec\" data-element_type=\"container\" data-settings=\"{&quot;background_background&quot;:&quot;classic&quot;}\">\n\t\t\t\t<div class=\"elementor-element elementor-element-7526c48 elementor-position-top elementor-position-top elementor-widget elementor-widget-image-box\" data-id=\"7526c48\" data-element_type=\"widget\" data-widget_type=\"image-box.default\">\n\t\t\t\t\t<div class=\"elementor-image-box-wrapper\"><figure class=\"elementor-image-box-img\"><img decoding=\"async\" width=\"300\" height=\"300\" src=\"https:\/\/constantinianorder.com\/wp-content\/uploads\/2025\/10\/Fondazione-Ordine-Costantiniano-Charity-ETS.webp\" class=\"attachment-full size-full wp-image-4453\" alt=\"Fondazione Ordine Costantiniano Charity ETS\" \/><\/figure><\/div>\t\t\t\t<\/div>\n\t\t\t\t<div class=\"elementor-element elementor-element-da043ce elementor-widget elementor-widget-text-editor\" data-id=\"da043ce\" data-element_type=\"widget\" data-widget_type=\"text-editor.default\">\n\t\t\t\t\t\t\t\t\t<p>Raz\u00f3n Social: FONDAZIONE ORDINE COSTANTINIANO CHARITY ETS<\/p>\n<p>Forma giuridica: FUNDACI\u00d3N ETS<\/p>\n<p>N\u00famero de identificaci\u00f3n fiscal: 96610180588<\/p>\n<p>Sede legal: VIA GIOSUE\u2019 CARDUCCI, 4 \u2013 00187 ROMA<\/p>\n<p>N\u00famero de registro R.U.N.T.S. LAZIO Rep. 145632<\/p>\t\t\t\t\t\t\t\t<\/div>\n\t\t\t\t<div class=\"elementor-element elementor-element-f04d2d8 elementor-widget elementor-widget-text-editor\" data-id=\"f04d2d8\" data-element_type=\"widget\" data-widget_type=\"text-editor.default\">\n\t\t\t\t\t\t\t\t\t<h5>Donaciones<\/h5><p>Entidad bancaria: Banca Generali<\/p><p>Titular: Ordine Costantiniano Charity Onlus<\/p><p>IBAN: IT 98 K 03075 02200 CC8500837025<\/p><p>Swift\/BIC: BGENIT2T<\/p>\t\t\t\t\t\t\t\t<\/div>\n\t\t\t\t<div class=\"elementor-element elementor-element-2f73963 elementor-widget elementor-widget-image\" data-id=\"2f73963\" data-element_type=\"widget\" data-widget_type=\"image.default\">\n\t\t\t\t\t\t\t\t\t\t\t\t\t\t\t<img decoding=\"async\" width=\"570\" height=\"457\" src=\"https:\/\/constantinianorder.com\/wp-content\/uploads\/2025\/09\/charity2-e1760695934266.webp\" class=\"attachment-full size-full wp-image-4459\" alt=\"Fondazione Ordine Costantiniano Charity ETS\" \/>\t\t\t\t\t\t\t\t\t\t\t\t\t\t\t<\/div>\n\t\t\t\t<\/div>\n\t\t\t\t\t<\/div>\n\t\t\t\t<\/div>\n\t\t\t\t<\/div>\n\t\t","protected":false},"excerpt":{"rendered":"<p>Fundaci\u00f3n Orden Constantiniana Charity ETS La Fundaci\u00f3n Orden Constantiniana Charity ETS fue establecida por S.A.R. Carlos de Borb\u00f3n de las Dos Sicilias, en su calidad de Gran Maestre de la Sagrada Orden Militar Constantiniana de San Jorge, con el prop\u00f3sito de promover la creaci\u00f3n de un fondo destinado exclusivamente a la consecuci\u00f3n de fines de [&hellip;]<\/p>\n","protected":false},"author":2,"featured_media":0,"parent":0,"menu_order":0,"comment_status":"closed","ping_status":"closed","template":"elementor_header_footer","meta":{"footnotes":""},"class_list":["post-95642","page","type-page","status-publish","hentry"],"yoast_head":"<!-- This site is optimized with the Yoast SEO plugin v26.5 - https:\/\/yoast.com\/wordpress\/plugins\/seo\/ -->\n<title>Fundaci\u00f3n Orden Constantiniana Charity ETS<\/title>\n<meta name=\"description\" content=\"Fundaci\u00f3n Orden Constantiniana Charity ETS. Promueve actividades de beneficencia, asistencia hospitalaria y social, en Italia y en todo el mundo.\" \/>\n<meta name=\"robots\" content=\"index, follow, max-snippet:-1, max-image-preview:large, max-video-preview:-1\" \/>\n<link rel=\"canonical\" href=\"https:\/\/constantinianorder.com\/en\/constantinian-order-charity-foundation-ets\/\" \/>\n<meta property=\"og:locale\" content=\"es_ES\" \/>\n<meta property=\"og:type\" content=\"article\" \/>\n<meta property=\"og:title\" content=\"Fundaci\u00f3n Orden Constantiniana Charity ETS\" \/>\n<meta property=\"og:description\" content=\"Fundaci\u00f3n Orden Constantiniana Charity ETS. Promueve actividades de beneficencia, asistencia hospitalaria y social, en Italia y en todo el mundo.\" \/>\n<meta property=\"og:url\" content=\"https:\/\/constantinianorder.com\/en\/constantinian-order-charity-foundation-ets\/\" \/>\n<meta property=\"og:site_name\" content=\"Sacro Militare Ordine Costantiniano di San Giorgio\" \/>\n<meta property=\"article:publisher\" content=\"https:\/\/www.facebook.com\/constantinianorder\" \/>\n<meta property=\"article:modified_time\" content=\"2026-03-01T15:04:37+00:00\" \/>\n<meta property=\"og:image\" content=\"https:\/\/constantinianorder.com\/wp-content\/uploads\/2025\/10\/cropped-logo-costantiniano.webp\" \/>\n\t<meta property=\"og:image:width\" content=\"512\" \/>\n\t<meta property=\"og:image:height\" content=\"512\" \/>\n\t<meta property=\"og:image:type\" content=\"image\/png\" \/>\n<meta name=\"twitter:card\" content=\"summary_large_image\" \/>\n<meta name=\"twitter:label1\" content=\"Tiempo de lectura\" \/>\n\t<meta name=\"twitter:data1\" content=\"4 minutos\" \/>\n<script type=\"application\/ld+json\" class=\"yoast-schema-graph\">{\"@context\":\"https:\/\/schema.org\",\"@graph\":[{\"@type\":\"WebPage\",\"@id\":\"https:\/\/constantinianorder.com\/en\/constantinian-order-charity-foundation-ets\/\",\"url\":\"https:\/\/constantinianorder.com\/en\/constantinian-order-charity-foundation-ets\/\",\"name\":\"Fundaci\u00f3n Orden Constantiniana Charity ETS\",\"isPartOf\":{\"@id\":\"https:\/\/constantinianorder.com\/#website\"},\"primaryImageOfPage\":{\"@id\":\"https:\/\/constantinianorder.com\/en\/constantinian-order-charity-foundation-ets\/#primaryimage\"},\"image\":{\"@id\":\"https:\/\/constantinianorder.com\/en\/constantinian-order-charity-foundation-ets\/#primaryimage\"},\"thumbnailUrl\":\"https:\/\/constantinianorder.com\/wp-content\/uploads\/2025\/10\/cropped-logo-costantiniano.webp\",\"datePublished\":\"2025-10-17T09:05:32+00:00\",\"dateModified\":\"2026-03-01T15:04:37+00:00\",\"description\":\"Fundaci\u00f3n Orden Constantiniana Charity ETS. Promueve actividades de beneficencia, asistencia hospitalaria y social, en Italia y en todo el mundo.\",\"breadcrumb\":{\"@id\":\"https:\/\/constantinianorder.com\/en\/constantinian-order-charity-foundation-ets\/#breadcrumb\"},\"inLanguage\":\"es\",\"potentialAction\":[{\"@type\":\"ReadAction\",\"target\":[\"https:\/\/constantinianorder.com\/en\/constantinian-order-charity-foundation-ets\/\"]}]},{\"@type\":\"ImageObject\",\"inLanguage\":\"es\",\"@id\":\"https:\/\/constantinianorder.com\/en\/constantinian-order-charity-foundation-ets\/#primaryimage\",\"url\":\"https:\/\/constantinianorder.com\/wp-content\/uploads\/2025\/10\/cropped-logo-costantiniano.webp\",\"contentUrl\":\"https:\/\/constantinianorder.com\/wp-content\/uploads\/2025\/10\/cropped-logo-costantiniano.webp\"},{\"@type\":\"BreadcrumbList\",\"@id\":\"https:\/\/constantinianorder.com\/en\/constantinian-order-charity-foundation-ets\/#breadcrumb\",\"itemListElement\":[{\"@type\":\"ListItem\",\"position\":1,\"name\":\"Home\",\"item\":\"https:\/\/constantinianorder.com\/en\/\"},{\"@type\":\"ListItem\",\"position\":2,\"name\":\"Fundaci\u00f3n Orden Constantiniana Charity ETS\"}]},{\"@type\":\"WebSite\",\"@id\":\"https:\/\/constantinianorder.com\/#website\",\"url\":\"https:\/\/constantinianorder.com\/\",\"name\":\"Sacro Militare Ordine Costantiniano di San Giorgio\",\"description\":\"Ordine Ufficiale\",\"publisher\":{\"@id\":\"https:\/\/constantinianorder.com\/#organization\"},\"potentialAction\":[{\"@type\":\"SearchAction\",\"target\":{\"@type\":\"EntryPoint\",\"urlTemplate\":\"https:\/\/constantinianorder.com\/?s={search_term_string}\"},\"query-input\":{\"@type\":\"PropertyValueSpecification\",\"valueRequired\":true,\"valueName\":\"search_term_string\"}}],\"inLanguage\":\"es\"},{\"@type\":\"Organization\",\"@id\":\"https:\/\/constantinianorder.com\/#organization\",\"name\":\"Sacro Militare Ordine Costantiniano di San Giorgio\",\"url\":\"https:\/\/constantinianorder.com\/\",\"logo\":{\"@type\":\"ImageObject\",\"inLanguage\":\"es\",\"@id\":\"https:\/\/constantinianorder.com\/#\/schema\/logo\/image\/\",\"url\":\"https:\/\/constantinianorder.com\/wp-content\/uploads\/2025\/10\/cropped-logo-costantiniano.png\",\"contentUrl\":\"https:\/\/constantinianorder.com\/wp-content\/uploads\/2025\/10\/cropped-logo-costantiniano.png\",\"width\":512,\"height\":512,\"caption\":\"Sacro Militare Ordine Costantiniano di San Giorgio\"},\"image\":{\"@id\":\"https:\/\/constantinianorder.com\/#\/schema\/logo\/image\/\"},\"sameAs\":[\"https:\/\/www.facebook.com\/constantinianorder\",\"https:\/\/www.instagram.com\/constantinianorder\/\",\"https:\/\/www.youtube.com\/@granmagisterodelsacromilit9375\"]}]}<\/script>\n<!-- \/ Yoast SEO plugin. -->","yoast_head_json":{"title":"Fundaci\u00f3n Orden Constantiniana Charity ETS","description":"Fundaci\u00f3n Orden Constantiniana Charity ETS. Promueve actividades de beneficencia, asistencia hospitalaria y social, en Italia y en todo el mundo.","robots":{"index":"index","follow":"follow","max-snippet":"max-snippet:-1","max-image-preview":"max-image-preview:large","max-video-preview":"max-video-preview:-1"},"canonical":"https:\/\/constantinianorder.com\/en\/constantinian-order-charity-foundation-ets\/","og_locale":"es_ES","og_type":"article","og_title":"Fundaci\u00f3n Orden Constantiniana Charity ETS","og_description":"Fundaci\u00f3n Orden Constantiniana Charity ETS. Promueve actividades de beneficencia, asistencia hospitalaria y social, en Italia y en todo el mundo.","og_url":"https:\/\/constantinianorder.com\/en\/constantinian-order-charity-foundation-ets\/","og_site_name":"Sacro Militare Ordine Costantiniano di San Giorgio","article_publisher":"https:\/\/www.facebook.com\/constantinianorder","article_modified_time":"2026-03-01T15:04:37+00:00","og_image":[{"width":512,"height":512,"url":"https:\/\/constantinianorder.com\/wp-content\/uploads\/2025\/10\/cropped-logo-costantiniano.webp","type":"image\/png"}],"twitter_card":"summary_large_image","twitter_misc":{"Tiempo de lectura":"4 minutos"},"schema":{"@context":"https:\/\/schema.org","@graph":[{"@type":"WebPage","@id":"https:\/\/constantinianorder.com\/en\/constantinian-order-charity-foundation-ets\/","url":"https:\/\/constantinianorder.com\/en\/constantinian-order-charity-foundation-ets\/","name":"Fundaci\u00f3n Orden Constantiniana Charity ETS","isPartOf":{"@id":"https:\/\/constantinianorder.com\/#website"},"primaryImageOfPage":{"@id":"https:\/\/constantinianorder.com\/en\/constantinian-order-charity-foundation-ets\/#primaryimage"},"image":{"@id":"https:\/\/constantinianorder.com\/en\/constantinian-order-charity-foundation-ets\/#primaryimage"},"thumbnailUrl":"https:\/\/constantinianorder.com\/wp-content\/uploads\/2025\/10\/cropped-logo-costantiniano.webp","datePublished":"2025-10-17T09:05:32+00:00","dateModified":"2026-03-01T15:04:37+00:00","description":"Fundaci\u00f3n Orden Constantiniana Charity ETS. Promueve actividades de beneficencia, asistencia hospitalaria y social, en Italia y en todo el mundo.","breadcrumb":{"@id":"https:\/\/constantinianorder.com\/en\/constantinian-order-charity-foundation-ets\/#breadcrumb"},"inLanguage":"es","potentialAction":[{"@type":"ReadAction","target":["https:\/\/constantinianorder.com\/en\/constantinian-order-charity-foundation-ets\/"]}]},{"@type":"ImageObject","inLanguage":"es","@id":"https:\/\/constantinianorder.com\/en\/constantinian-order-charity-foundation-ets\/#primaryimage","url":"https:\/\/constantinianorder.com\/wp-content\/uploads\/2025\/10\/cropped-logo-costantiniano.webp","contentUrl":"https:\/\/constantinianorder.com\/wp-content\/uploads\/2025\/10\/cropped-logo-costantiniano.webp"},{"@type":"BreadcrumbList","@id":"https:\/\/constantinianorder.com\/en\/constantinian-order-charity-foundation-ets\/#breadcrumb","itemListElement":[{"@type":"ListItem","position":1,"name":"Home","item":"https:\/\/constantinianorder.com\/en\/"},{"@type":"ListItem","position":2,"name":"Fundaci\u00f3n Orden Constantiniana Charity ETS"}]},{"@type":"WebSite","@id":"https:\/\/constantinianorder.com\/#website","url":"https:\/\/constantinianorder.com\/","name":"Sacro Militare Ordine Costantiniano di San Giorgio","description":"Ordine Ufficiale","publisher":{"@id":"https:\/\/constantinianorder.com\/#organization"},"potentialAction":[{"@type":"SearchAction","target":{"@type":"EntryPoint","urlTemplate":"https:\/\/constantinianorder.com\/?s={search_term_string}"},"query-input":{"@type":"PropertyValueSpecification","valueRequired":true,"valueName":"search_term_string"}}],"inLanguage":"es"},{"@type":"Organization","@id":"https:\/\/constantinianorder.com\/#organization","name":"Sacro Militare Ordine Costantiniano di San Giorgio","url":"https:\/\/constantinianorder.com\/","logo":{"@type":"ImageObject","inLanguage":"es","@id":"https:\/\/constantinianorder.com\/#\/schema\/logo\/image\/","url":"https:\/\/constantinianorder.com\/wp-content\/uploads\/2025\/10\/cropped-logo-costantiniano.png","contentUrl":"https:\/\/constantinianorder.com\/wp-content\/uploads\/2025\/10\/cropped-logo-costantiniano.png","width":512,"height":512,"caption":"Sacro Militare Ordine Costantiniano di San Giorgio"},"image":{"@id":"https:\/\/constantinianorder.com\/#\/schema\/logo\/image\/"},"sameAs":["https:\/\/www.facebook.com\/constantinianorder","https:\/\/www.instagram.com\/constantinianorder\/","https:\/\/www.youtube.com\/@granmagisterodelsacromilit9375"]}]}},"_links":{"self":[{"href":"https:\/\/constantinianorder.com\/es\/wp-json\/wp\/v2\/pages\/95642","targetHints":{"allow":["GET"]}}],"collection":[{"href":"https:\/\/constantinianorder.com\/es\/wp-json\/wp\/v2\/pages"}],"about":[{"href":"https:\/\/constantinianorder.com\/es\/wp-json\/wp\/v2\/types\/page"}],"author":[{"embeddable":true,"href":"https:\/\/constantinianorder.com\/es\/wp-json\/wp\/v2\/users\/2"}],"replies":[{"embeddable":true,"href":"https:\/\/constantinianorder.com\/es\/wp-json\/wp\/v2\/comments?post=95642"}],"version-history":[{"count":16,"href":"https:\/\/constantinianorder.com\/es\/wp-json\/wp\/v2\/pages\/95642\/revisions"}],"predecessor-version":[{"id":103303,"href":"https:\/\/constantinianorder.com\/es\/wp-json\/wp\/v2\/pages\/95642\/revisions\/103303"}],"wp:attachment":[{"href":"https:\/\/constantinianorder.com\/es\/wp-json\/wp\/v2\/media?parent=95642"}],"curies":[{"name":"wp","href":"https:\/\/api.w.org\/{rel}","templated":true}]}}