{"id":95633,"date":"2025-10-10T16:55:07","date_gmt":"2025-10-10T16:55:07","guid":{"rendered":"https:\/\/constantinianorder.com\/la-orden-constantiniana-y-las-naciones-unidas\/"},"modified":"2025-12-05T10:44:04","modified_gmt":"2025-12-05T10:44:04","slug":"la-orden-constantiniana-y-las-naciones-unidas","status":"publish","type":"page","link":"https:\/\/constantinianorder.com\/es\/la-orden-constantiniana-y-las-naciones-unidas\/","title":{"rendered":"La Orden Constantiniana y las Naciones Unidas"},"content":{"rendered":"\t\t<div data-elementor-type=\"wp-page\" data-elementor-id=\"95633\" class=\"elementor elementor-95633 elementor-2229\" data-elementor-post-type=\"page\">\n\t\t\t\t<div class=\"elementor-element elementor-element-32b9e79d elementor-hidden-desktop elementor-hidden-tablet_extra elementor-hidden-tablet elementor-hidden-mobile e-flex e-con-boxed e-con e-parent\" data-id=\"32b9e79d\" data-element_type=\"container\">\n\t\t\t\t\t<div class=\"e-con-inner\">\n\t\t\t\t<div class=\"elementor-element elementor-element-2b1c1e7a elementor-widget elementor-widget-image\" data-id=\"2b1c1e7a\" data-element_type=\"widget\" data-widget_type=\"image.default\">\n\t\t\t\t\t\t\t\t\t\t\t\t\t\t\t<img fetchpriority=\"high\" decoding=\"async\" width=\"512\" height=\"512\" src=\"https:\/\/constantinianorder.com\/wp-content\/uploads\/2025\/10\/cropped-logo-costantiniano.webp\" class=\"attachment-full size-full wp-image-1066\" alt=\"sacro militare ordine costantiniano di san giorgio\" \/>\t\t\t\t\t\t\t\t\t\t\t\t\t\t\t<\/div>\n\t\t\t\t<div class=\"elementor-element elementor-element-1106a7c4 elementor-widget elementor-widget-heading\" data-id=\"1106a7c4\" data-element_type=\"widget\" data-widget_type=\"heading.default\">\n\t\t\t\t\t<h1 class=\"elementor-heading-title elementor-size-default\">La Orden Constantiniana y las Naciones Unidas<\/h1>\t\t\t\t<\/div>\n\t\t\t\t<div class=\"elementor-element elementor-element-483438f1 elementor-widget elementor-widget-text-editor\" data-id=\"483438f1\" data-element_type=\"widget\" data-widget_type=\"text-editor.default\">\n\t\t\t\t\t\t\t\t\t<p>La Orden Constantiniana y las Naciones Unidas, la orden caballeresca cat\u00f3lica de antiguas ra\u00edces, hoy bajo el Gran Magisterio de la Real Casa de Borb\u00f3n de las Dos Sicilias, promueve la fe, la caridad y el compromiso social inspirados en los valores cristianos.<\/p><ul><li><a href=\"https:\/\/constantinianorder.net\" target=\"_blank\" rel=\"noopener\">constantinianorder.net<\/a><\/li><li><a href=\"https:\/\/realcasadiborbone.it\" target=\"_blank\" rel=\"noopener\">Real Casa de Borb\u00f3n de las Dos Sicilias<\/a><\/li><li><a href=\"https:\/\/constantinianorder.com\/contatti\/\">contactos<\/a><\/li><\/ul>\t\t\t\t\t\t\t\t<\/div>\n\t\t\t\t\t<\/div>\n\t\t\t\t<\/div>\n\t\t<div class=\"elementor-element elementor-element-66b3f0b e-flex e-con-boxed e-con e-parent\" data-id=\"66b3f0b\" data-element_type=\"container\">\n\t\t\t\t\t<div class=\"e-con-inner\">\n\t\t<div class=\"elementor-element elementor-element-cdda698 e-con-full e-flex e-con e-child\" data-id=\"cdda698\" data-element_type=\"container\">\n\t\t\t\t<div class=\"elementor-element elementor-element-cbf26fa elementor-widget elementor-widget-heading\" data-id=\"cbf26fa\" data-element_type=\"widget\" data-widget_type=\"heading.default\">\n\t\t\t\t\t<h2 class=\"elementor-heading-title elementor-size-default\">La Orden Constantiniana y las Naciones Unidas<\/h2>\t\t\t\t<\/div>\n\t\t\t\t<div class=\"elementor-element elementor-element-1d7e00e elementor-widget elementor-widget-text-editor\" data-id=\"1d7e00e\" data-element_type=\"widget\" data-widget_type=\"text-editor.default\">\n\t\t\t\t\t\t\t\t\t<p>El Consejo Econ\u00f3mico y Social de la Organizaci\u00f3n de las Naciones Unidas, en la Sesi\u00f3n General de julio de 2011 en Ginebra, ha aprobado la recomendaci\u00f3n del Comit\u00e9 de las Organizaciones no Gubernamentales con sede en Nueva York para conceder a la Sagrada Orden Militar Constantiniana de San Jorge, en el marco del Gran Maestro de Su Alteza Real el Duque de Castro, estatus consultivo a partir del 1 agosto de 2011.<\/p><p>\u00a0<\/p><p>Esta decisi\u00f3n sigui\u00f3 a la apreciaci\u00f3n del comit\u00e9 de las Naciones Unidas de las muchas actividades humanitarias llevadas a cabo por la Orden en todo el mundo en favor de los menos afortunados en la sociedad. Estos incluyen la asistencia prestada por parte de la Orden a los hospitales e instituciones de atenci\u00f3n como el Hospital \u201cBambino Ges\u00f9\u201d de Roma, el Hospital Civil de Niza, el Princess Grace Hospital de M\u00f3naco, y los proyectos que se est\u00e1n ultimando para la construcci\u00f3n de un laboratorio de biolog\u00eda molecular en el Hospital Americano de Par\u00eds, y una iniciativa pionera en el Policl\u00ednico Universitario Agostino Gemelli de Roma.<\/p><p>\u00a0<\/p><p>Adem\u00e1s, particular aprecio recibi\u00f3 la construcci\u00f3n del Hospital de la Di\u00f3cesis Cat\u00f3lica de Hoima en Uganda, gracias a las importantes contribuciones de las Delegaciones Constantinianas de Sicilia y Suiza. Aparte de la Orden Soberana y Militar de Malta, la cual tiene un estatuto internacional especial, la Sagrada Orden Militar Constantiniana de San Jorge es la \u00fanica Orden de Caballer\u00eda italiana en recibir este reconocimiento especial por parte de las Naciones Unidas que autoriza a mantener relaciones con el Secretario General de las Naciones Unidas, la Asamblea General y todos los dem\u00e1s organismos de las Naciones Unidas y las instituciones en el mundo y los 193 Estados Miembros de la ONU.<\/p><p>\u00a0<\/p><p>El estatus especial concedido por las Naciones Unidas autoriza a la Orden Constantiniana a nombrar representantes oficiales ante las instituciones de las Naciones Unidas en Nueva York, Ginebra y Viena, y a otorgarles la facultad de acceder a los centros de desarrollo de proyectos, con intervenciones escritas y orales, adquisici\u00f3n y distribuci\u00f3n de documentos, as\u00ed como el uso de las salas destinadas a conferencias y reuniones.<br \/>La Orden Constantiniana ha visto recientemente renovado su mandato para el per\u00edodo 2016-2019.<\/p><p>\u00a0<\/p><p>Su Alteza Real el Pr\u00edncipe Carlos de Borb\u00f3n de las Dos Sicilias, Duque de Castro y Gran Maestre de la Sagrada Orden Militar Constantiniana, ha nombrado a John Leopoldo Fiorilla di Santa Croce como jefe de la Delegaci\u00f3n Constantiniana en Nueva York, con la nueva oficina de la Delegaci\u00f3n ubicada en el n\u00famero 555 de Park Avenue, en Nueva York.<\/p><p>\u00a0<\/p><p>Adem\u00e1s, gracias al fruct\u00edfero trabajo realizado en el Sudeste Asi\u00e1tico por el Delegado, S.E. Don Antonio Benedetto Spada, y por la Delegada Vicaria, la Doctora Paola Benaglia, la Orden Constantiniana ha obtenido el estatus de Observador ante la Comisi\u00f3n Econ\u00f3mica y Social para Asia y el Pac\u00edfico de las Naciones Unidas (UN-ESCAP \u2013 Economic and Social Commission for Asia and the Pacific).<br \/>Se trata de una realidad muy importante que re\u00fane a 53 Estados Miembros y 9 Estados Asociados de la macroregi\u00f3n de Asia y el Pac\u00edfico, adem\u00e1s de numerosos actores privados de la zona, funcionando como centro regional de las Naciones Unidas.<br \/>Su objetivo es promover la cooperaci\u00f3n entre los pa\u00edses para lograr un desarrollo inclusivo y sostenible, fomentando la integraci\u00f3n regional a fin de avanzar en las respuestas a las vulnerabilidades compartidas, la conectividad, la cooperaci\u00f3n financiera y la integraci\u00f3n de los mercados.<\/p><p>\u00a0<\/p><p>La Orden ha sido invitada a colaborar con esta importante Organizaci\u00f3n para impulsar la Agenda 2030 para el desarrollo sostenible en la macroregi\u00f3n y en las diversas actividades en curso.<\/p><p>\u00a0<\/p><p>La Doctora Benaglia ha sido designada como Representante Delegada en las reuniones, tambi\u00e9n en virtud de la importante experiencia adquirida sobre el terreno como responsable de las numerosas actividades institucionales y sociales llevadas a cabo en el territorio de la Delegaci\u00f3n.<\/p><p>\u00a0<\/p><p>Para obtener m\u00e1s informaci\u00f3n, consulte la <strong><a href=\"https:\/\/constantinianorder.com\/wp-content\/uploads\/2025\/10\/SMOC-UN-2021-HLS-2021-07-01-Statement-doc.-E-2021-NGO-XX.pdf\" target=\"_blank\" rel=\"noopener\">siguiente declaraci\u00f3n<\/a><\/strong> (p\u00e1gina 452).<\/p>\t\t\t\t\t\t\t\t<\/div>\n\t\t\t\t<\/div>\n\t\t<div class=\"elementor-element elementor-element-e6ffe5b e-con-full e-flex e-con e-child\" data-id=\"e6ffe5b\" data-element_type=\"container\" data-settings=\"{&quot;background_background&quot;:&quot;classic&quot;}\">\n\t\t<div class=\"elementor-element elementor-element-3f1c3b0 e-grid e-con-full e-con e-child\" data-id=\"3f1c3b0\" data-element_type=\"container\">\n\t\t\t\t<div class=\"elementor-element elementor-element-71bdbc7 elementor-widget elementor-widget-image\" data-id=\"71bdbc7\" data-element_type=\"widget\" data-widget_type=\"image.default\">\n\t\t\t\t\t\t\t\t\t\t\t\t\t\t\t<img decoding=\"async\" width=\"300\" height=\"300\" src=\"https:\/\/constantinianorder.com\/wp-content\/uploads\/2025\/10\/Stemma-del-Sacro-Militare-Ordine-Costantiniano-di-San-giorgio.webp\" class=\"attachment-full size-full wp-image-2100\" alt=\"Stemma del Sacro Militare Ordine Costantiniano di San Giorgio\" \/>\t\t\t\t\t\t\t\t\t\t\t\t\t\t\t<\/div>\n\t\t\t\t<div class=\"elementor-element elementor-element-cf4797a elementor-widget elementor-widget-image\" data-id=\"cf4797a\" data-element_type=\"widget\" data-widget_type=\"image.default\">\n\t\t\t\t\t\t\t\t\t\t\t\t\t\t\t<img decoding=\"async\" width=\"300\" height=\"300\" src=\"https:\/\/constantinianorder.com\/wp-content\/uploads\/2025\/10\/ECOSOC-Nazioni-Unite.webp\" class=\"attachment-large size-large wp-image-2243\" alt=\"ECOSOC Nazioni Unite\" \/>\t\t\t\t\t\t\t\t\t\t\t\t\t\t\t<\/div>\n\t\t\t\t<\/div>\n\t\t<div class=\"elementor-element elementor-element-1078970 e-grid e-con-full e-con e-child\" data-id=\"1078970\" data-element_type=\"container\">\n\t\t\t\t<div class=\"elementor-element elementor-element-b22feca elementor-widget elementor-widget-heading\" data-id=\"b22feca\" data-element_type=\"widget\" data-widget_type=\"heading.default\">\n\t\t\t\t\t<h2 class=\"elementor-heading-title elementor-size-default\">Reconocimientos institucionales<\/h2>\t\t\t\t<\/div>\n\t\t\t\t<div class=\"elementor-element elementor-element-c82ffde elementor-position-left elementor-position-top elementor-vertical-align-middle elementor-position-left elementor-hidden-desktop elementor-hidden-tablet_extra elementor-hidden-tablet elementor-hidden-mobile elementor-widget elementor-widget-image-box\" data-id=\"c82ffde\" data-element_type=\"widget\" data-widget_type=\"image-box.default\">\n\t\t\t\t\t<div class=\"elementor-image-box-wrapper\"><figure class=\"elementor-image-box-img\"><a href=\"https:\/\/constantinianorder.com\/es\/la-orden-constantiniana-y-el-estado-italiano\/\" tabindex=\"-1\"><img decoding=\"async\" width=\"300\" height=\"300\" src=\"https:\/\/constantinianorder.com\/wp-content\/uploads\/2025\/10\/Stemma-del-Sacro-Militare-Ordine-Costantiniano-di-San-giorgio.webp\" class=\"attachment-full size-full wp-image-2100\" alt=\"Stemma del Sacro Militare Ordine Costantiniano di San Giorgio\" \/><\/a><\/figure><div class=\"elementor-image-box-content\"><p class=\"elementor-image-box-description\">La Orden Constantiniana y el Estado Italiano<\/p><\/div><\/div>\t\t\t\t<\/div>\n\t\t\t\t<div class=\"elementor-element elementor-element-4ced68a elementor-position-left elementor-position-top elementor-vertical-align-middle elementor-position-left elementor-widget elementor-widget-image-box\" data-id=\"4ced68a\" data-element_type=\"widget\" data-widget_type=\"image-box.default\">\n\t\t\t\t\t<div class=\"elementor-image-box-wrapper\"><figure class=\"elementor-image-box-img\"><a href=\"https:\/\/constantinianorder.com\/es\/la-orden-constantiniana-y-el-estado-italiano\/\" tabindex=\"-1\"><img loading=\"lazy\" decoding=\"async\" width=\"300\" height=\"300\" src=\"https:\/\/constantinianorder.com\/wp-content\/uploads\/2025\/10\/Sacro-Militare-Ordine-Costantiniano-e-Stato-Italiano.webp\" class=\"attachment-full size-full wp-image-2088\" alt=\"Emblema delle Repubblica Italiana\" \/><\/a><\/figure><div class=\"elementor-image-box-content\"><p class=\"elementor-image-box-description\">La Orden Constantiniana y el Estado Italiano<\/p><\/div><\/div>\t\t\t\t<\/div>\n\t\t\t\t<div class=\"elementor-element elementor-element-bd15ef2 elementor-position-left elementor-position-top elementor-vertical-align-middle elementor-position-left elementor-widget elementor-widget-image-box\" data-id=\"bd15ef2\" data-element_type=\"widget\" data-widget_type=\"image-box.default\">\n\t\t\t\t\t<div class=\"elementor-image-box-wrapper\"><figure class=\"elementor-image-box-img\"><a href=\"https:\/\/constantinianorder.com\/es\/la-orden-constantiniana-y-la-santa-sede\/\" tabindex=\"-1\"><img loading=\"lazy\" decoding=\"async\" width=\"300\" height=\"300\" src=\"https:\/\/constantinianorder.com\/wp-content\/uploads\/2025\/10\/Emblema-della-Santa-Sede.webp\" class=\"attachment-full size-full wp-image-2158\" alt=\"Emblema della Santa Sede\" \/><\/a><\/figure><div class=\"elementor-image-box-content\"><p class=\"elementor-image-box-description\">La Orden Constantiniana y la Santa Sede<\/p><\/div><\/div>\t\t\t\t<\/div>\n\t\t\t\t<div class=\"elementor-element elementor-element-ab37cbd elementor-position-left elementor-position-top elementor-vertical-align-middle elementor-widget elementor-widget-image-box\" data-id=\"ab37cbd\" data-element_type=\"widget\" data-widget_type=\"image-box.default\">\n\t\t\t\t\t<div class=\"elementor-image-box-wrapper\"><figure class=\"elementor-image-box-img\"><a href=\"https:\/\/constantinianorder.com\/es\/la-orden-constantiniana-y-la-orden-soberana-y-militar-de-malta\/\" tabindex=\"-1\"><img loading=\"lazy\" decoding=\"async\" width=\"300\" height=\"300\" src=\"https:\/\/constantinianorder.com\/wp-content\/uploads\/2025\/10\/Sovrano-Militare-Ordine-di-Malta.webp\" class=\"attachment-full size-full wp-image-2222\" alt=\"Sovrano Militare Ordine di Malta\" \/><\/a><\/figure><div class=\"elementor-image-box-content\"><p class=\"elementor-image-box-description\">La Orden Constantiniana y la Orden Soberana y Militar de Malta<\/p><\/div><\/div>\t\t\t\t<\/div>\n\t\t\t\t<div class=\"elementor-element elementor-element-8be1dee elementor-position-left elementor-position-top elementor-vertical-align-middle elementor-position-left elementor-widget elementor-widget-image-box\" data-id=\"8be1dee\" data-element_type=\"widget\" data-widget_type=\"image-box.default\">\n\t\t\t\t\t<div class=\"elementor-image-box-wrapper\"><figure class=\"elementor-image-box-img\"><a href=\"https:\/\/constantinianorder.com\/es\/la-orden-constantiniana-y-las-naciones-unidas\/\" tabindex=\"-1\"><img loading=\"lazy\" decoding=\"async\" width=\"300\" height=\"300\" src=\"https:\/\/constantinianorder.com\/wp-content\/uploads\/2025\/10\/Emblema-delle-Nazioni-Unite.webp\" class=\"attachment-full size-full wp-image-2235\" alt=\"Emblema delle Nazioni Unite\" \/><\/a><\/figure><div class=\"elementor-image-box-content\"><p class=\"elementor-image-box-description\">La Orden Constantiniana y las Naciones Unidas<\/p><\/div><\/div>\t\t\t\t<\/div>\n\t\t\t\t<\/div>\n\t\t\t\t<\/div>\n\t\t\t\t\t<\/div>\n\t\t\t\t<\/div>\n\t\t\t\t<\/div>\n\t\t","protected":false},"excerpt":{"rendered":"<p>La Orden Constantiniana y las Naciones Unidas La Orden Constantiniana y las Naciones Unidas, la orden caballeresca cat\u00f3lica de antiguas ra\u00edces, hoy bajo el Gran Magisterio de la Real Casa de Borb\u00f3n de las Dos Sicilias, promueve la fe, la caridad y el compromiso social inspirados en los valores cristianos. constantinianorder.net Real Casa de Borb\u00f3n [&hellip;]<\/p>\n","protected":false},"author":2,"featured_media":0,"parent":0,"menu_order":0,"comment_status":"closed","ping_status":"closed","template":"elementor_header_footer","meta":{"footnotes":""},"class_list":["post-95633","page","type-page","status-publish","hentry"],"yoast_head":"<!-- This site is optimized with the Yoast SEO plugin v26.5 - https:\/\/yoast.com\/wordpress\/plugins\/seo\/ -->\n<title>La Orden Constantiniana y las Naciones Unidas - Sacro Militare Ordine Costantiniano di San Giorgio<\/title>\n<meta name=\"description\" content=\"La Orden Constantiniana y las Naciones Unidas. Identidad, historia y organizaci\u00f3n moderna de la Sagrada Orden Militar Constantiniana de San Jorge\" \/>\n<meta name=\"robots\" content=\"index, follow, max-snippet:-1, max-image-preview:large, max-video-preview:-1\" \/>\n<link rel=\"canonical\" href=\"https:\/\/constantinianorder.com\/l-ordine-costantiniano-e-le-nazioni-unite\/\" \/>\n<meta property=\"og:locale\" content=\"es_ES\" \/>\n<meta property=\"og:type\" content=\"article\" \/>\n<meta property=\"og:title\" content=\"La Orden Constantiniana y las Naciones Unidas - Sacro Militare Ordine Costantiniano di San Giorgio\" \/>\n<meta property=\"og:description\" content=\"La Orden Constantiniana y las Naciones Unidas. Identidad, historia y organizaci\u00f3n moderna de la Sagrada Orden Militar Constantiniana de San Jorge\" \/>\n<meta property=\"og:url\" content=\"https:\/\/constantinianorder.com\/l-ordine-costantiniano-e-le-nazioni-unite\/\" \/>\n<meta property=\"og:site_name\" content=\"Sacro Militare Ordine Costantiniano di San Giorgio\" \/>\n<meta property=\"article:publisher\" content=\"https:\/\/www.facebook.com\/constantinianorder\" \/>\n<meta property=\"article:modified_time\" content=\"2025-12-05T10:44:04+00:00\" \/>\n<meta property=\"og:image\" content=\"https:\/\/constantinianorder.com\/wp-content\/uploads\/2025\/10\/cropped-logo-costantiniano.webp\" \/>\n\t<meta property=\"og:image:width\" content=\"512\" \/>\n\t<meta property=\"og:image:height\" content=\"512\" \/>\n\t<meta property=\"og:image:type\" content=\"image\/webp\" \/>\n<meta name=\"twitter:card\" content=\"summary_large_image\" \/>\n<meta name=\"twitter:label1\" content=\"Tiempo de lectura\" \/>\n\t<meta name=\"twitter:data1\" content=\"5 minutos\" \/>\n<script type=\"application\/ld+json\" class=\"yoast-schema-graph\">{\"@context\":\"https:\/\/schema.org\",\"@graph\":[{\"@type\":\"WebPage\",\"@id\":\"https:\/\/constantinianorder.com\/l-ordine-costantiniano-e-le-nazioni-unite\/\",\"url\":\"https:\/\/constantinianorder.com\/l-ordine-costantiniano-e-le-nazioni-unite\/\",\"name\":\"La Orden Constantiniana y las Naciones Unidas - Sacro Militare Ordine Costantiniano di San Giorgio\",\"isPartOf\":{\"@id\":\"https:\/\/constantinianorder.com\/#website\"},\"primaryImageOfPage\":{\"@id\":\"https:\/\/constantinianorder.com\/l-ordine-costantiniano-e-le-nazioni-unite\/#primaryimage\"},\"image\":{\"@id\":\"https:\/\/constantinianorder.com\/l-ordine-costantiniano-e-le-nazioni-unite\/#primaryimage\"},\"thumbnailUrl\":\"https:\/\/constantinianorder.com\/wp-content\/uploads\/2025\/10\/cropped-logo-costantiniano.webp\",\"datePublished\":\"2025-10-10T16:55:07+00:00\",\"dateModified\":\"2025-12-05T10:44:04+00:00\",\"description\":\"La Orden Constantiniana y las Naciones Unidas. Identidad, historia y organizaci\u00f3n moderna de la Sagrada Orden Militar Constantiniana de San Jorge\",\"breadcrumb\":{\"@id\":\"https:\/\/constantinianorder.com\/l-ordine-costantiniano-e-le-nazioni-unite\/#breadcrumb\"},\"inLanguage\":\"es\",\"potentialAction\":[{\"@type\":\"ReadAction\",\"target\":[\"https:\/\/constantinianorder.com\/l-ordine-costantiniano-e-le-nazioni-unite\/\"]}]},{\"@type\":\"ImageObject\",\"inLanguage\":\"es\",\"@id\":\"https:\/\/constantinianorder.com\/l-ordine-costantiniano-e-le-nazioni-unite\/#primaryimage\",\"url\":\"https:\/\/constantinianorder.com\/wp-content\/uploads\/2025\/10\/cropped-logo-costantiniano.webp\",\"contentUrl\":\"https:\/\/constantinianorder.com\/wp-content\/uploads\/2025\/10\/cropped-logo-costantiniano.webp\"},{\"@type\":\"BreadcrumbList\",\"@id\":\"https:\/\/constantinianorder.com\/l-ordine-costantiniano-e-le-nazioni-unite\/#breadcrumb\",\"itemListElement\":[{\"@type\":\"ListItem\",\"position\":1,\"name\":\"Home\",\"item\":\"https:\/\/constantinianorder.com\/en\/\"},{\"@type\":\"ListItem\",\"position\":2,\"name\":\"La Orden Constantiniana y las Naciones Unidas\"}]},{\"@type\":\"WebSite\",\"@id\":\"https:\/\/constantinianorder.com\/#website\",\"url\":\"https:\/\/constantinianorder.com\/\",\"name\":\"Sacro Militare Ordine Costantiniano di San Giorgio\",\"description\":\"Ordine Ufficiale\",\"publisher\":{\"@id\":\"https:\/\/constantinianorder.com\/#organization\"},\"potentialAction\":[{\"@type\":\"SearchAction\",\"target\":{\"@type\":\"EntryPoint\",\"urlTemplate\":\"https:\/\/constantinianorder.com\/?s={search_term_string}\"},\"query-input\":{\"@type\":\"PropertyValueSpecification\",\"valueRequired\":true,\"valueName\":\"search_term_string\"}}],\"inLanguage\":\"es\"},{\"@type\":\"Organization\",\"@id\":\"https:\/\/constantinianorder.com\/#organization\",\"name\":\"Sacro Militare Ordine Costantiniano di San Giorgio\",\"url\":\"https:\/\/constantinianorder.com\/\",\"logo\":{\"@type\":\"ImageObject\",\"inLanguage\":\"es\",\"@id\":\"https:\/\/constantinianorder.com\/#\/schema\/logo\/image\/\",\"url\":\"https:\/\/constantinianorder.com\/wp-content\/uploads\/2025\/10\/cropped-logo-costantiniano.png\",\"contentUrl\":\"https:\/\/constantinianorder.com\/wp-content\/uploads\/2025\/10\/cropped-logo-costantiniano.png\",\"width\":512,\"height\":512,\"caption\":\"Sacro Militare Ordine Costantiniano di San Giorgio\"},\"image\":{\"@id\":\"https:\/\/constantinianorder.com\/#\/schema\/logo\/image\/\"},\"sameAs\":[\"https:\/\/www.facebook.com\/constantinianorder\",\"https:\/\/www.instagram.com\/constantinianorder\/\",\"https:\/\/www.youtube.com\/@granmagisterodelsacromilit9375\"]}]}<\/script>\n<!-- \/ Yoast SEO plugin. -->","yoast_head_json":{"title":"La Orden Constantiniana y las Naciones Unidas - Sacro Militare Ordine Costantiniano di San Giorgio","description":"La Orden Constantiniana y las Naciones Unidas. Identidad, historia y organizaci\u00f3n moderna de la Sagrada Orden Militar Constantiniana de San Jorge","robots":{"index":"index","follow":"follow","max-snippet":"max-snippet:-1","max-image-preview":"max-image-preview:large","max-video-preview":"max-video-preview:-1"},"canonical":"https:\/\/constantinianorder.com\/l-ordine-costantiniano-e-le-nazioni-unite\/","og_locale":"es_ES","og_type":"article","og_title":"La Orden Constantiniana y las Naciones Unidas - Sacro Militare Ordine Costantiniano di San Giorgio","og_description":"La Orden Constantiniana y las Naciones Unidas. Identidad, historia y organizaci\u00f3n moderna de la Sagrada Orden Militar Constantiniana de San Jorge","og_url":"https:\/\/constantinianorder.com\/l-ordine-costantiniano-e-le-nazioni-unite\/","og_site_name":"Sacro Militare Ordine Costantiniano di San Giorgio","article_publisher":"https:\/\/www.facebook.com\/constantinianorder","article_modified_time":"2025-12-05T10:44:04+00:00","og_image":[{"width":512,"height":512,"url":"https:\/\/constantinianorder.com\/wp-content\/uploads\/2025\/10\/cropped-logo-costantiniano.webp","type":"image\/webp"}],"twitter_card":"summary_large_image","twitter_misc":{"Tiempo de lectura":"5 minutos"},"schema":{"@context":"https:\/\/schema.org","@graph":[{"@type":"WebPage","@id":"https:\/\/constantinianorder.com\/l-ordine-costantiniano-e-le-nazioni-unite\/","url":"https:\/\/constantinianorder.com\/l-ordine-costantiniano-e-le-nazioni-unite\/","name":"La Orden Constantiniana y las Naciones Unidas - Sacro Militare Ordine Costantiniano di San Giorgio","isPartOf":{"@id":"https:\/\/constantinianorder.com\/#website"},"primaryImageOfPage":{"@id":"https:\/\/constantinianorder.com\/l-ordine-costantiniano-e-le-nazioni-unite\/#primaryimage"},"image":{"@id":"https:\/\/constantinianorder.com\/l-ordine-costantiniano-e-le-nazioni-unite\/#primaryimage"},"thumbnailUrl":"https:\/\/constantinianorder.com\/wp-content\/uploads\/2025\/10\/cropped-logo-costantiniano.webp","datePublished":"2025-10-10T16:55:07+00:00","dateModified":"2025-12-05T10:44:04+00:00","description":"La Orden Constantiniana y las Naciones Unidas. Identidad, historia y organizaci\u00f3n moderna de la Sagrada Orden Militar Constantiniana de San Jorge","breadcrumb":{"@id":"https:\/\/constantinianorder.com\/l-ordine-costantiniano-e-le-nazioni-unite\/#breadcrumb"},"inLanguage":"es","potentialAction":[{"@type":"ReadAction","target":["https:\/\/constantinianorder.com\/l-ordine-costantiniano-e-le-nazioni-unite\/"]}]},{"@type":"ImageObject","inLanguage":"es","@id":"https:\/\/constantinianorder.com\/l-ordine-costantiniano-e-le-nazioni-unite\/#primaryimage","url":"https:\/\/constantinianorder.com\/wp-content\/uploads\/2025\/10\/cropped-logo-costantiniano.webp","contentUrl":"https:\/\/constantinianorder.com\/wp-content\/uploads\/2025\/10\/cropped-logo-costantiniano.webp"},{"@type":"BreadcrumbList","@id":"https:\/\/constantinianorder.com\/l-ordine-costantiniano-e-le-nazioni-unite\/#breadcrumb","itemListElement":[{"@type":"ListItem","position":1,"name":"Home","item":"https:\/\/constantinianorder.com\/en\/"},{"@type":"ListItem","position":2,"name":"La Orden Constantiniana y las Naciones Unidas"}]},{"@type":"WebSite","@id":"https:\/\/constantinianorder.com\/#website","url":"https:\/\/constantinianorder.com\/","name":"Sacro Militare Ordine Costantiniano di San Giorgio","description":"Ordine Ufficiale","publisher":{"@id":"https:\/\/constantinianorder.com\/#organization"},"potentialAction":[{"@type":"SearchAction","target":{"@type":"EntryPoint","urlTemplate":"https:\/\/constantinianorder.com\/?s={search_term_string}"},"query-input":{"@type":"PropertyValueSpecification","valueRequired":true,"valueName":"search_term_string"}}],"inLanguage":"es"},{"@type":"Organization","@id":"https:\/\/constantinianorder.com\/#organization","name":"Sacro Militare Ordine Costantiniano di San Giorgio","url":"https:\/\/constantinianorder.com\/","logo":{"@type":"ImageObject","inLanguage":"es","@id":"https:\/\/constantinianorder.com\/#\/schema\/logo\/image\/","url":"https:\/\/constantinianorder.com\/wp-content\/uploads\/2025\/10\/cropped-logo-costantiniano.png","contentUrl":"https:\/\/constantinianorder.com\/wp-content\/uploads\/2025\/10\/cropped-logo-costantiniano.png","width":512,"height":512,"caption":"Sacro Militare Ordine Costantiniano di San Giorgio"},"image":{"@id":"https:\/\/constantinianorder.com\/#\/schema\/logo\/image\/"},"sameAs":["https:\/\/www.facebook.com\/constantinianorder","https:\/\/www.instagram.com\/constantinianorder\/","https:\/\/www.youtube.com\/@granmagisterodelsacromilit9375"]}]}},"_links":{"self":[{"href":"https:\/\/constantinianorder.com\/es\/wp-json\/wp\/v2\/pages\/95633","targetHints":{"allow":["GET"]}}],"collection":[{"href":"https:\/\/constantinianorder.com\/es\/wp-json\/wp\/v2\/pages"}],"about":[{"href":"https:\/\/constantinianorder.com\/es\/wp-json\/wp\/v2\/types\/page"}],"author":[{"embeddable":true,"href":"https:\/\/constantinianorder.com\/es\/wp-json\/wp\/v2\/users\/2"}],"replies":[{"embeddable":true,"href":"https:\/\/constantinianorder.com\/es\/wp-json\/wp\/v2\/comments?post=95633"}],"version-history":[{"count":10,"href":"https:\/\/constantinianorder.com\/es\/wp-json\/wp\/v2\/pages\/95633\/revisions"}],"predecessor-version":[{"id":99437,"href":"https:\/\/constantinianorder.com\/es\/wp-json\/wp\/v2\/pages\/95633\/revisions\/99437"}],"wp:attachment":[{"href":"https:\/\/constantinianorder.com\/es\/wp-json\/wp\/v2\/media?parent=95633"}],"curies":[{"name":"wp","href":"https:\/\/api.w.org\/{rel}","templated":true}]}}