{"id":95626,"date":"2025-10-10T16:43:39","date_gmt":"2025-10-10T16:43:39","guid":{"rendered":"https:\/\/constantinianorder.com\/la-orden-constantiniana-y-la-orden-soberana-y-militar-de-malta\/"},"modified":"2025-11-07T14:48:25","modified_gmt":"2025-11-07T14:48:25","slug":"la-orden-constantiniana-y-la-orden-soberana-y-militar-de-malta","status":"publish","type":"page","link":"https:\/\/constantinianorder.com\/es\/la-orden-constantiniana-y-la-orden-soberana-y-militar-de-malta\/","title":{"rendered":"La Orden Constantiniana y la Orden Soberana y Militar de Malta"},"content":{"rendered":"\t\t<div data-elementor-type=\"wp-page\" data-elementor-id=\"95626\" class=\"elementor elementor-95626 elementor-2216\" data-elementor-post-type=\"page\">\n\t\t\t\t<div class=\"elementor-element elementor-element-64537ec3 elementor-hidden-desktop elementor-hidden-tablet_extra elementor-hidden-tablet elementor-hidden-mobile e-flex e-con-boxed e-con e-parent\" data-id=\"64537ec3\" data-element_type=\"container\">\n\t\t\t\t\t<div class=\"e-con-inner\">\n\t\t\t\t<div class=\"elementor-element elementor-element-7d8c1c99 elementor-widget elementor-widget-image\" data-id=\"7d8c1c99\" data-element_type=\"widget\" data-widget_type=\"image.default\">\n\t\t\t\t\t\t\t\t\t\t\t\t\t\t\t<img fetchpriority=\"high\" decoding=\"async\" width=\"512\" height=\"512\" src=\"https:\/\/constantinianorder.com\/wp-content\/uploads\/2025\/10\/cropped-logo-costantiniano.webp\" class=\"attachment-full size-full wp-image-1066\" alt=\"sacro militare ordine costantiniano di san giorgio\" \/>\t\t\t\t\t\t\t\t\t\t\t\t\t\t\t<\/div>\n\t\t\t\t<div class=\"elementor-element elementor-element-3f0f6170 elementor-widget elementor-widget-heading\" data-id=\"3f0f6170\" data-element_type=\"widget\" data-widget_type=\"heading.default\">\n\t\t\t\t\t<h1 class=\"elementor-heading-title elementor-size-default\">La Orden Constantiniana y la Orden Soberana y Militar de Malta<\/h1>\t\t\t\t<\/div>\n\t\t\t\t<div class=\"elementor-element elementor-element-6a677170 elementor-widget elementor-widget-text-editor\" data-id=\"6a677170\" data-element_type=\"widget\" data-widget_type=\"text-editor.default\">\n\t\t\t\t\t\t\t\t\t<p>La Orden Constantiniana y la Soberana Orden Militar de Malta, la orden caballeresca cat\u00f3lica de antiguas ra\u00edces, hoy bajo el Gran Magisterio de la Real Casa de Borb\u00f3n de las Dos Sicilias, promueven la fe, la caridad y el compromiso social inspirados en los valores cristianos.<\/p><ul><li><a href=\"https:\/\/constantinianorder.net\" target=\"_blank\" rel=\"noopener\">constantinianorder.net<\/a><\/li><li><a href=\"https:\/\/realcasadiborbone.it\" target=\"_blank\" rel=\"noopener\">Real Casa de Borb\u00f3n de las Dos Sicilias<\/a><\/li><li><a href=\"https:\/\/constantinianorder.com\/contatti\/\">contactos<\/a><\/li><\/ul>\t\t\t\t\t\t\t\t<\/div>\n\t\t\t\t\t<\/div>\n\t\t\t\t<\/div>\n\t\t<div class=\"elementor-element elementor-element-66b3f0b e-flex e-con-boxed e-con e-parent\" data-id=\"66b3f0b\" data-element_type=\"container\">\n\t\t\t\t\t<div class=\"e-con-inner\">\n\t\t<div class=\"elementor-element elementor-element-cdda698 e-con-full e-flex e-con e-child\" data-id=\"cdda698\" data-element_type=\"container\">\n\t\t\t\t<div class=\"elementor-element elementor-element-cbf26fa elementor-widget elementor-widget-heading\" data-id=\"cbf26fa\" data-element_type=\"widget\" data-widget_type=\"heading.default\">\n\t\t\t\t\t<h2 class=\"elementor-heading-title elementor-size-default\">La Orden Constantiniana y la Orden Soberana y Militar de Malta<\/h2>\t\t\t\t<\/div>\n\t\t\t\t<div class=\"elementor-element elementor-element-1d7e00e elementor-widget elementor-widget-text-editor\" data-id=\"1d7e00e\" data-element_type=\"widget\" data-widget_type=\"text-editor.default\">\n\t\t\t\t\t\t\t\t\t<p>La Orden Constantiniana goza de una excelente relaci\u00f3n con la Soberana Orden Militar de Malta, la cual remonta a la \u00e9poca en que el Reino de las Dos Sicilias comenz\u00f3 a disfrutar de una relaci\u00f3n estrecha e hist\u00f3rica con la isla de Malta, con quien mantuvo un tratado que garantiza protecci\u00f3n militar. Desde 1878, todos los Pr\u00edncipes y Gran Maestros de la Orden de Malta han sido miembros destacados de la Orden Constantiniana.<\/p><p><br><\/p>\n<p><\/p>\n<p>Su Alteza el Pr\u00edncipe Fra\u2019 Giacomo Dalla Torre del Tempio di Sanguinetto fue el y 80\u00ba Gran Maestro de la Soberana Orden Militar de Malta desde el 2 de mayo de 2018 hasta el 29 de abril de 2020.<\/p>\n<p><br><\/p>\n<p><\/p>\n<p>Su Alteza Real el Pr\u00edncipe Carlo de Borb\u00f3n de las Dos Sicilias, Duque de Castro, en calidad de Jefe de la Casa Real y Gran Maestro de las Ordenes Din\u00e1sticas, le nombr\u00f3 Bail\u00edo Caballero de Gran Cruz de Justicia en mayo de 1995 y le concedi\u00f3, con motivo de su elecci\u00f3n como Gran Maestro de la Orden de Malta, la Real Orden de San Genaro y el Collar Constantiniano.<\/p>\n<p><br><\/p>\n<p><\/p>\n<p>El 79\u00ba Pr\u00edncipe y Gran Maestro, Su Alteza Eminent\u00edsima Fra\u2019 Matthew Festing, ha tenido una larga asociaci\u00f3n con la Sagrada Orden Militar Constantiniana de San Jorge. Fra\u2019 Festing ha servido el Concilio Brit\u00e1nico y la Delegaci\u00f3n Irlandesa de la Orden Constantiniana de 2002 a 2009 despu\u00e9s de haber sido nombrado por primera vez como Caballero de Justicia de la Orden Constantiniana de San Jorge en 1991.<\/p>\n<p><\/p>\n<p>En 1994 el Gran Maestro de la Orden Constantiniana promovi\u00f3 Fra\u2019 Matthew Festing al rango de Caballero Gran Cruz de Justicia. En 2010, el Gran Maestro le entreg\u00f3 un honor ulterior con su nombramiento como Caballero Distinguido de la Real Orden de San Jenaro y Bail\u00edo Gran Cruz con Collar de la Orden Constantiniana.<\/p>\n<p><br><\/p>\n<p><\/p>\n<p>Hasta su muerte en 2008 el 78\u00ba Pr\u00edncipe y Gran Maestro Su Alteza Eminent\u00edsima Fra\u2019 Andrew Bertie fue tambi\u00e9n Caballero desde hace mucho tiempo de haber sido investido por Su Alteza Real el Duque de Castro adentro de la Sagrada Orden Militar Constantiniana en 1985 como Caballero de la Gran Cruz de Justicia de la Orden. Fra\u2019 Bertie fue elevado posteriormente al rango de Bail\u00edo Gran Cruz con Collar en 1988 \u2013 la m\u00e1s alta distinci\u00f3n en la Sagrada Orden Militar Constantiniana de San Jorge \u2013 y en 1993 fue investido como Caballero de la Real Orden de San Genaro \u2013 la Orden de m\u00e1s alto rango de la Real Casa de Borb\u00f3n de las Dos Sicilias.<\/p>\n<p><br><\/p>\n<p><\/p>\n<p>Su Alteza Real el pr\u00edncipe Fernando, Duque de Castro, Gran Maestro de la Orden Constantiniana hasta su muerte en marzo de 2008, fue investido como Bail\u00edo Gran Cruz de Honor y Devoci\u00f3n de la Orden de Malta en diciembre de 1968. En 1988, el duque de Castro tambi\u00e9n recibi\u00f3 del Fra\u2019 Andrew Bertie, Pr\u00edncipe y Gran Maestro, la asignaci\u00f3n de la rara Cruz de Honor de la Profesi\u00f3n. Su Alteza Real la Princesa Chantal, duquesa de Castro, ha sido promovida dentro de la Orden de Malta a la categor\u00eda de Dama Gran Cruz de Honor y Devoci\u00f3n en 1996.<\/p>\n<p><\/p>\n<p><br>Su Alteza Real el Pr\u00edncipe Carlos, Duque de Castro, quien se uni\u00f3 a la Orden Soberana y Militar de Malta en mayo de 1983, fue promovido en febrero de 2004 con el rango y la dignidad de Bail\u00edo Gran Cruz de Honor y Devoci\u00f3n.<\/p>\n<p><br><\/p>\n<p>Su Alteza Real la Princesa Camilla, Duquesa de Castro fue investida como Dama Gran Cruz de Honor y Devoci\u00f3n en octubre de 2001. Muchos oficiales de alto rango de la Orden de Malta en todo el mundo son miembros de la Orden Constantiniana y algunos ocupan cargos oficiales en el Gran Magisterio de la Orden Constantiniana.<\/p>\t\t\t\t\t\t\t\t<\/div>\n\t\t\t\t<\/div>\n\t\t<div class=\"elementor-element elementor-element-e6ffe5b e-con-full e-flex e-con e-child\" data-id=\"e6ffe5b\" data-element_type=\"container\" data-settings=\"{&quot;background_background&quot;:&quot;classic&quot;}\">\n\t\t<div class=\"elementor-element elementor-element-3f1c3b0 e-grid e-con-full e-con e-child\" data-id=\"3f1c3b0\" data-element_type=\"container\">\n\t\t\t\t<div class=\"elementor-element elementor-element-71bdbc7 elementor-widget elementor-widget-image\" data-id=\"71bdbc7\" data-element_type=\"widget\" data-widget_type=\"image.default\">\n\t\t\t\t\t\t\t\t\t\t\t\t\t\t\t<img decoding=\"async\" width=\"300\" height=\"300\" src=\"https:\/\/constantinianorder.com\/wp-content\/uploads\/2025\/10\/Stemma-del-Sacro-Militare-Ordine-Costantiniano-di-San-giorgio.webp\" class=\"attachment-full size-full wp-image-2100\" alt=\"Stemma del Sacro Militare Ordine Costantiniano di San Giorgio\" \/>\t\t\t\t\t\t\t\t\t\t\t\t\t\t\t<\/div>\n\t\t\t\t<div class=\"elementor-element elementor-element-cf4797a elementor-widget elementor-widget-image\" data-id=\"cf4797a\" data-element_type=\"widget\" data-widget_type=\"image.default\">\n\t\t\t\t\t\t\t\t\t\t\t\t\t\t\t<img decoding=\"async\" width=\"300\" height=\"300\" src=\"https:\/\/constantinianorder.com\/wp-content\/uploads\/2025\/10\/Sovrano-Militare-Ordine-di-Malta.webp\" class=\"attachment-large size-large wp-image-2222\" alt=\"Sovrano Militare Ordine di Malta\" \/>\t\t\t\t\t\t\t\t\t\t\t\t\t\t\t<\/div>\n\t\t\t\t<\/div>\n\t\t<div class=\"elementor-element elementor-element-eb4d962 e-grid e-con-full e-con e-child\" data-id=\"eb4d962\" data-element_type=\"container\">\n\t\t\t\t<div class=\"elementor-element elementor-element-e4dcfe2 elementor-widget elementor-widget-heading\" data-id=\"e4dcfe2\" data-element_type=\"widget\" data-widget_type=\"heading.default\">\n\t\t\t\t\t<h2 class=\"elementor-heading-title elementor-size-default\">Reconocimientos institucionales<\/h2>\t\t\t\t<\/div>\n\t\t\t\t<div class=\"elementor-element elementor-element-b219168 elementor-position-left elementor-position-top elementor-vertical-align-middle elementor-position-left elementor-hidden-desktop elementor-hidden-tablet_extra elementor-hidden-tablet elementor-hidden-mobile elementor-widget elementor-widget-image-box\" data-id=\"b219168\" data-element_type=\"widget\" data-widget_type=\"image-box.default\">\n\t\t\t\t\t<div class=\"elementor-image-box-wrapper\"><figure class=\"elementor-image-box-img\"><a href=\"https:\/\/constantinianorder.com\/es\/la-orden-constantiniana-y-el-estado-italiano\/\" tabindex=\"-1\"><img decoding=\"async\" width=\"300\" height=\"300\" src=\"https:\/\/constantinianorder.com\/wp-content\/uploads\/2025\/10\/Stemma-del-Sacro-Militare-Ordine-Costantiniano-di-San-giorgio.webp\" class=\"attachment-full size-full wp-image-2100\" alt=\"Stemma del Sacro Militare Ordine Costantiniano di San Giorgio\" \/><\/a><\/figure><div class=\"elementor-image-box-content\"><p class=\"elementor-image-box-description\">La Orden Constantiniana y el Estado Italiano<\/p><\/div><\/div>\t\t\t\t<\/div>\n\t\t\t\t<div class=\"elementor-element elementor-element-d8bd972 elementor-position-left elementor-position-top elementor-vertical-align-middle elementor-position-left elementor-widget elementor-widget-image-box\" data-id=\"d8bd972\" data-element_type=\"widget\" data-widget_type=\"image-box.default\">\n\t\t\t\t\t<div class=\"elementor-image-box-wrapper\"><figure class=\"elementor-image-box-img\"><a href=\"https:\/\/constantinianorder.com\/es\/la-orden-constantiniana-y-el-estado-italiano\/\" tabindex=\"-1\"><img loading=\"lazy\" decoding=\"async\" width=\"300\" height=\"300\" src=\"https:\/\/constantinianorder.com\/wp-content\/uploads\/2025\/10\/Sacro-Militare-Ordine-Costantiniano-e-Stato-Italiano.webp\" class=\"attachment-full size-full wp-image-2088\" alt=\"Emblema delle Repubblica Italiana\" \/><\/a><\/figure><div class=\"elementor-image-box-content\"><p class=\"elementor-image-box-description\">La Orden Constantiniana y el Estado Italiano<\/p><\/div><\/div>\t\t\t\t<\/div>\n\t\t\t\t<div class=\"elementor-element elementor-element-d833d76 elementor-position-left elementor-position-top elementor-vertical-align-middle elementor-position-left elementor-widget elementor-widget-image-box\" data-id=\"d833d76\" data-element_type=\"widget\" data-widget_type=\"image-box.default\">\n\t\t\t\t\t<div class=\"elementor-image-box-wrapper\"><figure class=\"elementor-image-box-img\"><a href=\"https:\/\/constantinianorder.com\/es\/la-orden-constantiniana-y-la-santa-sede\/\" tabindex=\"-1\"><img loading=\"lazy\" decoding=\"async\" width=\"300\" height=\"300\" src=\"https:\/\/constantinianorder.com\/wp-content\/uploads\/2025\/10\/Emblema-della-Santa-Sede.webp\" class=\"attachment-full size-full wp-image-2158\" alt=\"Emblema della Santa Sede\" \/><\/a><\/figure><div class=\"elementor-image-box-content\"><p class=\"elementor-image-box-description\">La Orden Constantiniana y la Santa Sede<\/p><\/div><\/div>\t\t\t\t<\/div>\n\t\t\t\t<div class=\"elementor-element elementor-element-1f476f3 elementor-position-left elementor-position-top elementor-vertical-align-middle elementor-widget elementor-widget-image-box\" data-id=\"1f476f3\" data-element_type=\"widget\" data-widget_type=\"image-box.default\">\n\t\t\t\t\t<div class=\"elementor-image-box-wrapper\"><figure class=\"elementor-image-box-img\"><a href=\"https:\/\/constantinianorder.com\/es\/la-orden-constantiniana-y-la-orden-soberana-y-militar-de-malta\/\" tabindex=\"-1\"><img loading=\"lazy\" decoding=\"async\" width=\"300\" height=\"300\" src=\"https:\/\/constantinianorder.com\/wp-content\/uploads\/2025\/10\/Sovrano-Militare-Ordine-di-Malta.webp\" class=\"attachment-full size-full wp-image-2222\" alt=\"Sovrano Militare Ordine di Malta\" \/><\/a><\/figure><div class=\"elementor-image-box-content\"><p class=\"elementor-image-box-description\">La Orden Constantiniana y la Orden Soberana y Militar de Malta<\/p><\/div><\/div>\t\t\t\t<\/div>\n\t\t\t\t<div class=\"elementor-element elementor-element-cb91804 elementor-position-left elementor-position-top elementor-vertical-align-middle elementor-position-left elementor-widget elementor-widget-image-box\" data-id=\"cb91804\" data-element_type=\"widget\" data-widget_type=\"image-box.default\">\n\t\t\t\t\t<div class=\"elementor-image-box-wrapper\"><figure class=\"elementor-image-box-img\"><a href=\"https:\/\/constantinianorder.com\/l-ordine-costantiniano-e-le-nazioni-unite\/\" tabindex=\"-1\"><img loading=\"lazy\" decoding=\"async\" width=\"300\" height=\"300\" src=\"https:\/\/constantinianorder.com\/wp-content\/uploads\/2025\/10\/Emblema-delle-Nazioni-Unite.webp\" class=\"attachment-full size-full wp-image-2235\" alt=\"Emblema delle Nazioni Unite\" \/><\/a><\/figure><div class=\"elementor-image-box-content\"><p class=\"elementor-image-box-description\">La Orden Constantiniana y las Naciones Unidas<\/p><\/div><\/div>\t\t\t\t<\/div>\n\t\t\t\t<\/div>\n\t\t\t\t<\/div>\n\t\t\t\t\t<\/div>\n\t\t\t\t<\/div>\n\t\t\t\t<\/div>\n\t\t","protected":false},"excerpt":{"rendered":"<p>La Orden Constantiniana y la Orden Soberana y Militar de Malta La Orden Constantiniana y la Soberana Orden Militar de Malta, la orden caballeresca cat\u00f3lica de antiguas ra\u00edces, hoy bajo el Gran Magisterio de la Real Casa de Borb\u00f3n de las Dos Sicilias, promueven la fe, la caridad y el compromiso social inspirados en los [&hellip;]<\/p>\n","protected":false},"author":2,"featured_media":0,"parent":0,"menu_order":0,"comment_status":"closed","ping_status":"closed","template":"elementor_header_footer","meta":{"footnotes":""},"class_list":["post-95626","page","type-page","status-publish","hentry"],"yoast_head":"<!-- This site is optimized with the Yoast SEO plugin v26.5 - https:\/\/yoast.com\/wordpress\/plugins\/seo\/ -->\n<title>La Orden Constantiniana y la Orden Soberana y Militar de Malta - Sacro Militare Ordine Costantiniano di San Giorgio<\/title>\n<meta name=\"description\" content=\"La Orden Constantiniana y la Orden Soberana y Militar de Malta Identidad, historia y organizaci\u00f3n moderna de la Sagrada Orden Militar Constantiniana de San Jorge\" \/>\n<meta name=\"robots\" content=\"index, follow, max-snippet:-1, max-image-preview:large, max-video-preview:-1\" \/>\n<link rel=\"canonical\" href=\"https:\/\/constantinianorder.com\/es\/la-orden-constantiniana-y-la-orden-soberana-y-militar-de-malta\/\" \/>\n<meta property=\"og:locale\" content=\"es_ES\" \/>\n<meta property=\"og:type\" content=\"article\" \/>\n<meta property=\"og:title\" content=\"La Orden Constantiniana y la Orden Soberana y Militar de Malta - Sacro Militare Ordine Costantiniano di San Giorgio\" \/>\n<meta property=\"og:description\" content=\"La Orden Constantiniana y la Orden Soberana y Militar de Malta Identidad, historia y organizaci\u00f3n moderna de la Sagrada Orden Militar Constantiniana de San Jorge\" \/>\n<meta property=\"og:url\" content=\"https:\/\/constantinianorder.com\/es\/la-orden-constantiniana-y-la-orden-soberana-y-militar-de-malta\/\" \/>\n<meta property=\"og:site_name\" content=\"Sacro Militare Ordine Costantiniano di San Giorgio\" \/>\n<meta property=\"article:publisher\" content=\"https:\/\/www.facebook.com\/constantinianorder\" \/>\n<meta property=\"article:modified_time\" content=\"2025-11-07T14:48:25+00:00\" \/>\n<meta property=\"og:image\" content=\"https:\/\/constantinianorder.com\/wp-content\/uploads\/2025\/10\/cropped-logo-costantiniano.webp\" \/>\n\t<meta property=\"og:image:width\" content=\"512\" \/>\n\t<meta property=\"og:image:height\" content=\"512\" \/>\n\t<meta property=\"og:image:type\" content=\"image\/png\" \/>\n<meta name=\"twitter:card\" content=\"summary_large_image\" \/>\n<meta name=\"twitter:label1\" content=\"Tiempo de lectura\" \/>\n\t<meta name=\"twitter:data1\" content=\"5 minutos\" \/>\n<script type=\"application\/ld+json\" class=\"yoast-schema-graph\">{\"@context\":\"https:\/\/schema.org\",\"@graph\":[{\"@type\":\"WebPage\",\"@id\":\"https:\/\/constantinianorder.com\/es\/la-orden-constantiniana-y-la-orden-soberana-y-militar-de-malta\/\",\"url\":\"https:\/\/constantinianorder.com\/es\/la-orden-constantiniana-y-la-orden-soberana-y-militar-de-malta\/\",\"name\":\"La Orden Constantiniana y la Orden Soberana y Militar de Malta - Sacro Militare Ordine Costantiniano di San Giorgio\",\"isPartOf\":{\"@id\":\"https:\/\/constantinianorder.com\/#website\"},\"primaryImageOfPage\":{\"@id\":\"https:\/\/constantinianorder.com\/es\/la-orden-constantiniana-y-la-orden-soberana-y-militar-de-malta\/#primaryimage\"},\"image\":{\"@id\":\"https:\/\/constantinianorder.com\/es\/la-orden-constantiniana-y-la-orden-soberana-y-militar-de-malta\/#primaryimage\"},\"thumbnailUrl\":\"https:\/\/constantinianorder.com\/wp-content\/uploads\/2025\/10\/cropped-logo-costantiniano.png\",\"datePublished\":\"2025-10-10T16:43:39+00:00\",\"dateModified\":\"2025-11-07T14:48:25+00:00\",\"description\":\"La Orden Constantiniana y la Orden Soberana y Militar de Malta Identidad, historia y organizaci\u00f3n moderna de la Sagrada Orden Militar Constantiniana de San Jorge\",\"breadcrumb\":{\"@id\":\"https:\/\/constantinianorder.com\/es\/la-orden-constantiniana-y-la-orden-soberana-y-militar-de-malta\/#breadcrumb\"},\"inLanguage\":\"es\",\"potentialAction\":[{\"@type\":\"ReadAction\",\"target\":[\"https:\/\/constantinianorder.com\/es\/la-orden-constantiniana-y-la-orden-soberana-y-militar-de-malta\/\"]}]},{\"@type\":\"ImageObject\",\"inLanguage\":\"es\",\"@id\":\"https:\/\/constantinianorder.com\/es\/la-orden-constantiniana-y-la-orden-soberana-y-militar-de-malta\/#primaryimage\",\"url\":\"https:\/\/constantinianorder.com\/wp-content\/uploads\/2025\/10\/cropped-logo-costantiniano.png\",\"contentUrl\":\"https:\/\/constantinianorder.com\/wp-content\/uploads\/2025\/10\/cropped-logo-costantiniano.png\"},{\"@type\":\"BreadcrumbList\",\"@id\":\"https:\/\/constantinianorder.com\/es\/la-orden-constantiniana-y-la-orden-soberana-y-militar-de-malta\/#breadcrumb\",\"itemListElement\":[{\"@type\":\"ListItem\",\"position\":1,\"name\":\"Home\",\"item\":\"https:\/\/constantinianorder.com\/en\/\"},{\"@type\":\"ListItem\",\"position\":2,\"name\":\"La Orden Constantiniana y la Orden Soberana y Militar de Malta\"}]},{\"@type\":\"WebSite\",\"@id\":\"https:\/\/constantinianorder.com\/#website\",\"url\":\"https:\/\/constantinianorder.com\/\",\"name\":\"Sacro Militare Ordine Costantiniano di San Giorgio\",\"description\":\"Ordine Ufficiale\",\"publisher\":{\"@id\":\"https:\/\/constantinianorder.com\/#organization\"},\"potentialAction\":[{\"@type\":\"SearchAction\",\"target\":{\"@type\":\"EntryPoint\",\"urlTemplate\":\"https:\/\/constantinianorder.com\/?s={search_term_string}\"},\"query-input\":{\"@type\":\"PropertyValueSpecification\",\"valueRequired\":true,\"valueName\":\"search_term_string\"}}],\"inLanguage\":\"es\"},{\"@type\":\"Organization\",\"@id\":\"https:\/\/constantinianorder.com\/#organization\",\"name\":\"Sacro Militare Ordine Costantiniano di San Giorgio\",\"url\":\"https:\/\/constantinianorder.com\/\",\"logo\":{\"@type\":\"ImageObject\",\"inLanguage\":\"es\",\"@id\":\"https:\/\/constantinianorder.com\/#\/schema\/logo\/image\/\",\"url\":\"https:\/\/constantinianorder.com\/wp-content\/uploads\/2025\/10\/cropped-logo-costantiniano.png\",\"contentUrl\":\"https:\/\/constantinianorder.com\/wp-content\/uploads\/2025\/10\/cropped-logo-costantiniano.png\",\"width\":512,\"height\":512,\"caption\":\"Sacro Militare Ordine Costantiniano di San Giorgio\"},\"image\":{\"@id\":\"https:\/\/constantinianorder.com\/#\/schema\/logo\/image\/\"},\"sameAs\":[\"https:\/\/www.facebook.com\/constantinianorder\",\"https:\/\/www.instagram.com\/constantinianorder\/\",\"https:\/\/www.youtube.com\/@granmagisterodelsacromilit9375\"]}]}<\/script>\n<!-- \/ Yoast SEO plugin. -->","yoast_head_json":{"title":"La Orden Constantiniana y la Orden Soberana y Militar de Malta - Sacro Militare Ordine Costantiniano di San Giorgio","description":"La Orden Constantiniana y la Orden Soberana y Militar de Malta Identidad, historia y organizaci\u00f3n moderna de la Sagrada Orden Militar Constantiniana de San Jorge","robots":{"index":"index","follow":"follow","max-snippet":"max-snippet:-1","max-image-preview":"max-image-preview:large","max-video-preview":"max-video-preview:-1"},"canonical":"https:\/\/constantinianorder.com\/es\/la-orden-constantiniana-y-la-orden-soberana-y-militar-de-malta\/","og_locale":"es_ES","og_type":"article","og_title":"La Orden Constantiniana y la Orden Soberana y Militar de Malta - Sacro Militare Ordine Costantiniano di San Giorgio","og_description":"La Orden Constantiniana y la Orden Soberana y Militar de Malta Identidad, historia y organizaci\u00f3n moderna de la Sagrada Orden Militar Constantiniana de San Jorge","og_url":"https:\/\/constantinianorder.com\/es\/la-orden-constantiniana-y-la-orden-soberana-y-militar-de-malta\/","og_site_name":"Sacro Militare Ordine Costantiniano di San Giorgio","article_publisher":"https:\/\/www.facebook.com\/constantinianorder","article_modified_time":"2025-11-07T14:48:25+00:00","og_image":[{"width":512,"height":512,"url":"https:\/\/constantinianorder.com\/wp-content\/uploads\/2025\/10\/cropped-logo-costantiniano.webp","type":"image\/png"}],"twitter_card":"summary_large_image","twitter_misc":{"Tiempo de lectura":"5 minutos"},"schema":{"@context":"https:\/\/schema.org","@graph":[{"@type":"WebPage","@id":"https:\/\/constantinianorder.com\/es\/la-orden-constantiniana-y-la-orden-soberana-y-militar-de-malta\/","url":"https:\/\/constantinianorder.com\/es\/la-orden-constantiniana-y-la-orden-soberana-y-militar-de-malta\/","name":"La Orden Constantiniana y la Orden Soberana y Militar de Malta - Sacro Militare Ordine Costantiniano di San Giorgio","isPartOf":{"@id":"https:\/\/constantinianorder.com\/#website"},"primaryImageOfPage":{"@id":"https:\/\/constantinianorder.com\/es\/la-orden-constantiniana-y-la-orden-soberana-y-militar-de-malta\/#primaryimage"},"image":{"@id":"https:\/\/constantinianorder.com\/es\/la-orden-constantiniana-y-la-orden-soberana-y-militar-de-malta\/#primaryimage"},"thumbnailUrl":"https:\/\/constantinianorder.com\/wp-content\/uploads\/2025\/10\/cropped-logo-costantiniano.png","datePublished":"2025-10-10T16:43:39+00:00","dateModified":"2025-11-07T14:48:25+00:00","description":"La Orden Constantiniana y la Orden Soberana y Militar de Malta Identidad, historia y organizaci\u00f3n moderna de la Sagrada Orden Militar Constantiniana de San Jorge","breadcrumb":{"@id":"https:\/\/constantinianorder.com\/es\/la-orden-constantiniana-y-la-orden-soberana-y-militar-de-malta\/#breadcrumb"},"inLanguage":"es","potentialAction":[{"@type":"ReadAction","target":["https:\/\/constantinianorder.com\/es\/la-orden-constantiniana-y-la-orden-soberana-y-militar-de-malta\/"]}]},{"@type":"ImageObject","inLanguage":"es","@id":"https:\/\/constantinianorder.com\/es\/la-orden-constantiniana-y-la-orden-soberana-y-militar-de-malta\/#primaryimage","url":"https:\/\/constantinianorder.com\/wp-content\/uploads\/2025\/10\/cropped-logo-costantiniano.png","contentUrl":"https:\/\/constantinianorder.com\/wp-content\/uploads\/2025\/10\/cropped-logo-costantiniano.png"},{"@type":"BreadcrumbList","@id":"https:\/\/constantinianorder.com\/es\/la-orden-constantiniana-y-la-orden-soberana-y-militar-de-malta\/#breadcrumb","itemListElement":[{"@type":"ListItem","position":1,"name":"Home","item":"https:\/\/constantinianorder.com\/en\/"},{"@type":"ListItem","position":2,"name":"La Orden Constantiniana y la Orden Soberana y Militar de Malta"}]},{"@type":"WebSite","@id":"https:\/\/constantinianorder.com\/#website","url":"https:\/\/constantinianorder.com\/","name":"Sacro Militare Ordine Costantiniano di San Giorgio","description":"Ordine Ufficiale","publisher":{"@id":"https:\/\/constantinianorder.com\/#organization"},"potentialAction":[{"@type":"SearchAction","target":{"@type":"EntryPoint","urlTemplate":"https:\/\/constantinianorder.com\/?s={search_term_string}"},"query-input":{"@type":"PropertyValueSpecification","valueRequired":true,"valueName":"search_term_string"}}],"inLanguage":"es"},{"@type":"Organization","@id":"https:\/\/constantinianorder.com\/#organization","name":"Sacro Militare Ordine Costantiniano di San Giorgio","url":"https:\/\/constantinianorder.com\/","logo":{"@type":"ImageObject","inLanguage":"es","@id":"https:\/\/constantinianorder.com\/#\/schema\/logo\/image\/","url":"https:\/\/constantinianorder.com\/wp-content\/uploads\/2025\/10\/cropped-logo-costantiniano.png","contentUrl":"https:\/\/constantinianorder.com\/wp-content\/uploads\/2025\/10\/cropped-logo-costantiniano.png","width":512,"height":512,"caption":"Sacro Militare Ordine Costantiniano di San Giorgio"},"image":{"@id":"https:\/\/constantinianorder.com\/#\/schema\/logo\/image\/"},"sameAs":["https:\/\/www.facebook.com\/constantinianorder","https:\/\/www.instagram.com\/constantinianorder\/","https:\/\/www.youtube.com\/@granmagisterodelsacromilit9375"]}]}},"_links":{"self":[{"href":"https:\/\/constantinianorder.com\/es\/wp-json\/wp\/v2\/pages\/95626","targetHints":{"allow":["GET"]}}],"collection":[{"href":"https:\/\/constantinianorder.com\/es\/wp-json\/wp\/v2\/pages"}],"about":[{"href":"https:\/\/constantinianorder.com\/es\/wp-json\/wp\/v2\/types\/page"}],"author":[{"embeddable":true,"href":"https:\/\/constantinianorder.com\/es\/wp-json\/wp\/v2\/users\/2"}],"replies":[{"embeddable":true,"href":"https:\/\/constantinianorder.com\/es\/wp-json\/wp\/v2\/comments?post=95626"}],"version-history":[{"count":5,"href":"https:\/\/constantinianorder.com\/es\/wp-json\/wp\/v2\/pages\/95626\/revisions"}],"predecessor-version":[{"id":95632,"href":"https:\/\/constantinianorder.com\/es\/wp-json\/wp\/v2\/pages\/95626\/revisions\/95632"}],"wp:attachment":[{"href":"https:\/\/constantinianorder.com\/es\/wp-json\/wp\/v2\/media?parent=95626"}],"curies":[{"name":"wp","href":"https:\/\/api.w.org\/{rel}","templated":true}]}}