{"id":95603,"date":"2025-10-10T16:32:33","date_gmt":"2025-10-10T16:32:33","guid":{"rendered":"https:\/\/constantinianorder.com\/orden-constantiniana-y-obispos-catolico\/"},"modified":"2025-11-06T17:45:23","modified_gmt":"2025-11-06T17:45:23","slug":"orden-constantiniana-y-obispos-catolico","status":"publish","type":"page","link":"https:\/\/constantinianorder.com\/es\/orden-constantiniana-y-obispos-catolico\/","title":{"rendered":"Orden Constantiniana y Obispos Cat\u00f3lico"},"content":{"rendered":"\t\t<div data-elementor-type=\"wp-page\" data-elementor-id=\"95603\" class=\"elementor elementor-95603 elementor-2207\" data-elementor-post-type=\"page\">\n\t\t\t\t<div class=\"elementor-element elementor-element-9122cc6 elementor-hidden-desktop elementor-hidden-tablet_extra elementor-hidden-tablet elementor-hidden-mobile e-flex e-con-boxed e-con e-parent\" data-id=\"9122cc6\" data-element_type=\"container\">\n\t\t\t\t\t<div class=\"e-con-inner\">\n\t\t\t\t<div class=\"elementor-element elementor-element-242302a4 elementor-widget elementor-widget-image\" data-id=\"242302a4\" data-element_type=\"widget\" data-widget_type=\"image.default\">\n\t\t\t\t\t\t\t\t\t\t\t\t\t\t\t<img fetchpriority=\"high\" decoding=\"async\" width=\"512\" height=\"512\" src=\"https:\/\/constantinianorder.com\/wp-content\/uploads\/2025\/10\/cropped-logo-costantiniano.webp\" class=\"attachment-full size-full wp-image-1066\" alt=\"sacro militare ordine costantiniano di san giorgio\" \/>\t\t\t\t\t\t\t\t\t\t\t\t\t\t\t<\/div>\n\t\t\t\t<div class=\"elementor-element elementor-element-aeca22d elementor-widget elementor-widget-heading\" data-id=\"aeca22d\" data-element_type=\"widget\" data-widget_type=\"heading.default\">\n\t\t\t\t\t<h1 class=\"elementor-heading-title elementor-size-default\">Orden Constantiniana y Obispos Cat\u00f3lico<\/h1>\t\t\t\t<\/div>\n\t\t\t\t<div class=\"elementor-element elementor-element-1d81c19b elementor-widget elementor-widget-text-editor\" data-id=\"1d81c19b\" data-element_type=\"widget\" data-widget_type=\"text-editor.default\">\n\t\t\t\t\t\t\t\t\t<p>La Orden Constantiniana y el Episcopado cat\u00f3lico, la orden caballeresca cat\u00f3lica de antiguas ra\u00edces, hoy bajo el Gran Magisterio de la Real Casa de Borb\u00f3n de las Dos Sicilias, que promueve la fe, la caridad y el compromiso social inspirados en los valores cristianos.<\/p><ul><li><a href=\"https:\/\/constantinianorder.net\" target=\"_blank\" rel=\"noopener\">constantinianorder.net<\/a><\/li><li><a href=\"https:\/\/realcasadiborbone.it\" target=\"_blank\" rel=\"noopener\">Real Casa de Borb\u00f3n de las Dos Sicilias<\/a><\/li><li><a href=\"https:\/\/constantinianorder.com\/contatti\/\">contactos<\/a><\/li><\/ul>\t\t\t\t\t\t\t\t<\/div>\n\t\t\t\t\t<\/div>\n\t\t\t\t<\/div>\n\t\t<div class=\"elementor-element elementor-element-66b3f0b e-flex e-con-boxed e-con e-parent\" data-id=\"66b3f0b\" data-element_type=\"container\">\n\t\t\t\t\t<div class=\"e-con-inner\">\n\t\t<div class=\"elementor-element elementor-element-cdda698 e-con-full e-flex e-con e-child\" data-id=\"cdda698\" data-element_type=\"container\">\n\t\t\t\t<div class=\"elementor-element elementor-element-cbf26fa elementor-widget elementor-widget-heading\" data-id=\"cbf26fa\" data-element_type=\"widget\" data-widget_type=\"heading.default\">\n\t\t\t\t\t<h2 class=\"elementor-heading-title elementor-size-default\">Orden Constantiniana y Obispos Cat\u00f3lico<\/h2>\t\t\t\t<\/div>\n\t\t\t\t<div class=\"elementor-element elementor-element-1d7e00e elementor-widget elementor-widget-text-editor\" data-id=\"1d7e00e\" data-element_type=\"widget\" data-widget_type=\"text-editor.default\">\n\t\t\t\t\t\t\t\t\t<p>Hoy en d\u00eda muchos obispos diocesanos y titulares en toda Italia y en el extranjero son altos miembros eclesi\u00e1sticos de la Orden Constantiniana de San Jorge y juegan un papel importante a nivel espiritual, tanto localmente como a nivel internacional dentro de la Orden:<\/p><p><br><\/p>\n<p>Algunos de los Excmos. Arzobispos y Obispos:<\/p><p><br><\/p>\n<ul>\n<li>S.E.R. Mons. Bernardo Fabio D\u2019Onorio, Arzobispo de Gaeta<\/li>\n<li>S.E.R. Mons. Gaetano Bonicelli, Arzobispo Em\u00e9rito de Siena-Colle di Val d\u2019Elsa-Montalcino<\/li>\n<li>S.E.R. Mons. Francesco Cuccarese, Arzobispo Em\u00e9rito de Pescara-Penne, Can\u00f3nigo de la Bas\u00edlica Papal de San Pedro en el Vaticano<\/li>\n<li>S.E.R. Mons. Giovanni Marra, Arzobispo Em\u00e9rito de Mesina, Lipari, Santa Luc\u00eda del Mela<\/li>\n<li>S.E.R. Mons. Vittorio Luigi Mondello, Arzobispo Em\u00e9rito de Reggio Calabria-Bova<\/li>\n<li>S.E.R. Mons. Andrea Maria Erba, Obispo Em\u00e9rito de Velletri-Segni<\/li>\n<li>S.E.R. Mons. Francesco Pio Tamburrino, Arzobispo de Foggia-Bovino<\/li>\n<li>S.E.R. Mons. Carmelo Cassati, Arzobispo Em\u00e9rito de Trani-Barletta-Bisceglie<\/li>\n<li>S.E.R. Mons. Leo Boccardi, Arzobispo Titular de Bitetto, Nuncio Apost\u00f3lico<\/li>\n<li>S.E.R. Mons. Bruno Schettino, Arzobispo de Capua<\/li>\n<li>S.E.R. Mons. Riccardo Fontana, Arzobispo Obispo de Arezzo-Cortona-Sansepolcro<\/li>\n<li>S.E.R. Mons. Alberto Tricarico, Nuncio Apost\u00f3lico<\/li>\n<li>S.E.R. Mons. Giovanni Battista Pichierri, Arzobispo de Trani, Barletta, Bisceglie<\/li>\n<li>S.E.R. Mons. Bernard Barsi, Arzobispo de M\u00f3naco<\/li>\n<li>S.E.R. Mons. Antonio Cantisani, Arzobispo Em\u00e9rito de Catanzaro y Squillace<\/li>\n<li>S.E.R. Mons. Giuseppe Molinari, Arzobispo Em\u00e9rito de L\u2019Aquila<\/li>\n<li>S.E.R. Mons. Giuseppe Mani, Arzobispo Em\u00e9rito de Cagliari<\/li>\n<li>S.E.R. Mons. Giovanni Marra, Arzobispo Em\u00e9rito de Mesina, Lipari, Santa Luc\u00eda del Mela<\/li>\n<li>S.E.R. Mons. Beniamino Depalma, Arzobispo de Amalfi-Cava de\u2019 Tirreni<\/li>\n<li>S.E.R. Mons. William Edward Lori, Arzobispo de Baltimore<\/li>\n<li>S.E.R. Mons. John Michael Miller, Arzobispo de Vancouver<\/li>\n<li>S.E.R. Mons. George Stack, Arzobispo de Cardiff<\/li>\n<li>S.E.R. Mons. Michele Pennisi, Arzobispo de Monreale y Prior de la Delegaci\u00f3n de Sicilia<\/li>\n<li>S.E.R. Mons. Mario Russotto, Obispo de Caltanissetta<\/li>\n<li>S.E.R. Mons. Ignazio Zambito, Obispo de Patti<\/li>\n<li>S.E.R. Mons. Simone Giusti, Obispo de Livorno<\/li>\n<\/ul>\n<p><br><\/p><p>Entre los que son actualmente miembros de la Orden Constantiniana se encuentran:<\/p><p><br><\/p>\n<ul>\n<li>S.E.R. Mons. Vito Roberti, Obispo Em\u00e9rito de Caserta \u2020 1 ago. 1998<\/li>\n<li>S.E.R. Mons. Alessandro Maria Gottardi, Arzobispo de Trento \u2020 24 mar. 2001<\/li>\n<li>S.E.R. Mons. Marian Oles, Arzobispo Titular de Ratiaria, Nuncio Apost\u00f3lico \u2020 24 may. 2005<\/li>\n<li>S.E.R. Mons. Antonio Maria Travia, Arzobispo Titular de Termae Himerae \u2020 5 feb. 2006<\/li>\n<li>S.E.R. Mons. Gabriel Montalvo Higuera, Arzobispo Titular de Celene, Nuncio Apost\u00f3lico \u2020 2 ago. 2006<\/li>\n<li>S.E.R. Mons. Cataldo Naro, Arzobispo de Monreale \u2020 29 sept. 2006<\/li>\n<li>S.E.R. Mons. Maurice N. L. Couvede Murville, Arzobispo Em\u00e9rito de Birmingham \u2020 3 nov. 2007<\/li>\n<li>S.E.R.\u202fMons.\u202fGastone\u202fMojaisky\u202fPerrelli, Arzobispo\u2011Obispo Em\u00e9rito de Conza\u2011Sant\u2019Angelo\u202fdei\u202fLombardi\u2011Bisaccia \u2020 5\u202fmar.\u202f2008<\/li>\n<li>S.E.R. Mons. Ottorino Pietro Alberti, Arzobispo Em\u00e9rito de Cagliari \u2020 17 jul. 2012<\/li>\n<li>S.E.R. Mons. Joannes Baptist Matthijs Gijsen, Obispo Em\u00e9rito de Reikiavik y Roermond \u2020 24 jun. 2013<\/li>\n<li>S.E.R. Mons. Luigi Barbarito, Arzobispo Titular de Fiorentino, Nuncio Apost\u00f3lico \u2020 12 mar. 2017<\/li>\n<\/ul>\t\t\t\t\t\t\t\t<\/div>\n\t\t\t\t<\/div>\n\t\t<div class=\"elementor-element elementor-element-e6ffe5b e-con-full e-flex e-con e-child\" data-id=\"e6ffe5b\" data-element_type=\"container\" data-settings=\"{&quot;background_background&quot;:&quot;classic&quot;}\">\n\t\t<div class=\"elementor-element elementor-element-3f1c3b0 e-grid e-con-full e-con e-child\" data-id=\"3f1c3b0\" data-element_type=\"container\">\n\t\t\t\t<div class=\"elementor-element elementor-element-71bdbc7 elementor-widget elementor-widget-image\" data-id=\"71bdbc7\" data-element_type=\"widget\" data-widget_type=\"image.default\">\n\t\t\t\t\t\t\t\t\t\t\t\t\t\t\t<img decoding=\"async\" width=\"300\" height=\"300\" src=\"https:\/\/constantinianorder.com\/wp-content\/uploads\/2025\/10\/Stemma-del-Sacro-Militare-Ordine-Costantiniano-di-San-giorgio.webp\" class=\"attachment-full size-full wp-image-2100\" alt=\"Stemma del Sacro Militare Ordine Costantiniano di San Giorgio\" \/>\t\t\t\t\t\t\t\t\t\t\t\t\t\t\t<\/div>\n\t\t\t\t<div class=\"elementor-element elementor-element-cf4797a elementor-widget elementor-widget-image\" data-id=\"cf4797a\" data-element_type=\"widget\" data-widget_type=\"image.default\">\n\t\t\t\t\t\t\t\t\t\t\t\t\t\t\t<img decoding=\"async\" width=\"300\" height=\"300\" src=\"https:\/\/constantinianorder.com\/wp-content\/uploads\/2025\/10\/Emblema-della-Santa-Sede.webp\" class=\"attachment-large size-large wp-image-2158\" alt=\"Emblema della Santa Sede\" \/>\t\t\t\t\t\t\t\t\t\t\t\t\t\t\t<\/div>\n\t\t\t\t<\/div>\n\t\t<div class=\"elementor-element elementor-element-90b248e e-grid e-con-full e-con e-child\" data-id=\"90b248e\" data-element_type=\"container\">\n\t\t\t\t<div class=\"elementor-element elementor-element-c90ac3d elementor-widget elementor-widget-heading\" data-id=\"c90ac3d\" data-element_type=\"widget\" data-widget_type=\"heading.default\">\n\t\t\t\t\t<h2 class=\"elementor-heading-title elementor-size-default\"><a href=\"https:\/\/constantinianorder.com\/l-ordine-costantiniano-e-la-santa-sede\/\">La Orden Constantiniana y la Santa Sede<\/a><\/h2>\t\t\t\t<\/div>\n\t\t\t\t<div class=\"elementor-element elementor-element-50ce301 elementor-widget elementor-widget-heading\" data-id=\"50ce301\" data-element_type=\"widget\" data-widget_type=\"heading.default\">\n\t\t\t\t\t<h2 class=\"elementor-heading-title elementor-size-default\"><a href=\"https:\/\/constantinianorder.com\/es\/orden-constantiniana-y-colegio-de-cardenales\/\">Orden Constantiniana y Colegio de Cardenales<\/a><\/h2>\t\t\t\t<\/div>\n\t\t\t\t<\/div>\n\t\t<div class=\"elementor-element elementor-element-e5d942b e-grid e-con-full e-con e-child\" data-id=\"e5d942b\" data-element_type=\"container\">\n\t\t\t\t<div class=\"elementor-element elementor-element-21befcf elementor-widget elementor-widget-heading\" data-id=\"21befcf\" data-element_type=\"widget\" data-widget_type=\"heading.default\">\n\t\t\t\t\t<h2 class=\"elementor-heading-title elementor-size-default\">Reconocimientos institucionales<\/h2>\t\t\t\t<\/div>\n\t\t\t\t<div class=\"elementor-element elementor-element-878940b elementor-position-left elementor-position-top elementor-vertical-align-middle elementor-position-left elementor-hidden-desktop elementor-hidden-tablet_extra elementor-hidden-tablet elementor-hidden-mobile elementor-widget elementor-widget-image-box\" data-id=\"878940b\" data-element_type=\"widget\" data-widget_type=\"image-box.default\">\n\t\t\t\t\t<div class=\"elementor-image-box-wrapper\"><figure class=\"elementor-image-box-img\"><a href=\"https:\/\/constantinianorder.com\/es\/la-orden-constantiniana-y-el-estado-italiano\/\" tabindex=\"-1\"><img decoding=\"async\" width=\"300\" height=\"300\" src=\"https:\/\/constantinianorder.com\/wp-content\/uploads\/2025\/10\/Stemma-del-Sacro-Militare-Ordine-Costantiniano-di-San-giorgio.webp\" class=\"attachment-full size-full wp-image-2100\" alt=\"Stemma del Sacro Militare Ordine Costantiniano di San Giorgio\" \/><\/a><\/figure><div class=\"elementor-image-box-content\"><p class=\"elementor-image-box-description\">La Orden Constantiniana y el Estado Italiano<\/p><\/div><\/div>\t\t\t\t<\/div>\n\t\t\t\t<div class=\"elementor-element elementor-element-2866956 elementor-position-left elementor-position-top elementor-vertical-align-middle elementor-position-left elementor-widget elementor-widget-image-box\" data-id=\"2866956\" data-element_type=\"widget\" data-widget_type=\"image-box.default\">\n\t\t\t\t\t<div class=\"elementor-image-box-wrapper\"><figure class=\"elementor-image-box-img\"><a href=\"https:\/\/constantinianorder.com\/es\/la-orden-constantiniana-y-el-estado-italiano\/\" tabindex=\"-1\"><img loading=\"lazy\" decoding=\"async\" width=\"300\" height=\"300\" src=\"https:\/\/constantinianorder.com\/wp-content\/uploads\/2025\/10\/Sacro-Militare-Ordine-Costantiniano-e-Stato-Italiano.webp\" class=\"attachment-full size-full wp-image-2088\" alt=\"Emblema delle Repubblica Italiana\" \/><\/a><\/figure><div class=\"elementor-image-box-content\"><p class=\"elementor-image-box-description\">La Orden Constantiniana y el Estado Italiano<\/p><\/div><\/div>\t\t\t\t<\/div>\n\t\t\t\t<div class=\"elementor-element elementor-element-48a7e39 elementor-position-left elementor-position-top elementor-vertical-align-middle elementor-position-left elementor-widget elementor-widget-image-box\" data-id=\"48a7e39\" data-element_type=\"widget\" data-widget_type=\"image-box.default\">\n\t\t\t\t\t<div class=\"elementor-image-box-wrapper\"><figure class=\"elementor-image-box-img\"><a href=\"https:\/\/constantinianorder.com\/l-ordine-costantiniano-e-la-santa-sede\/\" tabindex=\"-1\"><img loading=\"lazy\" decoding=\"async\" width=\"300\" height=\"300\" src=\"https:\/\/constantinianorder.com\/wp-content\/uploads\/2025\/10\/Emblema-della-Santa-Sede.webp\" class=\"attachment-full size-full wp-image-2158\" alt=\"Emblema della Santa Sede\" \/><\/a><\/figure><div class=\"elementor-image-box-content\"><p class=\"elementor-image-box-description\">La Orden Constantiniana y la Santa Sede<\/p><\/div><\/div>\t\t\t\t<\/div>\n\t\t\t\t<div class=\"elementor-element elementor-element-af68c96 elementor-position-left elementor-position-top elementor-vertical-align-middle elementor-widget elementor-widget-image-box\" data-id=\"af68c96\" data-element_type=\"widget\" data-widget_type=\"image-box.default\">\n\t\t\t\t\t<div class=\"elementor-image-box-wrapper\"><figure class=\"elementor-image-box-img\"><a href=\"https:\/\/constantinianorder.com\/l-ordine-costantiniano-ed-il-sovrano-militare-ordine-di-malta\/\" tabindex=\"-1\"><img loading=\"lazy\" decoding=\"async\" width=\"300\" height=\"300\" src=\"https:\/\/constantinianorder.com\/wp-content\/uploads\/2025\/10\/Sovrano-Militare-Ordine-di-Malta.webp\" class=\"attachment-full size-full wp-image-2222\" alt=\"Sovrano Militare Ordine di Malta\" \/><\/a><\/figure><div class=\"elementor-image-box-content\"><p class=\"elementor-image-box-description\">La Orden Constantiniana y la Orden Soberana y Militar de Malta<\/p><\/div><\/div>\t\t\t\t<\/div>\n\t\t\t\t<div class=\"elementor-element elementor-element-ce0dc95 elementor-position-left elementor-position-top elementor-vertical-align-middle elementor-position-left elementor-widget elementor-widget-image-box\" data-id=\"ce0dc95\" data-element_type=\"widget\" data-widget_type=\"image-box.default\">\n\t\t\t\t\t<div class=\"elementor-image-box-wrapper\"><figure class=\"elementor-image-box-img\"><a href=\"https:\/\/constantinianorder.com\/l-ordine-costantiniano-e-le-nazioni-unite\/\" tabindex=\"-1\"><img loading=\"lazy\" decoding=\"async\" width=\"300\" height=\"300\" src=\"https:\/\/constantinianorder.com\/wp-content\/uploads\/2025\/10\/Emblema-delle-Nazioni-Unite.webp\" class=\"attachment-full size-full wp-image-2235\" alt=\"Emblema delle Nazioni Unite\" \/><\/a><\/figure><div class=\"elementor-image-box-content\"><p class=\"elementor-image-box-description\">La Orden Constantiniana y las Naciones Unidas<\/p><\/div><\/div>\t\t\t\t<\/div>\n\t\t\t\t<\/div>\n\t\t\t\t<\/div>\n\t\t\t\t\t<\/div>\n\t\t\t\t<\/div>\n\t\t\t\t<\/div>\n\t\t","protected":false},"excerpt":{"rendered":"<p>Orden Constantiniana y Obispos Cat\u00f3lico La Orden Constantiniana y el Episcopado cat\u00f3lico, la orden caballeresca cat\u00f3lica de antiguas ra\u00edces, hoy bajo el Gran Magisterio de la Real Casa de Borb\u00f3n de las Dos Sicilias, que promueve la fe, la caridad y el compromiso social inspirados en los valores cristianos. constantinianorder.net Real Casa de Borb\u00f3n de [&hellip;]<\/p>\n","protected":false},"author":2,"featured_media":0,"parent":0,"menu_order":0,"comment_status":"closed","ping_status":"closed","template":"elementor_header_footer","meta":{"footnotes":""},"class_list":["post-95603","page","type-page","status-publish","hentry"],"yoast_head":"<!-- This site is optimized with the Yoast SEO plugin v26.5 - https:\/\/yoast.com\/wordpress\/plugins\/seo\/ -->\n<title>Orden Constantiniana y Obispos Cat\u00f3lico - Sacro Militare Ordine Costantiniano di San Giorgio<\/title>\n<meta name=\"description\" content=\"Orden Constantiniana y Obispos Cat\u00f3lico Identidad, historia y organizaci\u00f3n moderna de la Sagrada Orden Militar Constantiniana de San Jorge\" \/>\n<meta name=\"robots\" content=\"index, follow, max-snippet:-1, max-image-preview:large, max-video-preview:-1\" \/>\n<link rel=\"canonical\" href=\"https:\/\/constantinianorder.com\/l-ordine-costantiniano-e-l-episcopato-cattolico\/\" \/>\n<meta property=\"og:locale\" content=\"es_ES\" \/>\n<meta property=\"og:type\" content=\"article\" \/>\n<meta property=\"og:title\" content=\"Orden Constantiniana y Obispos Cat\u00f3lico - Sacro Militare Ordine Costantiniano di San Giorgio\" \/>\n<meta property=\"og:description\" content=\"Orden Constantiniana y Obispos Cat\u00f3lico Identidad, historia y organizaci\u00f3n moderna de la Sagrada Orden Militar Constantiniana de San Jorge\" \/>\n<meta property=\"og:url\" content=\"https:\/\/constantinianorder.com\/l-ordine-costantiniano-e-l-episcopato-cattolico\/\" \/>\n<meta property=\"og:site_name\" content=\"Sacro Militare Ordine Costantiniano di San Giorgio\" \/>\n<meta property=\"article:publisher\" content=\"https:\/\/www.facebook.com\/constantinianorder\" \/>\n<meta property=\"article:modified_time\" content=\"2025-11-06T17:45:23+00:00\" \/>\n<meta property=\"og:image\" content=\"https:\/\/constantinianorder.com\/wp-content\/uploads\/2025\/10\/cropped-logo-costantiniano.webp\" \/>\n\t<meta property=\"og:image:width\" content=\"512\" \/>\n\t<meta property=\"og:image:height\" content=\"512\" \/>\n\t<meta property=\"og:image:type\" content=\"image\/webp\" \/>\n<meta name=\"twitter:card\" content=\"summary_large_image\" \/>\n<meta name=\"twitter:label1\" content=\"Tiempo de lectura\" \/>\n\t<meta name=\"twitter:data1\" content=\"4 minutos\" \/>\n<script type=\"application\/ld+json\" class=\"yoast-schema-graph\">{\"@context\":\"https:\/\/schema.org\",\"@graph\":[{\"@type\":\"WebPage\",\"@id\":\"https:\/\/constantinianorder.com\/l-ordine-costantiniano-e-l-episcopato-cattolico\/\",\"url\":\"https:\/\/constantinianorder.com\/l-ordine-costantiniano-e-l-episcopato-cattolico\/\",\"name\":\"Orden Constantiniana y Obispos Cat\u00f3lico - Sacro Militare Ordine Costantiniano di San Giorgio\",\"isPartOf\":{\"@id\":\"https:\/\/constantinianorder.com\/#website\"},\"primaryImageOfPage\":{\"@id\":\"https:\/\/constantinianorder.com\/l-ordine-costantiniano-e-l-episcopato-cattolico\/#primaryimage\"},\"image\":{\"@id\":\"https:\/\/constantinianorder.com\/l-ordine-costantiniano-e-l-episcopato-cattolico\/#primaryimage\"},\"thumbnailUrl\":\"https:\/\/constantinianorder.com\/wp-content\/uploads\/2025\/10\/cropped-logo-costantiniano.png\",\"datePublished\":\"2025-10-10T16:32:33+00:00\",\"dateModified\":\"2025-11-06T17:45:23+00:00\",\"description\":\"Orden Constantiniana y Obispos Cat\u00f3lico Identidad, historia y organizaci\u00f3n moderna de la Sagrada Orden Militar Constantiniana de San Jorge\",\"breadcrumb\":{\"@id\":\"https:\/\/constantinianorder.com\/l-ordine-costantiniano-e-l-episcopato-cattolico\/#breadcrumb\"},\"inLanguage\":\"es\",\"potentialAction\":[{\"@type\":\"ReadAction\",\"target\":[\"https:\/\/constantinianorder.com\/l-ordine-costantiniano-e-l-episcopato-cattolico\/\"]}]},{\"@type\":\"ImageObject\",\"inLanguage\":\"es\",\"@id\":\"https:\/\/constantinianorder.com\/l-ordine-costantiniano-e-l-episcopato-cattolico\/#primaryimage\",\"url\":\"https:\/\/constantinianorder.com\/wp-content\/uploads\/2025\/10\/cropped-logo-costantiniano.png\",\"contentUrl\":\"https:\/\/constantinianorder.com\/wp-content\/uploads\/2025\/10\/cropped-logo-costantiniano.png\"},{\"@type\":\"BreadcrumbList\",\"@id\":\"https:\/\/constantinianorder.com\/l-ordine-costantiniano-e-l-episcopato-cattolico\/#breadcrumb\",\"itemListElement\":[{\"@type\":\"ListItem\",\"position\":1,\"name\":\"Home\",\"item\":\"https:\/\/constantinianorder.com\/en\/\"},{\"@type\":\"ListItem\",\"position\":2,\"name\":\"Orden Constantiniana y Obispos Cat\u00f3lico\"}]},{\"@type\":\"WebSite\",\"@id\":\"https:\/\/constantinianorder.com\/#website\",\"url\":\"https:\/\/constantinianorder.com\/\",\"name\":\"Sacro Militare Ordine Costantiniano di San Giorgio\",\"description\":\"Ordine Ufficiale\",\"publisher\":{\"@id\":\"https:\/\/constantinianorder.com\/#organization\"},\"potentialAction\":[{\"@type\":\"SearchAction\",\"target\":{\"@type\":\"EntryPoint\",\"urlTemplate\":\"https:\/\/constantinianorder.com\/?s={search_term_string}\"},\"query-input\":{\"@type\":\"PropertyValueSpecification\",\"valueRequired\":true,\"valueName\":\"search_term_string\"}}],\"inLanguage\":\"es\"},{\"@type\":\"Organization\",\"@id\":\"https:\/\/constantinianorder.com\/#organization\",\"name\":\"Sacro Militare Ordine Costantiniano di San Giorgio\",\"url\":\"https:\/\/constantinianorder.com\/\",\"logo\":{\"@type\":\"ImageObject\",\"inLanguage\":\"es\",\"@id\":\"https:\/\/constantinianorder.com\/#\/schema\/logo\/image\/\",\"url\":\"https:\/\/constantinianorder.com\/wp-content\/uploads\/2025\/10\/cropped-logo-costantiniano.png\",\"contentUrl\":\"https:\/\/constantinianorder.com\/wp-content\/uploads\/2025\/10\/cropped-logo-costantiniano.png\",\"width\":512,\"height\":512,\"caption\":\"Sacro Militare Ordine Costantiniano di San Giorgio\"},\"image\":{\"@id\":\"https:\/\/constantinianorder.com\/#\/schema\/logo\/image\/\"},\"sameAs\":[\"https:\/\/www.facebook.com\/constantinianorder\",\"https:\/\/www.instagram.com\/constantinianorder\/\",\"https:\/\/www.youtube.com\/@granmagisterodelsacromilit9375\"]}]}<\/script>\n<!-- \/ Yoast SEO plugin. -->","yoast_head_json":{"title":"Orden Constantiniana y Obispos Cat\u00f3lico - Sacro Militare Ordine Costantiniano di San Giorgio","description":"Orden Constantiniana y Obispos Cat\u00f3lico Identidad, historia y organizaci\u00f3n moderna de la Sagrada Orden Militar Constantiniana de San Jorge","robots":{"index":"index","follow":"follow","max-snippet":"max-snippet:-1","max-image-preview":"max-image-preview:large","max-video-preview":"max-video-preview:-1"},"canonical":"https:\/\/constantinianorder.com\/l-ordine-costantiniano-e-l-episcopato-cattolico\/","og_locale":"es_ES","og_type":"article","og_title":"Orden Constantiniana y Obispos Cat\u00f3lico - Sacro Militare Ordine Costantiniano di San Giorgio","og_description":"Orden Constantiniana y Obispos Cat\u00f3lico Identidad, historia y organizaci\u00f3n moderna de la Sagrada Orden Militar Constantiniana de San Jorge","og_url":"https:\/\/constantinianorder.com\/l-ordine-costantiniano-e-l-episcopato-cattolico\/","og_site_name":"Sacro Militare Ordine Costantiniano di San Giorgio","article_publisher":"https:\/\/www.facebook.com\/constantinianorder","article_modified_time":"2025-11-06T17:45:23+00:00","og_image":[{"width":512,"height":512,"url":"https:\/\/constantinianorder.com\/wp-content\/uploads\/2025\/10\/cropped-logo-costantiniano.webp","type":"image\/webp"}],"twitter_card":"summary_large_image","twitter_misc":{"Tiempo de lectura":"4 minutos"},"schema":{"@context":"https:\/\/schema.org","@graph":[{"@type":"WebPage","@id":"https:\/\/constantinianorder.com\/l-ordine-costantiniano-e-l-episcopato-cattolico\/","url":"https:\/\/constantinianorder.com\/l-ordine-costantiniano-e-l-episcopato-cattolico\/","name":"Orden Constantiniana y Obispos Cat\u00f3lico - Sacro Militare Ordine Costantiniano di San Giorgio","isPartOf":{"@id":"https:\/\/constantinianorder.com\/#website"},"primaryImageOfPage":{"@id":"https:\/\/constantinianorder.com\/l-ordine-costantiniano-e-l-episcopato-cattolico\/#primaryimage"},"image":{"@id":"https:\/\/constantinianorder.com\/l-ordine-costantiniano-e-l-episcopato-cattolico\/#primaryimage"},"thumbnailUrl":"https:\/\/constantinianorder.com\/wp-content\/uploads\/2025\/10\/cropped-logo-costantiniano.png","datePublished":"2025-10-10T16:32:33+00:00","dateModified":"2025-11-06T17:45:23+00:00","description":"Orden Constantiniana y Obispos Cat\u00f3lico Identidad, historia y organizaci\u00f3n moderna de la Sagrada Orden Militar Constantiniana de San Jorge","breadcrumb":{"@id":"https:\/\/constantinianorder.com\/l-ordine-costantiniano-e-l-episcopato-cattolico\/#breadcrumb"},"inLanguage":"es","potentialAction":[{"@type":"ReadAction","target":["https:\/\/constantinianorder.com\/l-ordine-costantiniano-e-l-episcopato-cattolico\/"]}]},{"@type":"ImageObject","inLanguage":"es","@id":"https:\/\/constantinianorder.com\/l-ordine-costantiniano-e-l-episcopato-cattolico\/#primaryimage","url":"https:\/\/constantinianorder.com\/wp-content\/uploads\/2025\/10\/cropped-logo-costantiniano.png","contentUrl":"https:\/\/constantinianorder.com\/wp-content\/uploads\/2025\/10\/cropped-logo-costantiniano.png"},{"@type":"BreadcrumbList","@id":"https:\/\/constantinianorder.com\/l-ordine-costantiniano-e-l-episcopato-cattolico\/#breadcrumb","itemListElement":[{"@type":"ListItem","position":1,"name":"Home","item":"https:\/\/constantinianorder.com\/en\/"},{"@type":"ListItem","position":2,"name":"Orden Constantiniana y Obispos Cat\u00f3lico"}]},{"@type":"WebSite","@id":"https:\/\/constantinianorder.com\/#website","url":"https:\/\/constantinianorder.com\/","name":"Sacro Militare Ordine Costantiniano di San Giorgio","description":"Ordine Ufficiale","publisher":{"@id":"https:\/\/constantinianorder.com\/#organization"},"potentialAction":[{"@type":"SearchAction","target":{"@type":"EntryPoint","urlTemplate":"https:\/\/constantinianorder.com\/?s={search_term_string}"},"query-input":{"@type":"PropertyValueSpecification","valueRequired":true,"valueName":"search_term_string"}}],"inLanguage":"es"},{"@type":"Organization","@id":"https:\/\/constantinianorder.com\/#organization","name":"Sacro Militare Ordine Costantiniano di San Giorgio","url":"https:\/\/constantinianorder.com\/","logo":{"@type":"ImageObject","inLanguage":"es","@id":"https:\/\/constantinianorder.com\/#\/schema\/logo\/image\/","url":"https:\/\/constantinianorder.com\/wp-content\/uploads\/2025\/10\/cropped-logo-costantiniano.png","contentUrl":"https:\/\/constantinianorder.com\/wp-content\/uploads\/2025\/10\/cropped-logo-costantiniano.png","width":512,"height":512,"caption":"Sacro Militare Ordine Costantiniano di San Giorgio"},"image":{"@id":"https:\/\/constantinianorder.com\/#\/schema\/logo\/image\/"},"sameAs":["https:\/\/www.facebook.com\/constantinianorder","https:\/\/www.instagram.com\/constantinianorder\/","https:\/\/www.youtube.com\/@granmagisterodelsacromilit9375"]}]}},"_links":{"self":[{"href":"https:\/\/constantinianorder.com\/es\/wp-json\/wp\/v2\/pages\/95603","targetHints":{"allow":["GET"]}}],"collection":[{"href":"https:\/\/constantinianorder.com\/es\/wp-json\/wp\/v2\/pages"}],"about":[{"href":"https:\/\/constantinianorder.com\/es\/wp-json\/wp\/v2\/types\/page"}],"author":[{"embeddable":true,"href":"https:\/\/constantinianorder.com\/es\/wp-json\/wp\/v2\/users\/2"}],"replies":[{"embeddable":true,"href":"https:\/\/constantinianorder.com\/es\/wp-json\/wp\/v2\/comments?post=95603"}],"version-history":[{"count":7,"href":"https:\/\/constantinianorder.com\/es\/wp-json\/wp\/v2\/pages\/95603\/revisions"}],"predecessor-version":[{"id":95610,"href":"https:\/\/constantinianorder.com\/es\/wp-json\/wp\/v2\/pages\/95603\/revisions\/95610"}],"wp:attachment":[{"href":"https:\/\/constantinianorder.com\/es\/wp-json\/wp\/v2\/media?parent=95603"}],"curies":[{"name":"wp","href":"https:\/\/api.w.org\/{rel}","templated":true}]}}