{"id":95585,"date":"2025-10-10T14:30:49","date_gmt":"2025-10-10T14:30:49","guid":{"rendered":"https:\/\/constantinianorder.com\/la-orden-constantiniana-y-el-estado-italiano\/"},"modified":"2025-11-06T15:10:01","modified_gmt":"2025-11-06T15:10:01","slug":"la-orden-constantiniana-y-el-estado-italiano","status":"publish","type":"page","link":"https:\/\/constantinianorder.com\/es\/la-orden-constantiniana-y-el-estado-italiano\/","title":{"rendered":"La Orden Constantiniana y el Estado Italiano"},"content":{"rendered":"\t\t<div data-elementor-type=\"wp-page\" data-elementor-id=\"95585\" class=\"elementor elementor-95585 elementor-2083\" data-elementor-post-type=\"page\">\n\t\t\t\t<div class=\"elementor-element elementor-element-6da891ed elementor-hidden-desktop elementor-hidden-tablet_extra elementor-hidden-tablet elementor-hidden-mobile e-flex e-con-boxed e-con e-parent\" data-id=\"6da891ed\" data-element_type=\"container\">\n\t\t\t\t\t<div class=\"e-con-inner\">\n\t\t\t\t<div class=\"elementor-element elementor-element-f341ab3 elementor-widget elementor-widget-image\" data-id=\"f341ab3\" data-element_type=\"widget\" data-widget_type=\"image.default\">\n\t\t\t\t\t\t\t\t\t\t\t\t\t\t\t<img fetchpriority=\"high\" decoding=\"async\" width=\"512\" height=\"512\" src=\"https:\/\/constantinianorder.com\/wp-content\/uploads\/2025\/10\/cropped-logo-costantiniano.webp\" class=\"attachment-full size-full wp-image-1066\" alt=\"sacro militare ordine costantiniano di san giorgio\" \/>\t\t\t\t\t\t\t\t\t\t\t\t\t\t\t<\/div>\n\t\t\t\t<div class=\"elementor-element elementor-element-63099284 elementor-widget elementor-widget-heading\" data-id=\"63099284\" data-element_type=\"widget\" data-widget_type=\"heading.default\">\n\t\t\t\t\t<h1 class=\"elementor-heading-title elementor-size-default\">La Orden Constantiniana y el Estado Italiano<\/h1>\t\t\t\t<\/div>\n\t\t\t\t<div class=\"elementor-element elementor-element-2149f16a elementor-widget elementor-widget-text-editor\" data-id=\"2149f16a\" data-element_type=\"widget\" data-widget_type=\"text-editor.default\">\n\t\t\t\t\t\t\t\t\t<p>La Orden Constantiniana y el Estado Italiano, la orden caballeresca cat\u00f3lica de antiguas ra\u00edces, actualmente bajo el Gran Magisterio de la Real Casa de Borb\u00f3n de las Dos Sicilias, que promueve la fe, la caridad y el compromiso social inspirados en los valores cristianos.<\/p><ul><li><a href=\"https:\/\/constantinianorder.net\" target=\"_blank\" rel=\"noopener\">constantinianorder.net<\/a><\/li><li><a href=\"https:\/\/realcasadiborbone.it\" target=\"_blank\" rel=\"noopener\">Real Casa de Borb\u00f3n de las Dos Sicilias<\/a><\/li><li><a href=\"https:\/\/constantinianorder.com\/contatti\/\">contactos<\/a><\/li><\/ul>\t\t\t\t\t\t\t\t<\/div>\n\t\t\t\t\t<\/div>\n\t\t\t\t<\/div>\n\t\t<div class=\"elementor-element elementor-element-66b3f0b e-flex e-con-boxed e-con e-parent\" data-id=\"66b3f0b\" data-element_type=\"container\">\n\t\t\t\t\t<div class=\"e-con-inner\">\n\t\t<div class=\"elementor-element elementor-element-cdda698 e-con-full e-flex e-con e-child\" data-id=\"cdda698\" data-element_type=\"container\">\n\t\t\t\t<div class=\"elementor-element elementor-element-cbf26fa elementor-widget elementor-widget-heading\" data-id=\"cbf26fa\" data-element_type=\"widget\" data-widget_type=\"heading.default\">\n\t\t\t\t\t<h2 class=\"elementor-heading-title elementor-size-default\">La Orden Constantiniana y el Estado Italiano<\/h2>\t\t\t\t<\/div>\n\t\t\t\t<div class=\"elementor-element elementor-element-1d7e00e elementor-widget elementor-widget-text-editor\" data-id=\"1d7e00e\" data-element_type=\"widget\" data-widget_type=\"text-editor.default\">\n\t\t\t\t\t\t\t\t\t<p>En 1860 el Reino de Sardinia ocup\u00f3 el Reino de las Dos Sicilias que se anexion\u00f3 al reci\u00e9n nacido Reino de Italia. Los bienes de la Orden Constantiniana \u2013 como todos los bienes de los Borbones de las Dos Sicilias \u2013 fueron confiscados por el nuevo Estado. Pero el 27 de septiembre de 1861 el Ministerio del Interiorpidi\u00f3 al Consejo de Estado establecer que la utilizaci\u00f3n p\u00fablica de los bienes de la Orden no conllevase suprimir la misma.<\/p>\n<p><br><\/p>\n<p>Esta decisi\u00f3n estuvo refrendada por dos sentencias (11 julio de 1871) del Tribunal Supremo de Casaci\u00f3n la cuan defini\u00f3 \u00abni caducada ni abolida la Orden Constantiniana\u00bb y el decreto dictatorial de 12 de febrero 1860, de Garibaldi, que introduc\u00eda en las propiedades estatales los bienes materiales de la Orden, y en el cual dispon\u00eda que s\u00f3lo que los activos de la Orden Constantiniana ya administrados bajo la dependencia del Ministerio de la Presidencia de los Ministros del Reino de las Dos Sicilias fuesen declarados patrimonio nacional.<\/p>\n<p><br><\/p>\n<p>Asi la Sagrada Orden Militar Constantiniana sigue siendo legit\u00edmama en el Estado italiano porque, tal y como dictamina Ettore Gallo, \u00abNo es una instituci\u00f3n de caballer\u00eda de Estado sino una instituci\u00f3n din\u00e1stico-familiar, que no pertenece al Estado italiano por origen y evoluci\u00f3n hist\u00f3rica. Justo por esta raz\u00f3n queda reconocida como no nacional.\u00bb<\/p>\n<p><br><\/p>\n<p>La ley n\u00b0 178 de 1951 autoriza a los ciudadanos italianos condecorados Constantinianos a utilizar las condecoraciones, tal y como queda reconocido por el Consejo de Estado italiano (decisi\u00f3n n. 1869\/81).<br>Por lo tanto, los ciudadanos italianos legit\u00edmamente condecorados constantinianos pueden pedir la autorizaci\u00f3n para utilizar las insignas en el territorio de la Rep\u00fablica bajo decreto presidencial o del Ministerio de Asuntos Exteriores.<\/p><p><br><\/p>\n<p>En 1973 en conformidad con el Decreto del Presidente de la Rep\u00fablica, la Asociaci\u00f3n Nacional Italiana de los Caballeros de la Sagrada Orden Militar Constantiniana de San Jorge qued\u00f3 instituida como Ente Moral.<\/p>\t\t\t\t\t\t\t\t<\/div>\n\t\t\t\t<\/div>\n\t\t<div class=\"elementor-element elementor-element-e6ffe5b e-con-full e-flex e-con e-child\" data-id=\"e6ffe5b\" data-element_type=\"container\" data-settings=\"{&quot;background_background&quot;:&quot;classic&quot;}\">\n\t\t<div class=\"elementor-element elementor-element-3f1c3b0 e-grid e-con-full e-con e-child\" data-id=\"3f1c3b0\" data-element_type=\"container\">\n\t\t\t\t<div class=\"elementor-element elementor-element-71bdbc7 elementor-widget elementor-widget-image\" data-id=\"71bdbc7\" data-element_type=\"widget\" data-widget_type=\"image.default\">\n\t\t\t\t\t\t\t\t\t\t\t\t\t\t\t<img decoding=\"async\" width=\"300\" height=\"300\" src=\"https:\/\/constantinianorder.com\/wp-content\/uploads\/2025\/10\/Stemma-del-Sacro-Militare-Ordine-Costantiniano-di-San-giorgio.webp\" class=\"attachment-full size-full wp-image-2100\" alt=\"Stemma del Sacro Militare Ordine Costantiniano di San Giorgio\" \/>\t\t\t\t\t\t\t\t\t\t\t\t\t\t\t<\/div>\n\t\t\t\t<div class=\"elementor-element elementor-element-cf4797a elementor-widget elementor-widget-image\" data-id=\"cf4797a\" data-element_type=\"widget\" data-widget_type=\"image.default\">\n\t\t\t\t\t\t\t\t\t\t\t\t\t\t\t<img decoding=\"async\" width=\"300\" height=\"300\" src=\"https:\/\/constantinianorder.com\/wp-content\/uploads\/2025\/10\/Sacro-Militare-Ordine-Costantiniano-e-Stato-Italiano.webp\" class=\"attachment-large size-large wp-image-2088\" alt=\"Emblema delle Repubblica Italiana\" \/>\t\t\t\t\t\t\t\t\t\t\t\t\t\t\t<\/div>\n\t\t\t\t<\/div>\n\t\t<div class=\"elementor-element elementor-element-3fc8022 e-grid e-con-full e-con e-child\" data-id=\"3fc8022\" data-element_type=\"container\">\n\t\t\t\t<div class=\"elementor-element elementor-element-45d7e20 elementor-widget elementor-widget-heading\" data-id=\"45d7e20\" data-element_type=\"widget\" data-widget_type=\"heading.default\">\n\t\t\t\t\t<h2 class=\"elementor-heading-title elementor-size-default\">Reconocimientos institucionales<\/h2>\t\t\t\t<\/div>\n\t\t\t\t<div class=\"elementor-element elementor-element-bdeced5 elementor-position-left elementor-position-top elementor-vertical-align-middle elementor-position-left elementor-widget elementor-widget-image-box\" data-id=\"bdeced5\" data-element_type=\"widget\" data-widget_type=\"image-box.default\">\n\t\t\t\t\t<div class=\"elementor-image-box-wrapper\"><figure class=\"elementor-image-box-img\"><a href=\"https:\/\/constantinianorder.com\/es\/la-orden-constantiniana-y-el-estado-italiano\/\" tabindex=\"-1\"><img loading=\"lazy\" decoding=\"async\" width=\"300\" height=\"300\" src=\"https:\/\/constantinianorder.com\/wp-content\/uploads\/2025\/10\/Sacro-Militare-Ordine-Costantiniano-e-Stato-Italiano.webp\" class=\"attachment-full size-full wp-image-2088\" alt=\"Emblema delle Repubblica Italiana\" \/><\/a><\/figure><div class=\"elementor-image-box-content\"><p class=\"elementor-image-box-description\">La Orden Constantiniana y el Estado Italiano<\/p><\/div><\/div>\t\t\t\t<\/div>\n\t\t\t\t<div class=\"elementor-element elementor-element-5608f36 elementor-position-left elementor-position-top elementor-vertical-align-middle elementor-position-left elementor-widget elementor-widget-image-box\" data-id=\"5608f36\" data-element_type=\"widget\" data-widget_type=\"image-box.default\">\n\t\t\t\t\t<div class=\"elementor-image-box-wrapper\"><figure class=\"elementor-image-box-img\"><a href=\"https:\/\/constantinianorder.com\/l-ordine-costantiniano-e-la-santa-sede\/\" tabindex=\"-1\"><img loading=\"lazy\" decoding=\"async\" width=\"300\" height=\"300\" src=\"https:\/\/constantinianorder.com\/wp-content\/uploads\/2025\/10\/Emblema-della-Santa-Sede.webp\" class=\"attachment-full size-full wp-image-2158\" alt=\"Emblema della Santa Sede\" \/><\/a><\/figure><div class=\"elementor-image-box-content\"><p class=\"elementor-image-box-description\">La Orden Constantiniana y la Santa Sede<\/p><\/div><\/div>\t\t\t\t<\/div>\n\t\t\t\t<div class=\"elementor-element elementor-element-6f31541 elementor-position-left elementor-position-top elementor-vertical-align-middle elementor-widget elementor-widget-image-box\" data-id=\"6f31541\" data-element_type=\"widget\" data-widget_type=\"image-box.default\">\n\t\t\t\t\t<div class=\"elementor-image-box-wrapper\"><figure class=\"elementor-image-box-img\"><a href=\"https:\/\/constantinianorder.com\/l-ordine-costantiniano-ed-il-sovrano-militare-ordine-di-malta\/\" tabindex=\"-1\"><img loading=\"lazy\" decoding=\"async\" width=\"300\" height=\"300\" src=\"https:\/\/constantinianorder.com\/wp-content\/uploads\/2025\/10\/Sovrano-Militare-Ordine-di-Malta.webp\" class=\"attachment-full size-full wp-image-2222\" alt=\"Sovrano Militare Ordine di Malta\" \/><\/a><\/figure><div class=\"elementor-image-box-content\"><p class=\"elementor-image-box-description\">La Orden Constantiniana y la Orden Soberana y Militar de Malta<\/p><\/div><\/div>\t\t\t\t<\/div>\n\t\t\t\t<div class=\"elementor-element elementor-element-228ebd4 elementor-position-left elementor-position-top elementor-vertical-align-middle elementor-position-left elementor-widget elementor-widget-image-box\" data-id=\"228ebd4\" data-element_type=\"widget\" data-widget_type=\"image-box.default\">\n\t\t\t\t\t<div class=\"elementor-image-box-wrapper\"><figure class=\"elementor-image-box-img\"><a href=\"https:\/\/constantinianorder.com\/l-ordine-costantiniano-e-le-nazioni-unite\/\" tabindex=\"-1\"><img loading=\"lazy\" decoding=\"async\" width=\"300\" height=\"300\" src=\"https:\/\/constantinianorder.com\/wp-content\/uploads\/2025\/10\/Emblema-delle-Nazioni-Unite.webp\" class=\"attachment-full size-full wp-image-2235\" alt=\"Emblema delle Nazioni Unite\" \/><\/a><\/figure><div class=\"elementor-image-box-content\"><p class=\"elementor-image-box-description\">La Orden Constantiniana y las Naciones Unidas<\/p><\/div><\/div>\t\t\t\t<\/div>\n\t\t\t\t<\/div>\n\t\t\t\t<\/div>\n\t\t\t\t\t<\/div>\n\t\t\t\t<\/div>\n\t\t\t\t<\/div>\n\t\t","protected":false},"excerpt":{"rendered":"<p>La Orden Constantiniana y el Estado Italiano La Orden Constantiniana y el Estado Italiano, la orden caballeresca cat\u00f3lica de antiguas ra\u00edces, actualmente bajo el Gran Magisterio de la Real Casa de Borb\u00f3n de las Dos Sicilias, que promueve la fe, la caridad y el compromiso social inspirados en los valores cristianos. constantinianorder.net Real Casa de [&hellip;]<\/p>\n","protected":false},"author":2,"featured_media":0,"parent":0,"menu_order":0,"comment_status":"closed","ping_status":"closed","template":"elementor_header_footer","meta":{"footnotes":""},"class_list":["post-95585","page","type-page","status-publish","hentry"],"yoast_head":"<!-- This site is optimized with the Yoast SEO plugin v26.5 - https:\/\/yoast.com\/wordpress\/plugins\/seo\/ -->\n<title>La Orden Constantiniana y el Estado Italiano - Sacro Militare Ordine Costantiniano di San Giorgio<\/title>\n<meta name=\"description\" content=\"La Orden Constantiniana y el Estado Italiano Identidad, historia y organizaci\u00f3n moderna de la Sagrada Orden Militar Constantiniana de San Jorge\" \/>\n<meta name=\"robots\" content=\"index, follow, max-snippet:-1, max-image-preview:large, max-video-preview:-1\" \/>\n<link rel=\"canonical\" href=\"https:\/\/constantinianorder.com\/l-ordine-costantiniano-e-lo-stato-italiano\/\" \/>\n<meta property=\"og:locale\" content=\"es_ES\" \/>\n<meta property=\"og:type\" content=\"article\" \/>\n<meta property=\"og:title\" content=\"La Orden Constantiniana y el Estado Italiano - Sacro Militare Ordine Costantiniano di San Giorgio\" \/>\n<meta property=\"og:description\" content=\"La Orden Constantiniana y el Estado Italiano Identidad, historia y organizaci\u00f3n moderna de la Sagrada Orden Militar Constantiniana de San Jorge\" \/>\n<meta property=\"og:url\" content=\"https:\/\/constantinianorder.com\/l-ordine-costantiniano-e-lo-stato-italiano\/\" \/>\n<meta property=\"og:site_name\" content=\"Sacro Militare Ordine Costantiniano di San Giorgio\" \/>\n<meta property=\"article:publisher\" content=\"https:\/\/www.facebook.com\/constantinianorder\" \/>\n<meta property=\"article:modified_time\" content=\"2025-11-06T15:10:01+00:00\" \/>\n<meta property=\"og:image\" content=\"https:\/\/constantinianorder.com\/wp-content\/uploads\/2025\/10\/cropped-logo-costantiniano.webp\" \/>\n\t<meta property=\"og:image:width\" content=\"512\" \/>\n\t<meta property=\"og:image:height\" content=\"512\" \/>\n\t<meta property=\"og:image:type\" content=\"image\/webp\" \/>\n<meta name=\"twitter:card\" content=\"summary_large_image\" \/>\n<meta name=\"twitter:label1\" content=\"Tiempo de lectura\" \/>\n\t<meta name=\"twitter:data1\" content=\"3 minutos\" \/>\n<script type=\"application\/ld+json\" class=\"yoast-schema-graph\">{\"@context\":\"https:\/\/schema.org\",\"@graph\":[{\"@type\":\"WebPage\",\"@id\":\"https:\/\/constantinianorder.com\/l-ordine-costantiniano-e-lo-stato-italiano\/\",\"url\":\"https:\/\/constantinianorder.com\/l-ordine-costantiniano-e-lo-stato-italiano\/\",\"name\":\"La Orden Constantiniana y el Estado Italiano - Sacro Militare Ordine Costantiniano di San Giorgio\",\"isPartOf\":{\"@id\":\"https:\/\/constantinianorder.com\/#website\"},\"primaryImageOfPage\":{\"@id\":\"https:\/\/constantinianorder.com\/l-ordine-costantiniano-e-lo-stato-italiano\/#primaryimage\"},\"image\":{\"@id\":\"https:\/\/constantinianorder.com\/l-ordine-costantiniano-e-lo-stato-italiano\/#primaryimage\"},\"thumbnailUrl\":\"https:\/\/constantinianorder.com\/wp-content\/uploads\/2025\/10\/cropped-logo-costantiniano.png\",\"datePublished\":\"2025-10-10T14:30:49+00:00\",\"dateModified\":\"2025-11-06T15:10:01+00:00\",\"description\":\"La Orden Constantiniana y el Estado Italiano Identidad, historia y organizaci\u00f3n moderna de la Sagrada Orden Militar Constantiniana de San Jorge\",\"breadcrumb\":{\"@id\":\"https:\/\/constantinianorder.com\/l-ordine-costantiniano-e-lo-stato-italiano\/#breadcrumb\"},\"inLanguage\":\"es\",\"potentialAction\":[{\"@type\":\"ReadAction\",\"target\":[\"https:\/\/constantinianorder.com\/l-ordine-costantiniano-e-lo-stato-italiano\/\"]}]},{\"@type\":\"ImageObject\",\"inLanguage\":\"es\",\"@id\":\"https:\/\/constantinianorder.com\/l-ordine-costantiniano-e-lo-stato-italiano\/#primaryimage\",\"url\":\"https:\/\/constantinianorder.com\/wp-content\/uploads\/2025\/10\/cropped-logo-costantiniano.png\",\"contentUrl\":\"https:\/\/constantinianorder.com\/wp-content\/uploads\/2025\/10\/cropped-logo-costantiniano.png\"},{\"@type\":\"BreadcrumbList\",\"@id\":\"https:\/\/constantinianorder.com\/l-ordine-costantiniano-e-lo-stato-italiano\/#breadcrumb\",\"itemListElement\":[{\"@type\":\"ListItem\",\"position\":1,\"name\":\"Home\",\"item\":\"https:\/\/constantinianorder.com\/en\/\"},{\"@type\":\"ListItem\",\"position\":2,\"name\":\"La Orden Constantiniana y el Estado Italiano\"}]},{\"@type\":\"WebSite\",\"@id\":\"https:\/\/constantinianorder.com\/#website\",\"url\":\"https:\/\/constantinianorder.com\/\",\"name\":\"Sacro Militare Ordine Costantiniano di San Giorgio\",\"description\":\"Ordine Ufficiale\",\"publisher\":{\"@id\":\"https:\/\/constantinianorder.com\/#organization\"},\"potentialAction\":[{\"@type\":\"SearchAction\",\"target\":{\"@type\":\"EntryPoint\",\"urlTemplate\":\"https:\/\/constantinianorder.com\/?s={search_term_string}\"},\"query-input\":{\"@type\":\"PropertyValueSpecification\",\"valueRequired\":true,\"valueName\":\"search_term_string\"}}],\"inLanguage\":\"es\"},{\"@type\":\"Organization\",\"@id\":\"https:\/\/constantinianorder.com\/#organization\",\"name\":\"Sacro Militare Ordine Costantiniano di San Giorgio\",\"url\":\"https:\/\/constantinianorder.com\/\",\"logo\":{\"@type\":\"ImageObject\",\"inLanguage\":\"es\",\"@id\":\"https:\/\/constantinianorder.com\/#\/schema\/logo\/image\/\",\"url\":\"https:\/\/constantinianorder.com\/wp-content\/uploads\/2025\/10\/cropped-logo-costantiniano.png\",\"contentUrl\":\"https:\/\/constantinianorder.com\/wp-content\/uploads\/2025\/10\/cropped-logo-costantiniano.png\",\"width\":512,\"height\":512,\"caption\":\"Sacro Militare Ordine Costantiniano di San Giorgio\"},\"image\":{\"@id\":\"https:\/\/constantinianorder.com\/#\/schema\/logo\/image\/\"},\"sameAs\":[\"https:\/\/www.facebook.com\/constantinianorder\",\"https:\/\/www.instagram.com\/constantinianorder\/\",\"https:\/\/www.youtube.com\/@granmagisterodelsacromilit9375\"]}]}<\/script>\n<!-- \/ Yoast SEO plugin. -->","yoast_head_json":{"title":"La Orden Constantiniana y el Estado Italiano - Sacro Militare Ordine Costantiniano di San Giorgio","description":"La Orden Constantiniana y el Estado Italiano Identidad, historia y organizaci\u00f3n moderna de la Sagrada Orden Militar Constantiniana de San Jorge","robots":{"index":"index","follow":"follow","max-snippet":"max-snippet:-1","max-image-preview":"max-image-preview:large","max-video-preview":"max-video-preview:-1"},"canonical":"https:\/\/constantinianorder.com\/l-ordine-costantiniano-e-lo-stato-italiano\/","og_locale":"es_ES","og_type":"article","og_title":"La Orden Constantiniana y el Estado Italiano - Sacro Militare Ordine Costantiniano di San Giorgio","og_description":"La Orden Constantiniana y el Estado Italiano Identidad, historia y organizaci\u00f3n moderna de la Sagrada Orden Militar Constantiniana de San Jorge","og_url":"https:\/\/constantinianorder.com\/l-ordine-costantiniano-e-lo-stato-italiano\/","og_site_name":"Sacro Militare Ordine Costantiniano di San Giorgio","article_publisher":"https:\/\/www.facebook.com\/constantinianorder","article_modified_time":"2025-11-06T15:10:01+00:00","og_image":[{"width":512,"height":512,"url":"https:\/\/constantinianorder.com\/wp-content\/uploads\/2025\/10\/cropped-logo-costantiniano.webp","type":"image\/webp"}],"twitter_card":"summary_large_image","twitter_misc":{"Tiempo de lectura":"3 minutos"},"schema":{"@context":"https:\/\/schema.org","@graph":[{"@type":"WebPage","@id":"https:\/\/constantinianorder.com\/l-ordine-costantiniano-e-lo-stato-italiano\/","url":"https:\/\/constantinianorder.com\/l-ordine-costantiniano-e-lo-stato-italiano\/","name":"La Orden Constantiniana y el Estado Italiano - Sacro Militare Ordine Costantiniano di San Giorgio","isPartOf":{"@id":"https:\/\/constantinianorder.com\/#website"},"primaryImageOfPage":{"@id":"https:\/\/constantinianorder.com\/l-ordine-costantiniano-e-lo-stato-italiano\/#primaryimage"},"image":{"@id":"https:\/\/constantinianorder.com\/l-ordine-costantiniano-e-lo-stato-italiano\/#primaryimage"},"thumbnailUrl":"https:\/\/constantinianorder.com\/wp-content\/uploads\/2025\/10\/cropped-logo-costantiniano.png","datePublished":"2025-10-10T14:30:49+00:00","dateModified":"2025-11-06T15:10:01+00:00","description":"La Orden Constantiniana y el Estado Italiano Identidad, historia y organizaci\u00f3n moderna de la Sagrada Orden Militar Constantiniana de San Jorge","breadcrumb":{"@id":"https:\/\/constantinianorder.com\/l-ordine-costantiniano-e-lo-stato-italiano\/#breadcrumb"},"inLanguage":"es","potentialAction":[{"@type":"ReadAction","target":["https:\/\/constantinianorder.com\/l-ordine-costantiniano-e-lo-stato-italiano\/"]}]},{"@type":"ImageObject","inLanguage":"es","@id":"https:\/\/constantinianorder.com\/l-ordine-costantiniano-e-lo-stato-italiano\/#primaryimage","url":"https:\/\/constantinianorder.com\/wp-content\/uploads\/2025\/10\/cropped-logo-costantiniano.png","contentUrl":"https:\/\/constantinianorder.com\/wp-content\/uploads\/2025\/10\/cropped-logo-costantiniano.png"},{"@type":"BreadcrumbList","@id":"https:\/\/constantinianorder.com\/l-ordine-costantiniano-e-lo-stato-italiano\/#breadcrumb","itemListElement":[{"@type":"ListItem","position":1,"name":"Home","item":"https:\/\/constantinianorder.com\/en\/"},{"@type":"ListItem","position":2,"name":"La Orden Constantiniana y el Estado Italiano"}]},{"@type":"WebSite","@id":"https:\/\/constantinianorder.com\/#website","url":"https:\/\/constantinianorder.com\/","name":"Sacro Militare Ordine Costantiniano di San Giorgio","description":"Ordine Ufficiale","publisher":{"@id":"https:\/\/constantinianorder.com\/#organization"},"potentialAction":[{"@type":"SearchAction","target":{"@type":"EntryPoint","urlTemplate":"https:\/\/constantinianorder.com\/?s={search_term_string}"},"query-input":{"@type":"PropertyValueSpecification","valueRequired":true,"valueName":"search_term_string"}}],"inLanguage":"es"},{"@type":"Organization","@id":"https:\/\/constantinianorder.com\/#organization","name":"Sacro Militare Ordine Costantiniano di San Giorgio","url":"https:\/\/constantinianorder.com\/","logo":{"@type":"ImageObject","inLanguage":"es","@id":"https:\/\/constantinianorder.com\/#\/schema\/logo\/image\/","url":"https:\/\/constantinianorder.com\/wp-content\/uploads\/2025\/10\/cropped-logo-costantiniano.png","contentUrl":"https:\/\/constantinianorder.com\/wp-content\/uploads\/2025\/10\/cropped-logo-costantiniano.png","width":512,"height":512,"caption":"Sacro Militare Ordine Costantiniano di San Giorgio"},"image":{"@id":"https:\/\/constantinianorder.com\/#\/schema\/logo\/image\/"},"sameAs":["https:\/\/www.facebook.com\/constantinianorder","https:\/\/www.instagram.com\/constantinianorder\/","https:\/\/www.youtube.com\/@granmagisterodelsacromilit9375"]}]}},"_links":{"self":[{"href":"https:\/\/constantinianorder.com\/es\/wp-json\/wp\/v2\/pages\/95585","targetHints":{"allow":["GET"]}}],"collection":[{"href":"https:\/\/constantinianorder.com\/es\/wp-json\/wp\/v2\/pages"}],"about":[{"href":"https:\/\/constantinianorder.com\/es\/wp-json\/wp\/v2\/types\/page"}],"author":[{"embeddable":true,"href":"https:\/\/constantinianorder.com\/es\/wp-json\/wp\/v2\/users\/2"}],"replies":[{"embeddable":true,"href":"https:\/\/constantinianorder.com\/es\/wp-json\/wp\/v2\/comments?post=95585"}],"version-history":[{"count":4,"href":"https:\/\/constantinianorder.com\/es\/wp-json\/wp\/v2\/pages\/95585\/revisions"}],"predecessor-version":[{"id":95589,"href":"https:\/\/constantinianorder.com\/es\/wp-json\/wp\/v2\/pages\/95585\/revisions\/95589"}],"wp:attachment":[{"href":"https:\/\/constantinianorder.com\/es\/wp-json\/wp\/v2\/media?parent=95585"}],"curies":[{"name":"wp","href":"https:\/\/api.w.org\/{rel}","templated":true}]}}