{"id":95508,"date":"2025-10-09T13:09:42","date_gmt":"2025-10-09T13:09:42","guid":{"rendered":"https:\/\/constantinianorder.com\/gobierno-de-la-orden\/"},"modified":"2025-12-23T17:52:37","modified_gmt":"2025-12-23T17:52:37","slug":"gobierno-de-la-orden","status":"publish","type":"page","link":"https:\/\/constantinianorder.com\/es\/gobierno-de-la-orden\/","title":{"rendered":"Gobierno de la Orden"},"content":{"rendered":"\t\t<div data-elementor-type=\"wp-page\" data-elementor-id=\"95508\" class=\"elementor elementor-95508 elementor-1841\" data-elementor-post-type=\"page\">\n\t\t\t\t<div class=\"elementor-element elementor-element-2f1f2f44 elementor-hidden-desktop elementor-hidden-tablet_extra elementor-hidden-tablet elementor-hidden-mobile e-flex e-con-boxed e-con e-parent\" data-id=\"2f1f2f44\" data-element_type=\"container\">\n\t\t\t\t\t<div class=\"e-con-inner\">\n\t\t\t\t<div class=\"elementor-element elementor-element-29a264a2 elementor-widget elementor-widget-image\" data-id=\"29a264a2\" data-element_type=\"widget\" data-widget_type=\"image.default\">\n\t\t\t\t\t\t\t\t\t\t\t\t\t\t\t<img fetchpriority=\"high\" decoding=\"async\" width=\"512\" height=\"512\" src=\"https:\/\/constantinianorder.com\/wp-content\/uploads\/2025\/10\/cropped-logo-costantiniano.webp\" class=\"attachment-full size-full wp-image-1066\" alt=\"sacro militare ordine costantiniano di san giorgio\" \/>\t\t\t\t\t\t\t\t\t\t\t\t\t\t\t<\/div>\n\t\t\t\t<div class=\"elementor-element elementor-element-1a9c49ee elementor-widget elementor-widget-heading\" data-id=\"1a9c49ee\" data-element_type=\"widget\" data-widget_type=\"heading.default\">\n\t\t\t\t\t<h1 class=\"elementor-heading-title elementor-size-default\">Gobierno de la Orden Constantiniana <\/h1>\t\t\t\t<\/div>\n\t\t\t\t<div class=\"elementor-element elementor-element-48ec6d2a elementor-widget elementor-widget-text-editor\" data-id=\"48ec6d2a\" data-element_type=\"widget\" data-widget_type=\"text-editor.default\">\n\t\t\t\t\t\t\t\t\t<p>Gobierno de la Orden Constantiniana, la orden caballeresca cat\u00f3lica de antiguas ra\u00edces, actualmente bajo el Gran Magisterio de la Real Casa de Borb\u00f3n de las Dos Sicilias, que promueve la fe, la caridad y el compromiso social inspirados en los valores cristianos.<\/p><ul><li><a href=\"https:\/\/constantinianorder.net\" target=\"_blank\" rel=\"noopener\">constantinianorder.net<\/a><\/li><li><a href=\"https:\/\/realcasadiborbone.it\" target=\"_blank\" rel=\"noopener\">Real Casa de Borb\u00f3n de las Dos Sicilias<\/a><\/li><li><a href=\"https:\/\/constantinianorder.com\/contatti\/\">contactos<\/a><\/li><\/ul>\t\t\t\t\t\t\t\t<\/div>\n\t\t\t\t\t<\/div>\n\t\t\t\t<\/div>\n\t\t<div class=\"elementor-element elementor-element-483b40f e-flex e-con-boxed e-con e-parent\" data-id=\"483b40f\" data-element_type=\"container\">\n\t\t\t\t\t<div class=\"e-con-inner\">\n\t\t<div class=\"elementor-element elementor-element-46baf72 e-con-full e-flex e-con e-child\" data-id=\"46baf72\" data-element_type=\"container\">\n\t\t\t\t<div class=\"elementor-element elementor-element-cbc30c4 elementor-widget elementor-widget-heading\" data-id=\"cbc30c4\" data-element_type=\"widget\" data-widget_type=\"heading.default\">\n\t\t\t\t\t<h2 class=\"elementor-heading-title elementor-size-default\">Gobierno de la Orden<\/h2>\t\t\t\t<\/div>\n\t\t\t\t<div class=\"elementor-element elementor-element-fc1547c elementor-widget elementor-widget-text-editor\" data-id=\"fc1547c\" data-element_type=\"widget\" data-widget_type=\"text-editor.default\">\n\t\t\t\t\t\t\t\t\t<p>La Sagrada Orden Militar Constantiniana de San Jorge est\u00e1 gobernada por el Gran Maestro, asistido por la Diputaci\u00f3n Real, compuesta de la Grandes Cargas: Gran Prefecto, Gran Prior, Gran Canciller y Gran Tesorero, por el Presidente, Vice Presidente, Secretario y por los Diputados.<\/p><p><br><\/p>\n<p>El actual Gran Maestro, S.A.R. el Pr\u00edncipe Carlos de Borb\u00f3n de las Dos Sicilias, Duque de Castro y Jefe de la Casa Real, es adem\u00e1s asistido por un Consejo Jur\u00eddico Magistral y por una Comisi\u00f3n Her\u00e1ldica Magistral.<\/p><p><br><\/p>\n<p>El Gran Maestro es el perpetuo Administrador del Orden, puede promover leyes nuevas y estatutos, as\u00ed como proceder a el nombramiento de los cargos institucionales m\u00e1s altos, a las cu\u00e1les confiar la direcci\u00f3n moral, disciplinaria y administrativa del Orden.<\/p><p><br><\/p>\n<p>S.A.R. el Pr\u00edncipe Carlos de Borb\u00f3n est\u00e1 asistido en sus decisiones por el \u201cConsejero de la Real Casa y de las \u00d3rdenes Din\u00e1sticas\u201d, nombrado personalmente y de su absoluta confianza. Puede designar un Secretario General al que otorga poderes de direcci\u00f3n y coordinaci\u00f3n de la actividad de la Canciller\u00eda y de las Delegaciones.<\/p>\t\t\t\t\t\t\t\t<\/div>\n\t\t\t\t<\/div>\n\t\t<div class=\"elementor-element elementor-element-2b9d8ec e-con-full e-flex e-con e-child\" data-id=\"2b9d8ec\" data-element_type=\"container\" data-settings=\"{&quot;background_background&quot;:&quot;classic&quot;}\">\n\t\t\t\t<div class=\"elementor-element elementor-element-d60e63c elementor-widget elementor-widget-heading\" data-id=\"d60e63c\" data-element_type=\"widget\" data-widget_type=\"heading.default\">\n\t\t\t\t\t<h2 class=\"elementor-heading-title elementor-size-default\">ESTATUTO<\/h2>\t\t\t\t<\/div>\n\t\t\t\t<div class=\"elementor-element elementor-element-700a09d elementor-widget elementor-widget-image\" data-id=\"700a09d\" data-element_type=\"widget\" data-widget_type=\"image.default\">\n\t\t\t\t\t\t\t\t\t\t\t\t\t\t\t<img decoding=\"async\" width=\"300\" height=\"300\" src=\"https:\/\/constantinianorder.com\/wp-content\/uploads\/2025\/10\/croce2.webp\" class=\"attachment-full size-full wp-image-92942\" alt=\"Ordre Sacr\u00e9 et Militaire Constantinien de Saint Georges\" srcset=\"https:\/\/constantinianorder.com\/wp-content\/uploads\/2025\/10\/croce2.webp 300w, https:\/\/constantinianorder.com\/wp-content\/uploads\/2025\/10\/croce2-150x150.png 150w\" sizes=\"(max-width: 300px) 100vw, 300px\" \/>\t\t\t\t\t\t\t\t\t\t\t\t\t\t\t<\/div>\n\t\t\t\t<div class=\"elementor-element elementor-element-9ef0d10 elementor-widget elementor-widget-heading\" data-id=\"9ef0d10\" data-element_type=\"widget\" data-widget_type=\"heading.default\">\n\t\t\t\t\t<h6 class=\"elementor-heading-title elementor-size-default\">El Estatuto de la Sagrada Orden Militar Constantiniana de San Jorge define los principios fundacionales, los fines espirituales y caritativos, as\u00ed como la organizaci\u00f3n y el funcionamiento de la Orden. Constituye la referencia normativa esencial que regula su vida institucional, respetando la tradici\u00f3n hist\u00f3rica y los valores cristianos que inspiran su acci\u00f3n.<\/h6>\t\t\t\t<\/div>\n\t\t\t\t<div class=\"elementor-element elementor-element-aa85ff4 elementor-widget elementor-widget-text-editor\" data-id=\"aa85ff4\" data-element_type=\"widget\" data-widget_type=\"text-editor.default\">\n\t\t\t\t\t\t\t\t\t<p><strong><a href=\"https:\/\/constantinianorder.com\/es\/estatuto-de-la-sagrada-orden-militar-constantiniana-de-san-jorge\/\">Ir<\/a><\/strong> al Estatuto<\/p>\t\t\t\t\t\t\t\t<\/div>\n\t\t\t\t<\/div>\n\t\t\t\t\t<\/div>\n\t\t\t\t<\/div>\n\t\t\t\t<\/div>\n\t\t","protected":false},"excerpt":{"rendered":"<p>Gobierno de la Orden Constantiniana Gobierno de la Orden Constantiniana, la orden caballeresca cat\u00f3lica de antiguas ra\u00edces, actualmente bajo el Gran Magisterio de la Real Casa de Borb\u00f3n de las Dos Sicilias, que promueve la fe, la caridad y el compromiso social inspirados en los valores cristianos. constantinianorder.net Real Casa de Borb\u00f3n de las Dos [&hellip;]<\/p>\n","protected":false},"author":2,"featured_media":0,"parent":0,"menu_order":0,"comment_status":"closed","ping_status":"closed","template":"elementor_header_footer","meta":{"footnotes":""},"class_list":["post-95508","page","type-page","status-publish","hentry"],"yoast_head":"<!-- This site is optimized with the Yoast SEO plugin v26.5 - https:\/\/yoast.com\/wordpress\/plugins\/seo\/ -->\n<title>Gobierno de la Orden Constantiniana - Sacro Militare Ordine Costantiniano di San Giorgio<\/title>\n<meta name=\"description\" content=\"Gobierno de la Orden Constantiniana. Identidad, historia y organizaci\u00f3n moderna de la Sagrada Orden Militar Constantiniana de San Jorge\" \/>\n<meta name=\"robots\" content=\"index, follow, max-snippet:-1, max-image-preview:large, max-video-preview:-1\" \/>\n<link rel=\"canonical\" href=\"https:\/\/constantinianorder.com\/governo-dell-ordine\/\" \/>\n<meta property=\"og:locale\" content=\"es_ES\" \/>\n<meta property=\"og:type\" content=\"article\" \/>\n<meta property=\"og:title\" content=\"Gobierno de la Orden Constantiniana - Sacro Militare Ordine Costantiniano di San Giorgio\" \/>\n<meta property=\"og:description\" content=\"Gobierno de la Orden Constantiniana. Identidad, historia y organizaci\u00f3n moderna de la Sagrada Orden Militar Constantiniana de San Jorge\" \/>\n<meta property=\"og:url\" content=\"https:\/\/constantinianorder.com\/governo-dell-ordine\/\" \/>\n<meta property=\"og:site_name\" content=\"Sacro Militare Ordine Costantiniano di San Giorgio\" \/>\n<meta property=\"article:publisher\" content=\"https:\/\/www.facebook.com\/constantinianorder\" \/>\n<meta property=\"article:modified_time\" content=\"2025-12-23T17:52:37+00:00\" \/>\n<meta property=\"og:image\" content=\"https:\/\/constantinianorder.com\/wp-content\/uploads\/2025\/10\/cropped-logo-costantiniano.webp\" \/>\n\t<meta property=\"og:image:width\" content=\"512\" \/>\n\t<meta property=\"og:image:height\" content=\"512\" \/>\n\t<meta property=\"og:image:type\" content=\"image\/webp\" \/>\n<meta name=\"twitter:card\" content=\"summary_large_image\" \/>\n<meta name=\"twitter:label1\" content=\"Tiempo de lectura\" \/>\n\t<meta name=\"twitter:data1\" content=\"2 minutos\" \/>\n<script type=\"application\/ld+json\" class=\"yoast-schema-graph\">{\"@context\":\"https:\/\/schema.org\",\"@graph\":[{\"@type\":\"WebPage\",\"@id\":\"https:\/\/constantinianorder.com\/governo-dell-ordine\/\",\"url\":\"https:\/\/constantinianorder.com\/governo-dell-ordine\/\",\"name\":\"Gobierno de la Orden Constantiniana - Sacro Militare Ordine Costantiniano di San Giorgio\",\"isPartOf\":{\"@id\":\"https:\/\/constantinianorder.com\/#website\"},\"primaryImageOfPage\":{\"@id\":\"https:\/\/constantinianorder.com\/governo-dell-ordine\/#primaryimage\"},\"image\":{\"@id\":\"https:\/\/constantinianorder.com\/governo-dell-ordine\/#primaryimage\"},\"thumbnailUrl\":\"https:\/\/constantinianorder.com\/wp-content\/uploads\/2025\/10\/cropped-logo-costantiniano.webp\",\"datePublished\":\"2025-10-09T13:09:42+00:00\",\"dateModified\":\"2025-12-23T17:52:37+00:00\",\"description\":\"Gobierno de la Orden Constantiniana. Identidad, historia y organizaci\u00f3n moderna de la Sagrada Orden Militar Constantiniana de San Jorge\",\"breadcrumb\":{\"@id\":\"https:\/\/constantinianorder.com\/governo-dell-ordine\/#breadcrumb\"},\"inLanguage\":\"es\",\"potentialAction\":[{\"@type\":\"ReadAction\",\"target\":[\"https:\/\/constantinianorder.com\/governo-dell-ordine\/\"]}]},{\"@type\":\"ImageObject\",\"inLanguage\":\"es\",\"@id\":\"https:\/\/constantinianorder.com\/governo-dell-ordine\/#primaryimage\",\"url\":\"https:\/\/constantinianorder.com\/wp-content\/uploads\/2025\/10\/cropped-logo-costantiniano.webp\",\"contentUrl\":\"https:\/\/constantinianorder.com\/wp-content\/uploads\/2025\/10\/cropped-logo-costantiniano.webp\"},{\"@type\":\"BreadcrumbList\",\"@id\":\"https:\/\/constantinianorder.com\/governo-dell-ordine\/#breadcrumb\",\"itemListElement\":[{\"@type\":\"ListItem\",\"position\":1,\"name\":\"Home\",\"item\":\"https:\/\/constantinianorder.com\/en\/\"},{\"@type\":\"ListItem\",\"position\":2,\"name\":\"Gobierno de la Orden\"}]},{\"@type\":\"WebSite\",\"@id\":\"https:\/\/constantinianorder.com\/#website\",\"url\":\"https:\/\/constantinianorder.com\/\",\"name\":\"Sacro Militare Ordine Costantiniano di San Giorgio\",\"description\":\"Ordine Ufficiale\",\"publisher\":{\"@id\":\"https:\/\/constantinianorder.com\/#organization\"},\"potentialAction\":[{\"@type\":\"SearchAction\",\"target\":{\"@type\":\"EntryPoint\",\"urlTemplate\":\"https:\/\/constantinianorder.com\/?s={search_term_string}\"},\"query-input\":{\"@type\":\"PropertyValueSpecification\",\"valueRequired\":true,\"valueName\":\"search_term_string\"}}],\"inLanguage\":\"es\"},{\"@type\":\"Organization\",\"@id\":\"https:\/\/constantinianorder.com\/#organization\",\"name\":\"Sacro Militare Ordine Costantiniano di San Giorgio\",\"url\":\"https:\/\/constantinianorder.com\/\",\"logo\":{\"@type\":\"ImageObject\",\"inLanguage\":\"es\",\"@id\":\"https:\/\/constantinianorder.com\/#\/schema\/logo\/image\/\",\"url\":\"https:\/\/constantinianorder.com\/wp-content\/uploads\/2025\/10\/cropped-logo-costantiniano.png\",\"contentUrl\":\"https:\/\/constantinianorder.com\/wp-content\/uploads\/2025\/10\/cropped-logo-costantiniano.png\",\"width\":512,\"height\":512,\"caption\":\"Sacro Militare Ordine Costantiniano di San Giorgio\"},\"image\":{\"@id\":\"https:\/\/constantinianorder.com\/#\/schema\/logo\/image\/\"},\"sameAs\":[\"https:\/\/www.facebook.com\/constantinianorder\",\"https:\/\/www.instagram.com\/constantinianorder\/\",\"https:\/\/www.youtube.com\/@granmagisterodelsacromilit9375\"]}]}<\/script>\n<!-- \/ Yoast SEO plugin. -->","yoast_head_json":{"title":"Gobierno de la Orden Constantiniana - Sacro Militare Ordine Costantiniano di San Giorgio","description":"Gobierno de la Orden Constantiniana. Identidad, historia y organizaci\u00f3n moderna de la Sagrada Orden Militar Constantiniana de San Jorge","robots":{"index":"index","follow":"follow","max-snippet":"max-snippet:-1","max-image-preview":"max-image-preview:large","max-video-preview":"max-video-preview:-1"},"canonical":"https:\/\/constantinianorder.com\/governo-dell-ordine\/","og_locale":"es_ES","og_type":"article","og_title":"Gobierno de la Orden Constantiniana - Sacro Militare Ordine Costantiniano di San Giorgio","og_description":"Gobierno de la Orden Constantiniana. Identidad, historia y organizaci\u00f3n moderna de la Sagrada Orden Militar Constantiniana de San Jorge","og_url":"https:\/\/constantinianorder.com\/governo-dell-ordine\/","og_site_name":"Sacro Militare Ordine Costantiniano di San Giorgio","article_publisher":"https:\/\/www.facebook.com\/constantinianorder","article_modified_time":"2025-12-23T17:52:37+00:00","og_image":[{"width":512,"height":512,"url":"https:\/\/constantinianorder.com\/wp-content\/uploads\/2025\/10\/cropped-logo-costantiniano.webp","type":"image\/webp"}],"twitter_card":"summary_large_image","twitter_misc":{"Tiempo de lectura":"2 minutos"},"schema":{"@context":"https:\/\/schema.org","@graph":[{"@type":"WebPage","@id":"https:\/\/constantinianorder.com\/governo-dell-ordine\/","url":"https:\/\/constantinianorder.com\/governo-dell-ordine\/","name":"Gobierno de la Orden Constantiniana - Sacro Militare Ordine Costantiniano di San Giorgio","isPartOf":{"@id":"https:\/\/constantinianorder.com\/#website"},"primaryImageOfPage":{"@id":"https:\/\/constantinianorder.com\/governo-dell-ordine\/#primaryimage"},"image":{"@id":"https:\/\/constantinianorder.com\/governo-dell-ordine\/#primaryimage"},"thumbnailUrl":"https:\/\/constantinianorder.com\/wp-content\/uploads\/2025\/10\/cropped-logo-costantiniano.webp","datePublished":"2025-10-09T13:09:42+00:00","dateModified":"2025-12-23T17:52:37+00:00","description":"Gobierno de la Orden Constantiniana. Identidad, historia y organizaci\u00f3n moderna de la Sagrada Orden Militar Constantiniana de San Jorge","breadcrumb":{"@id":"https:\/\/constantinianorder.com\/governo-dell-ordine\/#breadcrumb"},"inLanguage":"es","potentialAction":[{"@type":"ReadAction","target":["https:\/\/constantinianorder.com\/governo-dell-ordine\/"]}]},{"@type":"ImageObject","inLanguage":"es","@id":"https:\/\/constantinianorder.com\/governo-dell-ordine\/#primaryimage","url":"https:\/\/constantinianorder.com\/wp-content\/uploads\/2025\/10\/cropped-logo-costantiniano.webp","contentUrl":"https:\/\/constantinianorder.com\/wp-content\/uploads\/2025\/10\/cropped-logo-costantiniano.webp"},{"@type":"BreadcrumbList","@id":"https:\/\/constantinianorder.com\/governo-dell-ordine\/#breadcrumb","itemListElement":[{"@type":"ListItem","position":1,"name":"Home","item":"https:\/\/constantinianorder.com\/en\/"},{"@type":"ListItem","position":2,"name":"Gobierno de la Orden"}]},{"@type":"WebSite","@id":"https:\/\/constantinianorder.com\/#website","url":"https:\/\/constantinianorder.com\/","name":"Sacro Militare Ordine Costantiniano di San Giorgio","description":"Ordine Ufficiale","publisher":{"@id":"https:\/\/constantinianorder.com\/#organization"},"potentialAction":[{"@type":"SearchAction","target":{"@type":"EntryPoint","urlTemplate":"https:\/\/constantinianorder.com\/?s={search_term_string}"},"query-input":{"@type":"PropertyValueSpecification","valueRequired":true,"valueName":"search_term_string"}}],"inLanguage":"es"},{"@type":"Organization","@id":"https:\/\/constantinianorder.com\/#organization","name":"Sacro Militare Ordine Costantiniano di San Giorgio","url":"https:\/\/constantinianorder.com\/","logo":{"@type":"ImageObject","inLanguage":"es","@id":"https:\/\/constantinianorder.com\/#\/schema\/logo\/image\/","url":"https:\/\/constantinianorder.com\/wp-content\/uploads\/2025\/10\/cropped-logo-costantiniano.png","contentUrl":"https:\/\/constantinianorder.com\/wp-content\/uploads\/2025\/10\/cropped-logo-costantiniano.png","width":512,"height":512,"caption":"Sacro Militare Ordine Costantiniano di San Giorgio"},"image":{"@id":"https:\/\/constantinianorder.com\/#\/schema\/logo\/image\/"},"sameAs":["https:\/\/www.facebook.com\/constantinianorder","https:\/\/www.instagram.com\/constantinianorder\/","https:\/\/www.youtube.com\/@granmagisterodelsacromilit9375"]}]}},"_links":{"self":[{"href":"https:\/\/constantinianorder.com\/es\/wp-json\/wp\/v2\/pages\/95508","targetHints":{"allow":["GET"]}}],"collection":[{"href":"https:\/\/constantinianorder.com\/es\/wp-json\/wp\/v2\/pages"}],"about":[{"href":"https:\/\/constantinianorder.com\/es\/wp-json\/wp\/v2\/types\/page"}],"author":[{"embeddable":true,"href":"https:\/\/constantinianorder.com\/es\/wp-json\/wp\/v2\/users\/2"}],"replies":[{"embeddable":true,"href":"https:\/\/constantinianorder.com\/es\/wp-json\/wp\/v2\/comments?post=95508"}],"version-history":[{"count":13,"href":"https:\/\/constantinianorder.com\/es\/wp-json\/wp\/v2\/pages\/95508\/revisions"}],"predecessor-version":[{"id":100506,"href":"https:\/\/constantinianorder.com\/es\/wp-json\/wp\/v2\/pages\/95508\/revisions\/100506"}],"wp:attachment":[{"href":"https:\/\/constantinianorder.com\/es\/wp-json\/wp\/v2\/media?parent=95508"}],"curies":[{"name":"wp","href":"https:\/\/api.w.org\/{rel}","templated":true}]}}