{"id":95490,"date":"2025-11-04T08:02:41","date_gmt":"2025-11-04T08:02:41","guid":{"rendered":"https:\/\/constantinianorder.com\/uniforme-militar-de-la-orden\/"},"modified":"2026-01-21T17:19:02","modified_gmt":"2026-01-21T17:19:02","slug":"uniforme-militar-de-la-orden","status":"publish","type":"page","link":"https:\/\/constantinianorder.com\/es\/uniforme-militar-de-la-orden\/","title":{"rendered":"Uniforme Militar de la Orden"},"content":{"rendered":"\t\t<div data-elementor-type=\"wp-page\" data-elementor-id=\"95490\" class=\"elementor elementor-95490 elementor-95251\" data-elementor-post-type=\"page\">\n\t\t\t\t<div class=\"elementor-element elementor-element-bd21250 elementor-hidden-desktop elementor-hidden-tablet_extra elementor-hidden-tablet elementor-hidden-mobile e-flex e-con-boxed e-con e-parent\" data-id=\"bd21250\" data-element_type=\"container\">\n\t\t\t\t\t<div class=\"e-con-inner\">\n\t\t\t\t<div class=\"elementor-element elementor-element-631ae4dd elementor-widget elementor-widget-image\" data-id=\"631ae4dd\" data-element_type=\"widget\" data-widget_type=\"image.default\">\n\t\t\t\t\t\t\t\t\t\t\t\t\t\t\t<img fetchpriority=\"high\" decoding=\"async\" width=\"512\" height=\"512\" src=\"https:\/\/constantinianorder.com\/wp-content\/uploads\/2025\/10\/cropped-logo-costantiniano.webp\" class=\"attachment-full size-full wp-image-1066\" alt=\"sacro militare ordine costantiniano di san giorgio\" \/>\t\t\t\t\t\t\t\t\t\t\t\t\t\t\t<\/div>\n\t\t\t\t<div class=\"elementor-element elementor-element-3dc49b8e elementor-widget elementor-widget-heading\" data-id=\"3dc49b8e\" data-element_type=\"widget\" data-widget_type=\"heading.default\">\n\t\t\t\t\t<h1 class=\"elementor-heading-title elementor-size-default\">Uniforme Militar de Caballero de la de Gran Cruz Estrella de Oro<\/h1>\t\t\t\t<\/div>\n\t\t\t\t<div class=\"elementor-element elementor-element-2e74a70e elementor-widget elementor-widget-text-editor\" data-id=\"2e74a70e\" data-element_type=\"widget\" data-widget_type=\"text-editor.default\">\n\t\t\t\t\t\t\t\t\t<p data-start=\"275\" data-end=\"679\">El uniforme militar del<strong data-start=\"299\" data-end=\"343\"> Caballero de la Gran Cruz con Placa de Oro<\/strong> de la Sagrada Orden Militar Constantiniana de San Jorge representa una de las expresiones m\u00e1s elevadas y solemnes de la identidad caballeresca y la tradici\u00f3n ceremonial de la Orden. Cada elemento que la compone, desde las telas preciosas hasta los bordados dorados, refleja siglos de historia, honor y servicio a la Iglesia y a los valores cristianos.<\/p><ul><li><a href=\"https:\/\/constantinianorder.net\" target=\"_blank\" rel=\"noopener\">constantinianorder.net<\/a><\/li><li><a href=\"https:\/\/realcasadiborbone.it\" target=\"_blank\" rel=\"noopener\">Real Casa de Borb\u00f3n de las Dos Sicilias<\/a><\/li><li><a href=\"https:\/\/constantinianorder.com\/es\/contactos\/\">contactos<\/a><\/li><\/ul>\t\t\t\t\t\t\t\t<\/div>\n\t\t\t\t\t<\/div>\n\t\t\t\t<\/div>\n\t\t<div class=\"elementor-element elementor-element-483b40f e-flex e-con-boxed e-con e-parent\" data-id=\"483b40f\" data-element_type=\"container\">\n\t\t\t\t\t<div class=\"e-con-inner\">\n\t\t<div class=\"elementor-element elementor-element-46baf72 e-con-full e-flex e-con e-child\" data-id=\"46baf72\" data-element_type=\"container\">\n\t\t\t\t<div class=\"elementor-element elementor-element-5b6f9d1 elementor-widget elementor-widget-heading\" data-id=\"5b6f9d1\" data-element_type=\"widget\" data-widget_type=\"heading.default\">\n\t\t\t\t\t<h2 class=\"elementor-heading-title elementor-size-default\">Uniforme Militar<\/h2>\t\t\t\t<\/div>\n\t\t\t\t<div class=\"elementor-element elementor-element-bd4b41e elementor-widget elementor-widget-heading\" data-id=\"bd4b41e\" data-element_type=\"widget\" data-widget_type=\"heading.default\">\n\t\t\t\t\t<h3 class=\"elementor-heading-title elementor-size-default\">Bail\u00edos Caballeros y Damas de la Gran Cruz de Justicia<\/h3>\t\t\t\t<\/div>\n\t\t\t\t<div class=\"elementor-element elementor-element-1545c69 elementor-widget-tablet__width-inherit elementor-widget elementor-widget-image\" data-id=\"1545c69\" data-element_type=\"widget\" data-widget_type=\"image.default\">\n\t\t\t\t\t\t\t\t\t\t\t\t\t\t\t<img decoding=\"async\" width=\"457\" height=\"609\" src=\"https:\/\/constantinianorder.com\/wp-content\/uploads\/2025\/10\/Uniforme-Militare-da-Cavaliere-di-Gran-Croce-con-Placca-d-oro.webp\" class=\"attachment-full size-full wp-image-2669\" alt=\"\" \/>\t\t\t\t\t\t\t\t\t\t\t\t\t\t\t<\/div>\n\t\t\t\t<div class=\"elementor-element elementor-element-0e79398 elementor-widget elementor-widget-text-editor\" data-id=\"0e79398\" data-element_type=\"widget\" data-widget_type=\"text-editor.default\">\n\t\t\t\t\t\t\t\t\t<p>SOMBRERO: Sombrero de dos esquinas de fieltro negro, adornado con plumas de avestruz negro, ribeteado con una banda de oro, 50 mm de ancho; escarapela de seda azul. 95 mm de di\u00e1metro, decorada con cuatro cordones de oro y se cierra con un bot\u00f3n de metal chapado en oro, 21 mm de ancho, con la cruz de Constantino.<\/p><p>\u00a0<\/p><p>T\u00daNICA: en pa\u00f1o de lana azul, cruzado, con dos filas de seis botones de metal chapado en oro, 21 mm de ancho, con la cruz de Constantino, el cuello (50 mm de alto) y pu\u00f1os (120 mm de ancho) con un pa\u00f1o blanco con dise\u00f1os bordados en hilo de oro, alternando en el dise\u00f1o de laurel y hojas de roble, enmarcada por una triple frontera de hilo de oro (respectivamente, 45 mm y 75 mm). En los auriculares, tres botones de metal chapado en oro, 15 mm de ancho, con la cruz de Constantino. En los hombros una doble cornisa de oro en el cable rojo al Cu\u00e1les son pegadas las charreteras.<\/p><p>\u00a0<\/p><p>PANTALONES: en el Real pa\u00f1o de lana azul con bandas laterales de cables de hilo de oro, 38 mm de ancho.<\/p><p>\u00a0<\/p><p>EPAULETTES: Totalmente bordadas en hilo de oro sobre un fondo de lana roja, con un bot\u00f3n de metal chapado en oro, 15 mm de ancho, como el anterior, as\u00ed como la Cruz Constantiniana en oro y esmalte carmes\u00ed profundo mide 40 mm.<\/p><p>\u00a0<\/p><p>CORREA: 40 mm de ancho, con una franja triple del oro en una parte posterior de cuero rojo y seda, hebilla de metal chapado en oro, de 50 mm de di\u00e1metro, con la Cruz Constantiniana y una corona de laurel en el centro.<\/p><p>\u00a0<\/p><p>ESPADA: Espada en forma de cruz, de acero, con placa de oro, y el mango madre-de-perla.<\/p><p>\u00a0<\/p><p>ESPUELAS: en metal dorado con decoraciones.<\/p><p>\u00a0<\/p><p>GUANTES: blancos.<\/p>\t\t\t\t\t\t\t\t<\/div>\n\t\t\t\t<\/div>\n\t\t<div class=\"elementor-element elementor-element-2b9d8ec e-con-full e-flex e-con e-child\" data-id=\"2b9d8ec\" data-element_type=\"container\" data-settings=\"{&quot;background_background&quot;:&quot;classic&quot;}\">\n\t\t\t\t<div class=\"elementor-element elementor-element-d60e63c elementor-widget elementor-widget-heading\" data-id=\"d60e63c\" data-element_type=\"widget\" data-widget_type=\"heading.default\">\n\t\t\t\t\t<h2 class=\"elementor-heading-title elementor-size-default\">Manto<\/h2>\t\t\t\t<\/div>\n\t\t\t\t<div class=\"elementor-element elementor-element-7b23833 elementor-widget-tablet__width-inherit elementor-widget elementor-widget-image\" data-id=\"7b23833\" data-element_type=\"widget\" data-widget_type=\"image.default\">\n\t\t\t\t\t\t\t\t\t\t\t\t\t\t\t<img decoding=\"async\" width=\"457\" height=\"609\" src=\"https:\/\/constantinianorder.com\/wp-content\/uploads\/2025\/10\/Mantello-Ordine-Costantiniano.webp\" class=\"attachment-full size-full wp-image-2665\" alt=\"\" \/>\t\t\t\t\t\t\t\t\t\t\t\t\t\t\t<\/div>\n\t\t\t\t<div class=\"elementor-element elementor-element-f8b1795 elementor-widget elementor-widget-text-editor\" data-id=\"f8b1795\" data-element_type=\"widget\" data-widget_type=\"text-editor.default\">\n\t\t\t\t\t\t\t\t\t<p>En el Real pa\u00f1o de lana azul con un collar de fondo de terciopelo carmes\u00ed, 55 mm de alto, bordada en hilo de oro y afilado con ramas de laurel que alternan con flores de lis, cerrada con dos ganchos circulares, 50 mm de di\u00e1metro, de oro- de metal plateado, con la Cruz Constantiniana encuentra en una corona de laurel, y unido por una cadena de espinas, as\u00ed mismo en metal dorado.<\/p><p>En el hombro izquierdo, una gran Cruz Constantiniana de 25 cm est\u00e1 bordado en hilo de oro sobre fondo de terciopelo carmes\u00ed.<\/p><p>El manto reproducido est\u00e1 reservado a todos los grados de las Categor\u00edas de Justicia.<\/p><p><img loading=\"lazy\" decoding=\"async\" class=\"aligncenter wp-image-100868\" src=\"https:\/\/constantinianorder.com\/wp-content\/uploads\/2026\/01\/colletto-mantello-cavaliere-di-giustizia-300x140.png\" alt=\"Collar del Caballero de la Justicia\" width=\"200\" height=\"93\" srcset=\"https:\/\/constantinianorder.com\/wp-content\/uploads\/2026\/01\/colletto-mantello-cavaliere-di-giustizia-300x140.png 300w, https:\/\/constantinianorder.com\/wp-content\/uploads\/2026\/01\/colletto-mantello-cavaliere-di-giustizia.png 750w\" sizes=\"(max-width: 200px) 100vw, 200px\" \/><\/p><p>La categor\u00eda de la Gracia tiene el cuello del manto adornado con oro, sin bordar.<\/p><p><img loading=\"lazy\" decoding=\"async\" class=\"aligncenter wp-image-100860\" src=\"https:\/\/constantinianorder.com\/wp-content\/uploads\/2026\/01\/colletto-mantello-cavaliere-di-grazia-300x140.png\" alt=\"Collar capa caballero de gracia\" width=\"214\" height=\"100\" srcset=\"https:\/\/constantinianorder.com\/wp-content\/uploads\/2026\/01\/colletto-mantello-cavaliere-di-grazia-300x140.png 300w, https:\/\/constantinianorder.com\/wp-content\/uploads\/2026\/01\/colletto-mantello-cavaliere-di-grazia.png 750w\" sizes=\"(max-width: 214px) 100vw, 214px\" \/><\/p><p>La categor\u00eda del M\u00e9rito tiene el cuello del manto sin ajuste o bordado.<\/p><p><img loading=\"lazy\" decoding=\"async\" class=\"aligncenter wp-image-100864\" src=\"https:\/\/constantinianorder.com\/wp-content\/uploads\/2026\/01\/colletto-mantello-cavaliere-di-merito-300x140.webp\" alt=\"collar de la Orden del M\u00e9rito\" width=\"210\" height=\"98\" srcset=\"https:\/\/constantinianorder.com\/wp-content\/uploads\/2026\/01\/colletto-mantello-cavaliere-di-merito-300x140.webp 300w, https:\/\/constantinianorder.com\/wp-content\/uploads\/2026\/01\/colletto-mantello-cavaliere-di-merito.webp 750w\" sizes=\"(max-width: 210px) 100vw, 210px\" \/><\/p>\t\t\t\t\t\t\t\t<\/div>\n\t\t\t\t<\/div>\n\t\t\t\t\t<\/div>\n\t\t\t\t<\/div>\n\t\t\t\t<\/div>\n\t\t","protected":false},"excerpt":{"rendered":"<p>Uniforme Militar de Caballero de la de Gran Cruz Estrella de Oro El uniforme militar del Caballero de la Gran Cruz con Placa de Oro de la Sagrada Orden Militar Constantiniana de San Jorge representa una de las expresiones m\u00e1s elevadas y solemnes de la identidad caballeresca y la tradici\u00f3n ceremonial de la Orden. Cada [&hellip;]<\/p>\n","protected":false},"author":2,"featured_media":0,"parent":0,"menu_order":0,"comment_status":"closed","ping_status":"closed","template":"","meta":{"footnotes":""},"class_list":["post-95490","page","type-page","status-publish","hentry"],"yoast_head":"<!-- This site is optimized with the Yoast SEO plugin v26.5 - https:\/\/yoast.com\/wordpress\/plugins\/seo\/ -->\n<title>Uniforme Militar de la Orden - Sacro Militare Ordine Costantiniano di San Giorgio<\/title>\n<meta name=\"description\" content=\"Descripci\u00f3n detallada del uniforme de Caballero de Gran Cruz con Placa de Oro de la Orden Constantiniana: s\u00edmbolos, bordados y decoraciones.\" \/>\n<meta name=\"robots\" content=\"index, follow, max-snippet:-1, max-image-preview:large, max-video-preview:-1\" \/>\n<link rel=\"canonical\" href=\"https:\/\/constantinianorder.com\/uniforme-militare-ordine-costantiniano\/\" \/>\n<meta property=\"og:locale\" content=\"es_ES\" \/>\n<meta property=\"og:type\" content=\"article\" \/>\n<meta property=\"og:title\" content=\"Uniforme Militar de la Orden - Sacro Militare Ordine Costantiniano di San Giorgio\" \/>\n<meta property=\"og:description\" content=\"Descripci\u00f3n detallada del uniforme de Caballero de Gran Cruz con Placa de Oro de la Orden Constantiniana: s\u00edmbolos, bordados y decoraciones.\" \/>\n<meta property=\"og:url\" content=\"https:\/\/constantinianorder.com\/uniforme-militare-ordine-costantiniano\/\" \/>\n<meta property=\"og:site_name\" content=\"Sacro Militare Ordine Costantiniano di San Giorgio\" \/>\n<meta property=\"article:publisher\" content=\"https:\/\/www.facebook.com\/constantinianorder\" \/>\n<meta property=\"article:modified_time\" content=\"2026-01-21T17:19:02+00:00\" \/>\n<meta property=\"og:image\" content=\"https:\/\/constantinianorder.com\/wp-content\/uploads\/2025\/10\/cropped-logo-costantiniano.webp\" \/>\n\t<meta property=\"og:image:width\" content=\"512\" \/>\n\t<meta property=\"og:image:height\" content=\"512\" \/>\n\t<meta property=\"og:image:type\" content=\"image\/webp\" \/>\n<meta name=\"twitter:card\" content=\"summary_large_image\" \/>\n<meta name=\"twitter:label1\" content=\"Tiempo de lectura\" \/>\n\t<meta name=\"twitter:data1\" content=\"4 minutos\" \/>\n<script type=\"application\/ld+json\" class=\"yoast-schema-graph\">{\"@context\":\"https:\/\/schema.org\",\"@graph\":[{\"@type\":\"WebPage\",\"@id\":\"https:\/\/constantinianorder.com\/uniforme-militare-ordine-costantiniano\/\",\"url\":\"https:\/\/constantinianorder.com\/uniforme-militare-ordine-costantiniano\/\",\"name\":\"Uniforme Militar de la Orden - Sacro Militare Ordine Costantiniano di San Giorgio\",\"isPartOf\":{\"@id\":\"https:\/\/constantinianorder.com\/#website\"},\"primaryImageOfPage\":{\"@id\":\"https:\/\/constantinianorder.com\/uniforme-militare-ordine-costantiniano\/#primaryimage\"},\"image\":{\"@id\":\"https:\/\/constantinianorder.com\/uniforme-militare-ordine-costantiniano\/#primaryimage\"},\"thumbnailUrl\":\"https:\/\/constantinianorder.com\/wp-content\/uploads\/2025\/10\/cropped-logo-costantiniano.webp\",\"datePublished\":\"2025-11-04T08:02:41+00:00\",\"dateModified\":\"2026-01-21T17:19:02+00:00\",\"description\":\"Descripci\u00f3n detallada del uniforme de Caballero de Gran Cruz con Placa de Oro de la Orden Constantiniana: s\u00edmbolos, bordados y decoraciones.\",\"breadcrumb\":{\"@id\":\"https:\/\/constantinianorder.com\/uniforme-militare-ordine-costantiniano\/#breadcrumb\"},\"inLanguage\":\"es\",\"potentialAction\":[{\"@type\":\"ReadAction\",\"target\":[\"https:\/\/constantinianorder.com\/uniforme-militare-ordine-costantiniano\/\"]}]},{\"@type\":\"ImageObject\",\"inLanguage\":\"es\",\"@id\":\"https:\/\/constantinianorder.com\/uniforme-militare-ordine-costantiniano\/#primaryimage\",\"url\":\"https:\/\/constantinianorder.com\/wp-content\/uploads\/2025\/10\/cropped-logo-costantiniano.webp\",\"contentUrl\":\"https:\/\/constantinianorder.com\/wp-content\/uploads\/2025\/10\/cropped-logo-costantiniano.webp\"},{\"@type\":\"BreadcrumbList\",\"@id\":\"https:\/\/constantinianorder.com\/uniforme-militare-ordine-costantiniano\/#breadcrumb\",\"itemListElement\":[{\"@type\":\"ListItem\",\"position\":1,\"name\":\"Home\",\"item\":\"https:\/\/constantinianorder.com\/en\/\"},{\"@type\":\"ListItem\",\"position\":2,\"name\":\"Uniforme Militar de la Orden\"}]},{\"@type\":\"WebSite\",\"@id\":\"https:\/\/constantinianorder.com\/#website\",\"url\":\"https:\/\/constantinianorder.com\/\",\"name\":\"Sacro Militare Ordine Costantiniano di San Giorgio\",\"description\":\"Ordine Ufficiale\",\"publisher\":{\"@id\":\"https:\/\/constantinianorder.com\/#organization\"},\"potentialAction\":[{\"@type\":\"SearchAction\",\"target\":{\"@type\":\"EntryPoint\",\"urlTemplate\":\"https:\/\/constantinianorder.com\/?s={search_term_string}\"},\"query-input\":{\"@type\":\"PropertyValueSpecification\",\"valueRequired\":true,\"valueName\":\"search_term_string\"}}],\"inLanguage\":\"es\"},{\"@type\":\"Organization\",\"@id\":\"https:\/\/constantinianorder.com\/#organization\",\"name\":\"Sacro Militare Ordine Costantiniano di San Giorgio\",\"url\":\"https:\/\/constantinianorder.com\/\",\"logo\":{\"@type\":\"ImageObject\",\"inLanguage\":\"es\",\"@id\":\"https:\/\/constantinianorder.com\/#\/schema\/logo\/image\/\",\"url\":\"https:\/\/constantinianorder.com\/wp-content\/uploads\/2025\/10\/cropped-logo-costantiniano.png\",\"contentUrl\":\"https:\/\/constantinianorder.com\/wp-content\/uploads\/2025\/10\/cropped-logo-costantiniano.png\",\"width\":512,\"height\":512,\"caption\":\"Sacro Militare Ordine Costantiniano di San Giorgio\"},\"image\":{\"@id\":\"https:\/\/constantinianorder.com\/#\/schema\/logo\/image\/\"},\"sameAs\":[\"https:\/\/www.facebook.com\/constantinianorder\",\"https:\/\/www.instagram.com\/constantinianorder\/\",\"https:\/\/www.youtube.com\/@granmagisterodelsacromilit9375\"]}]}<\/script>\n<!-- \/ Yoast SEO plugin. -->","yoast_head_json":{"title":"Uniforme Militar de la Orden - Sacro Militare Ordine Costantiniano di San Giorgio","description":"Descripci\u00f3n detallada del uniforme de Caballero de Gran Cruz con Placa de Oro de la Orden Constantiniana: s\u00edmbolos, bordados y decoraciones.","robots":{"index":"index","follow":"follow","max-snippet":"max-snippet:-1","max-image-preview":"max-image-preview:large","max-video-preview":"max-video-preview:-1"},"canonical":"https:\/\/constantinianorder.com\/uniforme-militare-ordine-costantiniano\/","og_locale":"es_ES","og_type":"article","og_title":"Uniforme Militar de la Orden - Sacro Militare Ordine Costantiniano di San Giorgio","og_description":"Descripci\u00f3n detallada del uniforme de Caballero de Gran Cruz con Placa de Oro de la Orden Constantiniana: s\u00edmbolos, bordados y decoraciones.","og_url":"https:\/\/constantinianorder.com\/uniforme-militare-ordine-costantiniano\/","og_site_name":"Sacro Militare Ordine Costantiniano di San Giorgio","article_publisher":"https:\/\/www.facebook.com\/constantinianorder","article_modified_time":"2026-01-21T17:19:02+00:00","og_image":[{"width":512,"height":512,"url":"https:\/\/constantinianorder.com\/wp-content\/uploads\/2025\/10\/cropped-logo-costantiniano.webp","type":"image\/webp"}],"twitter_card":"summary_large_image","twitter_misc":{"Tiempo de lectura":"4 minutos"},"schema":{"@context":"https:\/\/schema.org","@graph":[{"@type":"WebPage","@id":"https:\/\/constantinianorder.com\/uniforme-militare-ordine-costantiniano\/","url":"https:\/\/constantinianorder.com\/uniforme-militare-ordine-costantiniano\/","name":"Uniforme Militar de la Orden - Sacro Militare Ordine Costantiniano di San Giorgio","isPartOf":{"@id":"https:\/\/constantinianorder.com\/#website"},"primaryImageOfPage":{"@id":"https:\/\/constantinianorder.com\/uniforme-militare-ordine-costantiniano\/#primaryimage"},"image":{"@id":"https:\/\/constantinianorder.com\/uniforme-militare-ordine-costantiniano\/#primaryimage"},"thumbnailUrl":"https:\/\/constantinianorder.com\/wp-content\/uploads\/2025\/10\/cropped-logo-costantiniano.webp","datePublished":"2025-11-04T08:02:41+00:00","dateModified":"2026-01-21T17:19:02+00:00","description":"Descripci\u00f3n detallada del uniforme de Caballero de Gran Cruz con Placa de Oro de la Orden Constantiniana: s\u00edmbolos, bordados y decoraciones.","breadcrumb":{"@id":"https:\/\/constantinianorder.com\/uniforme-militare-ordine-costantiniano\/#breadcrumb"},"inLanguage":"es","potentialAction":[{"@type":"ReadAction","target":["https:\/\/constantinianorder.com\/uniforme-militare-ordine-costantiniano\/"]}]},{"@type":"ImageObject","inLanguage":"es","@id":"https:\/\/constantinianorder.com\/uniforme-militare-ordine-costantiniano\/#primaryimage","url":"https:\/\/constantinianorder.com\/wp-content\/uploads\/2025\/10\/cropped-logo-costantiniano.webp","contentUrl":"https:\/\/constantinianorder.com\/wp-content\/uploads\/2025\/10\/cropped-logo-costantiniano.webp"},{"@type":"BreadcrumbList","@id":"https:\/\/constantinianorder.com\/uniforme-militare-ordine-costantiniano\/#breadcrumb","itemListElement":[{"@type":"ListItem","position":1,"name":"Home","item":"https:\/\/constantinianorder.com\/en\/"},{"@type":"ListItem","position":2,"name":"Uniforme Militar de la Orden"}]},{"@type":"WebSite","@id":"https:\/\/constantinianorder.com\/#website","url":"https:\/\/constantinianorder.com\/","name":"Sacro Militare Ordine Costantiniano di San Giorgio","description":"Ordine Ufficiale","publisher":{"@id":"https:\/\/constantinianorder.com\/#organization"},"potentialAction":[{"@type":"SearchAction","target":{"@type":"EntryPoint","urlTemplate":"https:\/\/constantinianorder.com\/?s={search_term_string}"},"query-input":{"@type":"PropertyValueSpecification","valueRequired":true,"valueName":"search_term_string"}}],"inLanguage":"es"},{"@type":"Organization","@id":"https:\/\/constantinianorder.com\/#organization","name":"Sacro Militare Ordine Costantiniano di San Giorgio","url":"https:\/\/constantinianorder.com\/","logo":{"@type":"ImageObject","inLanguage":"es","@id":"https:\/\/constantinianorder.com\/#\/schema\/logo\/image\/","url":"https:\/\/constantinianorder.com\/wp-content\/uploads\/2025\/10\/cropped-logo-costantiniano.png","contentUrl":"https:\/\/constantinianorder.com\/wp-content\/uploads\/2025\/10\/cropped-logo-costantiniano.png","width":512,"height":512,"caption":"Sacro Militare Ordine Costantiniano di San Giorgio"},"image":{"@id":"https:\/\/constantinianorder.com\/#\/schema\/logo\/image\/"},"sameAs":["https:\/\/www.facebook.com\/constantinianorder","https:\/\/www.instagram.com\/constantinianorder\/","https:\/\/www.youtube.com\/@granmagisterodelsacromilit9375"]}]}},"_links":{"self":[{"href":"https:\/\/constantinianorder.com\/es\/wp-json\/wp\/v2\/pages\/95490","targetHints":{"allow":["GET"]}}],"collection":[{"href":"https:\/\/constantinianorder.com\/es\/wp-json\/wp\/v2\/pages"}],"about":[{"href":"https:\/\/constantinianorder.com\/es\/wp-json\/wp\/v2\/types\/page"}],"author":[{"embeddable":true,"href":"https:\/\/constantinianorder.com\/es\/wp-json\/wp\/v2\/users\/2"}],"replies":[{"embeddable":true,"href":"https:\/\/constantinianorder.com\/es\/wp-json\/wp\/v2\/comments?post=95490"}],"version-history":[{"count":24,"href":"https:\/\/constantinianorder.com\/es\/wp-json\/wp\/v2\/pages\/95490\/revisions"}],"predecessor-version":[{"id":100899,"href":"https:\/\/constantinianorder.com\/es\/wp-json\/wp\/v2\/pages\/95490\/revisions\/100899"}],"wp:attachment":[{"href":"https:\/\/constantinianorder.com\/es\/wp-json\/wp\/v2\/media?parent=95490"}],"curies":[{"name":"wp","href":"https:\/\/api.w.org\/{rel}","templated":true}]}}