{"id":95315,"date":"2025-10-11T09:48:41","date_gmt":"2025-10-11T09:48:41","guid":{"rendered":"https:\/\/constantinianorder.com\/noticias-historicas\/"},"modified":"2025-12-08T15:01:10","modified_gmt":"2025-12-08T15:01:10","slug":"noticias-historicas","status":"publish","type":"page","link":"https:\/\/constantinianorder.com\/es\/noticias-historicas\/","title":{"rendered":"Noticias Hist\u00f3ricas"},"content":{"rendered":"\t\t<div data-elementor-type=\"wp-page\" data-elementor-id=\"95315\" class=\"elementor elementor-95315 elementor-2489\" data-elementor-post-type=\"page\">\n\t\t\t\t<div class=\"elementor-element elementor-element-16df02dd elementor-hidden-desktop elementor-hidden-tablet_extra elementor-hidden-tablet elementor-hidden-mobile e-flex e-con-boxed e-con e-parent\" data-id=\"16df02dd\" data-element_type=\"container\">\n\t\t\t\t\t<div class=\"e-con-inner\">\n\t\t\t\t<div class=\"elementor-element elementor-element-c3c08a2 elementor-widget elementor-widget-image\" data-id=\"c3c08a2\" data-element_type=\"widget\" data-widget_type=\"image.default\">\n\t\t\t\t\t\t\t\t\t\t\t\t\t\t\t<img fetchpriority=\"high\" decoding=\"async\" width=\"512\" height=\"512\" src=\"https:\/\/constantinianorder.com\/wp-content\/uploads\/2025\/10\/cropped-logo-costantiniano.webp\" class=\"attachment-full size-full wp-image-1066\" alt=\"sacro militare ordine costantiniano di san giorgio\" \/>\t\t\t\t\t\t\t\t\t\t\t\t\t\t\t<\/div>\n\t\t\t\t<div class=\"elementor-element elementor-element-2bf8c9c elementor-widget elementor-widget-heading\" data-id=\"2bf8c9c\" data-element_type=\"widget\" data-widget_type=\"heading.default\">\n\t\t\t\t\t<h1 class=\"elementor-heading-title elementor-size-default\">Historia de la Orden Constantiniana<\/h1>\t\t\t\t<\/div>\n\t\t\t\t<div class=\"elementor-element elementor-element-60e7f718 elementor-widget elementor-widget-text-editor\" data-id=\"60e7f718\" data-element_type=\"widget\" data-widget_type=\"text-editor.default\">\n\t\t\t\t\t\t\t\t\t<p>Historia de la Orden Constantiniana, la orden caballeresca cat\u00f3lica de antiguas ra\u00edces, que hoy se encuentra bajo el Gran Magisterio de la Real Casa de Borb\u00f3n de las Dos Sicilias, y que promueve la fe, la caridad y el compromiso social inspirados en los valores cristianos.<\/p><ul><li><a href=\"https:\/\/constantinianorder.net\" target=\"_blank\" rel=\"noopener\">constantinianorder.net<\/a><\/li><li><a href=\"https:\/\/realcasadiborbone.it\" target=\"_blank\" rel=\"noopener\">Real Casa de Borb\u00f3n de las Dos Sicilias<\/a><\/li><li><a href=\"https:\/\/constantinianorder.com\/contatti\/\">contactos<\/a><\/li><\/ul>\t\t\t\t\t\t\t\t<\/div>\n\t\t\t\t\t<\/div>\n\t\t\t\t<\/div>\n\t\t<div class=\"elementor-element elementor-element-483b40f e-flex e-con-boxed e-con e-parent\" data-id=\"483b40f\" data-element_type=\"container\">\n\t\t\t\t\t<div class=\"e-con-inner\">\n\t\t<div class=\"elementor-element elementor-element-46baf72 e-con-full e-flex e-con e-child\" data-id=\"46baf72\" data-element_type=\"container\">\n\t\t\t\t<div class=\"elementor-element elementor-element-cbc30c4 elementor-widget elementor-widget-heading\" data-id=\"cbc30c4\" data-element_type=\"widget\" data-widget_type=\"heading.default\">\n\t\t\t\t\t<h2 class=\"elementor-heading-title elementor-size-default\">Noticias Hist\u00f3ricas<\/h2>\t\t\t\t<\/div>\n\t\t\t\t<div class=\"elementor-element elementor-element-fc1547c elementor-widget elementor-widget-text-editor\" data-id=\"fc1547c\" data-element_type=\"widget\" data-widget_type=\"text-editor.default\">\n\t\t\t\t\t\t\t\t\t<p>El Sacro Orden Militar Constantiniano de San Jorge es una Orden Ecuestre los cuales origines, por tradici\u00f3n, resalen a el Emperador Constantino despu\u00e9s de la aparici\u00f3n de la cruz en Saxa Rubra, y por lo tanto es considerado uno de los m\u00e1s antiguos ordenes caballerescos.<\/p><p>\u00a0<\/p><p>Se propone la propagaci\u00f3n de la F\u00e9 y la glorificaci\u00f3n de la Cruz y dona su contributo de acci\u00f3n y de actividades en las obras de Asistencia Social y Hospitalaria.<\/p><p>\u00a0<\/p><p>El documento m\u00e1s antiguo conocido relativo a los Caballeros Constantinianos, se remonta al 1190 y es el estatuto reformado por el Emperador de Oriente Isacc IV Angelo Flavio Comneno.<\/p><p>\u00a0<\/p><p>El Gran Magisterio paso de padre hijo con la dinast\u00eda de los Comneno hasta el \u00faltimo de ellos, el cu\u00e1l, para evitar la extinci\u00f3n por falta de sucesores, lo transfiri\u00f3 al Duque de Parma Francisco Farnese. El pasaje fu\u00e9 sancionado con la bola \u201cSincerae Fidei\u201d del 24 de octubre de 1697 por el Papa Inocencio XII. El Papa Clemente XI, ya Cardenal Protector del Orden, con la bola \u201cMilitanti Ecclesiae\u201d del 27 de mayo del 1718, coloca a la Orden bajo la protecci\u00f3n de la Santa Sede y acord\u00f3 privilegios de abad\u00eda al Gran Prior.<\/p><p>\u00a0<\/p><p>Antonio Farnese, \u00faltimo Duque de Parma, transfiri\u00f3 la dignidad suprema del Orden a Carlos de Borb\u00f3n, hijo de la nieta Elisabetta Farnese y de Filippo V Rey de Espa\u00f1a que, al salir al Trono de N\u00e1poles, estableci\u00f3 la sede del Orden y en el 1759 transfiri\u00f3 sus derechos al hijo Ferdinando IV.<\/p><p>\u00a0<\/p><p>A \u00e9l le suceden Francisco I (1825-1830), Ferdinando II (1830-1859) y Francisco II (1859-1861), \u00faltimo Rey de la Dos Sicilias.<\/p><p>\u00a0<\/p><p>La unificaci\u00f3n italiana priv\u00f3 a el Orden Constantiniano de todos sus bienes materiales, sin embargo la Casa Real de Borb\u00f3n de las Dos Sicilias conserv\u00f3 el Gran Magisterio de forma tal que esto constituyese un Orden Din\u00e1stico Familiar.<\/p><p>\u00a0<\/p><p>La Santa Sede, en variadas ocasiones, reconoce la legitimidad de la continuidad del Orden bajo el Gran Magisterio del Jefe de la Casa Real de Borb\u00f3n de las Dos Sicilias.<\/p><p>\u00a0<\/p><p>El actual Gran Maestro es el Pr\u00edncipe Carlos de Borb\u00f3n de las Dos Sicilias, Duque de Castro, sucesor de su Augusto Padre el Pr\u00edncipe Ferdinando (1926-2008), a su vez sucesor de su primo, el Pr\u00edncipe Ferdinando P\u00edo (1869-1934), hermano de S.M. Francisco II, \u00faltimo Rey de N\u00e1poles.<\/p><p>\u00a0<\/p><p>La sede del Gran Magisterio est\u00e1 en el Gran Maestro y aquella de la Gran Canciller\u00eda est\u00e1 en N\u00e1poles. La secretaria operativa est\u00e1 en Roma, Via Giosu\u00e8 Carducci, 4.<\/p><p>\u00a0<\/p><p>Il Gran Maestro governa l\u2019Ordine, assistito dalla Reale Deputazione, composta dalle Grandi Cariche: Gran Prefetto, Gran Priore, Gran Cancelliere, Gran Tesoriere; dal Presidente, Vice Presidente e Segretario e dagli attuali Deputati.<\/p><p>\u00a0<\/p><p>El Gran Maestro gobierna el Orden, asistido por la Diputaci\u00f3n Real, compuesta de las Grandes Cargas: Gran Prefeto, Gran Prior, Gran Canciller, Gran Tesorero; por el Presidente, Vice Presidente, y Secretario y de los actuales Diputados.<br \/>S.A.R. el Gran Maestro tambi\u00e9n es asistido por un Consejero de los Ordenes Din\u00e1sticos y por un Secretario General, as\u00ed como de un Consejo Jur\u00eddico Magisterial y, para la parte her\u00e1ldica-nobiliar, por una Comisi\u00f3n Magisterial.<\/p><p>\u00a0<\/p><p>Los Caballeros y las Damas est\u00e1n divididos en tres categor\u00edas: Justicia, Gracia y M\u00e9rito.<\/p><p>\u00a0<\/p><p>El Estado Italiano siempre ha formalmente reconocido la legitimidad del Orden y, desde el 1963, autoriza a los ciudadanos italianos a ostentarse con las condecoraciones del mismo en base a el art\u00edculo 7 de la Ley 178 del 3 de marzo de 1951.<\/p><p>\u00a0<\/p><p>Adem\u00e1s el Orden est\u00e1 inscrito en la Canciller\u00eda del Tribunal de N\u00e1poles en el registro de las personas jur\u00eddicas.<\/p><p>\u00a0<\/p><p>Los ciudadanos italianos con la insignia de la Cruz del Orden pueden formar parte de la Asociaci\u00f3n de los Caballeros Constantinianos erigida como Ente Moral con el Decreto del Presidente de la Rep\u00fablica n. 337 del 30 de marzo de 1973.<\/p><p>\u00a0<\/p><p>La Orden tambi\u00e9n ha sido reconocido de agosto de 2011 lo Estado consultivas por el Consejo Econ\u00f3mico y Social de las Naciones Unidas (ECOSOC) por el Comit\u00e9 de las Naciones Unidas, para la apreciaci\u00f3nde numerosas actividades ben\u00e9ficas en todo el mundo a favor de los menos afortunados.<\/p><p>\u00a0<\/p><p>Adem\u00e1s, la Orden Constantiniana ha obtenido el estatus de Observador ante la Comisi\u00f3n Econ\u00f3mica y Social para Asia y el Pac\u00edfico de las Naciones Unidas (UN-ESCAP, Economic and Social Commission for Asia and the Pacific). Se trata de una entidad muy importante que re\u00fane a 53 Estados Miembros y 9 Estados Asociados de la macroregi\u00f3n de Asia y el Pac\u00edfico, adem\u00e1s de numerosos actores privados de la zona, actuando como centro regional de las Naciones Unidas.<\/p><p>\u00a0<\/p><p>Su objetivo es promover la cooperaci\u00f3n entre los pa\u00edses para lograr un desarrollo inclusivo y sostenible, fomentando la integraci\u00f3n regional con el fin de avanzar en las respuestas a las vulnerabilidades compartidas, la conectividad, la cooperaci\u00f3n financiera y la integraci\u00f3n de los mercados.<br \/>La Orden ha sido invitada a colaborar con esta importante Organizaci\u00f3n para impulsar la Agenda 2030 para el desarrollo sostenible en la macroregi\u00f3n y en las diversas actividades en curso.<\/p><p>\u00a0<\/p><p>La Orden cuenta con Delegaciones en todas las regiones italianas, en la mayor\u00eda de las naciones europeas y americanas.<\/p>\t\t\t\t\t\t\t\t<\/div>\n\t\t\t\t<\/div>\n\t\t<div class=\"elementor-element elementor-element-2b9d8ec e-con-full e-flex e-con e-child\" data-id=\"2b9d8ec\" data-element_type=\"container\" data-settings=\"{&quot;background_background&quot;:&quot;classic&quot;}\">\n\t\t\t\t<div class=\"elementor-element elementor-element-d60e63c elementor-widget elementor-widget-heading\" data-id=\"d60e63c\" data-element_type=\"widget\" data-widget_type=\"heading.default\">\n\t\t\t\t\t<h2 class=\"elementor-heading-title elementor-size-default\">El L\u00e1baro Constantiniano<\/h2>\t\t\t\t<\/div>\n\t\t\t\t<div class=\"elementor-element elementor-element-2364885 elementor-widget elementor-widget-video\" data-id=\"2364885\" data-element_type=\"widget\" data-settings=\"{&quot;youtube_url&quot;:&quot;https:\\\/\\\/youtu.be\\\/Y_UnUrd-1j8&quot;,&quot;video_type&quot;:&quot;youtube&quot;,&quot;controls&quot;:&quot;yes&quot;}\" data-widget_type=\"video.default\">\n\t\t\t\t\t\t\t<div class=\"elementor-wrapper elementor-open-inline\">\n\t\t\t<div class=\"elementor-video\"><\/div>\t\t<\/div>\n\t\t\t\t\t\t<\/div>\n\t\t\t\t<div class=\"elementor-element elementor-element-daaa7d1 elementor-widget elementor-widget-heading\" data-id=\"daaa7d1\" data-element_type=\"widget\" data-widget_type=\"heading.default\">\n\t\t\t\t\t<h2 class=\"elementor-heading-title elementor-size-default\">Banderas de la Orden<\/h2>\t\t\t\t<\/div>\n\t\t\t\t<div class=\"elementor-element elementor-element-edad472 elementor-widget-tablet__width-inherit elementor-widget elementor-widget-image\" data-id=\"edad472\" data-element_type=\"widget\" data-widget_type=\"image.default\">\n\t\t\t\t\t\t\t\t\t\t\t\t\t\t\t<img decoding=\"async\" width=\"300\" height=\"300\" src=\"https:\/\/constantinianorder.com\/wp-content\/uploads\/2025\/10\/Bandiera-del-Gran-Magistero-del-Sacro-Militare-Ordine-Costantiniano-di-San-Giorgio.webp\" class=\"attachment-full size-full wp-image-2503\" alt=\"Bandiera del Gran Magistero del Sacro Militare Ordine Costantiniano di San Giorgio\" \/>\t\t\t\t\t\t\t\t\t\t\t\t\t\t\t<\/div>\n\t\t\t\t<div class=\"elementor-element elementor-element-3b833d4 elementor-widget elementor-widget-heading\" data-id=\"3b833d4\" data-element_type=\"widget\" data-widget_type=\"heading.default\">\n\t\t\t\t\t<h2 class=\"elementor-heading-title elementor-size-default\">La Bandera de la Gran Magisterio de la Sagrado Orden Militar Constantiniana de San Jorge<\/h2>\t\t\t\t<\/div>\n\t\t\t\t<div class=\"elementor-element elementor-element-f67cc5b elementor-widget elementor-widget-text-editor\" data-id=\"f67cc5b\" data-element_type=\"widget\" data-widget_type=\"text-editor.default\">\n\t\t\t\t\t\t\t\t\t<p>La bandera de la Gran Magisterio de la Sagrada Orden Militar Constantiniana de San Jorge es de pa\u00f1o blanco, en forma de un cuadrado, recortada por una amplia franja de oro, con la Cruz Constantiniana bordada, y con los cuatro \u00e1ngulos del campo bordados en oro y decorados con cuatro flores de lis, cada uno adornado por una corona de laurel en la forma de un \u00f3valo. El asta es de terciopelo rojo, adornado con botones de lat\u00f3n, chapado en oro y se coloca en una l\u00ednea espiral. El punto es en una forma de una lanza con una nervadura vertical en relieve en ambos lados.  <\/p>\t\t\t\t\t\t\t\t<\/div>\n\t\t\t\t<div class=\"elementor-element elementor-element-0e7575a elementor-widget-tablet__width-inherit elementor-widget elementor-widget-image\" data-id=\"0e7575a\" data-element_type=\"widget\" data-widget_type=\"image.default\">\n\t\t\t\t\t\t\t\t\t\t\t\t\t\t\t<img decoding=\"async\" width=\"300\" height=\"300\" src=\"https:\/\/constantinianorder.com\/wp-content\/uploads\/2025\/10\/Bandiera-dei-Delegati-Del-Sacro-Militare-Ordine-Costantiniano-di-San-Giorgio.webp\" class=\"attachment-full size-full wp-image-2499\" alt=\"Bandiera dei Delegati Del Sacro Militare Ordine Costantiniano di San Giorgio\" \/>\t\t\t\t\t\t\t\t\t\t\t\t\t\t\t<\/div>\n\t\t\t\t<div class=\"elementor-element elementor-element-978bba6 elementor-widget elementor-widget-heading\" data-id=\"978bba6\" data-element_type=\"widget\" data-widget_type=\"heading.default\">\n\t\t\t\t\t<h2 class=\"elementor-heading-title elementor-size-default\">La bandera de los delegados de la Sagrada Orden Militar Constantiniana de San Jorge<\/h2>\t\t\t\t<\/div>\n\t\t\t\t<div class=\"elementor-element elementor-element-0e2459e elementor-widget elementor-widget-text-editor\" data-id=\"0e2459e\" data-element_type=\"widget\" data-widget_type=\"text-editor.default\">\n\t\t\t\t\t\t\t\t\t<p>La bandera de los Delegados de la Sagrada Orden Militar Constantiniana de San Jorge es de pa\u00f1o blanco, en forma de un cuadrado, recortada por una amplia franja de oro, con la Cruz Constantiniana bordada. El asta es de terciopelo rojo, adornado con botones de lat\u00f3n, chapado en oro y se coloca en una l\u00ednea espiral. El punto deber\u00e1 estar en una forma de una lanza con una nervadura vertical en relieve en ambos lados.  <\/p>\t\t\t\t\t\t\t\t<\/div>\n\t\t\t\t<div class=\"elementor-element elementor-element-a32b0b9 elementor-widget-tablet__width-inherit elementor-widget elementor-widget-image\" data-id=\"a32b0b9\" data-element_type=\"widget\" data-widget_type=\"image.default\">\n\t\t\t\t\t\t\t\t\t\t\t\t\t\t\t<img loading=\"lazy\" decoding=\"async\" width=\"300\" height=\"300\" src=\"https:\/\/constantinianorder.com\/wp-content\/uploads\/2025\/10\/Bandiera-del-Sacro-Militare-Ordine-Costantiniano-di-San-Giorgio.webp\" class=\"attachment-full size-full wp-image-2495\" alt=\"Bandiera del Sacro Militare Ordine Costantiniano di San Giorgio\" \/>\t\t\t\t\t\t\t\t\t\t\t\t\t\t\t<\/div>\n\t\t\t\t<div class=\"elementor-element elementor-element-47e192a elementor-widget elementor-widget-heading\" data-id=\"47e192a\" data-element_type=\"widget\" data-widget_type=\"heading.default\">\n\t\t\t\t\t<h2 class=\"elementor-heading-title elementor-size-default\">La bandera de la Sagrada Orden Militar Constantiniana de San Jorge<\/h2>\t\t\t\t<\/div>\n\t\t\t\t<div class=\"elementor-element elementor-element-b35d1ac elementor-widget elementor-widget-text-editor\" data-id=\"b35d1ac\" data-element_type=\"widget\" data-widget_type=\"text-editor.default\">\n\t\t\t\t\t\t\t\t\t<p>La bandera de la Sagrada Orden Militar Constantiniana de San Jorge es de pa\u00f1o blanco, en forma de un cuadrado, recortada por una amplia franja de oro, con la Cruz Constantiniana bordada. El asta es de terciopelo rojo, adornado con botones de lat\u00f3n, chapado en oro y se coloca en una l\u00ednea espiral. El punto es en una forma de una lanza con una nervadura vertical en relieve en ambos lados.  <\/p>\t\t\t\t\t\t\t\t<\/div>\n\t\t\t\t<\/div>\n\t\t\t\t\t<\/div>\n\t\t\t\t<\/div>\n\t\t\t\t<\/div>\n\t\t","protected":false},"excerpt":{"rendered":"<p>Historia de la Orden Constantiniana Historia de la Orden Constantiniana, la orden caballeresca cat\u00f3lica de antiguas ra\u00edces, que hoy se encuentra bajo el Gran Magisterio de la Real Casa de Borb\u00f3n de las Dos Sicilias, y que promueve la fe, la caridad y el compromiso social inspirados en los valores cristianos. constantinianorder.net Real Casa de [&hellip;]<\/p>\n","protected":false},"author":2,"featured_media":0,"parent":0,"menu_order":0,"comment_status":"closed","ping_status":"closed","template":"elementor_header_footer","meta":{"footnotes":""},"class_list":["post-95315","page","type-page","status-publish","hentry"],"yoast_head":"<!-- This site is optimized with the Yoast SEO plugin v26.5 - https:\/\/yoast.com\/wordpress\/plugins\/seo\/ -->\n<title>Historia de la Orden Constantiniana - Sacro Militare Ordine Costantiniano di San Giorgio<\/title>\n<meta name=\"description\" content=\"Historia de la Orden Constantiniana. Los or\u00edgenes de la antigua orden caballeresca, la fe, la caridad y el compromiso social inspirados en los valores cristianos.\" \/>\n<meta name=\"robots\" content=\"index, follow, max-snippet:-1, max-image-preview:large, max-video-preview:-1\" \/>\n<link rel=\"canonical\" href=\"https:\/\/constantinianorder.com\/cenni-storici\/\" \/>\n<meta property=\"og:locale\" content=\"es_ES\" \/>\n<meta property=\"og:type\" content=\"article\" \/>\n<meta property=\"og:title\" content=\"Historia de la Orden Constantiniana - Sacro Militare Ordine Costantiniano di San Giorgio\" \/>\n<meta property=\"og:description\" content=\"Historia de la Orden Constantiniana. Los or\u00edgenes de la antigua orden caballeresca, la fe, la caridad y el compromiso social inspirados en los valores cristianos.\" \/>\n<meta property=\"og:url\" content=\"https:\/\/constantinianorder.com\/cenni-storici\/\" \/>\n<meta property=\"og:site_name\" content=\"Sacro Militare Ordine Costantiniano di San Giorgio\" \/>\n<meta property=\"article:publisher\" content=\"https:\/\/www.facebook.com\/constantinianorder\" \/>\n<meta property=\"article:modified_time\" content=\"2025-12-08T15:01:10+00:00\" \/>\n<meta property=\"og:image\" content=\"https:\/\/constantinianorder.com\/wp-content\/uploads\/2025\/10\/cropped-logo-costantiniano.webp\" \/>\n\t<meta property=\"og:image:width\" content=\"512\" \/>\n\t<meta property=\"og:image:height\" content=\"512\" \/>\n\t<meta property=\"og:image:type\" content=\"image\/webp\" \/>\n<meta name=\"twitter:card\" content=\"summary_large_image\" \/>\n<meta name=\"twitter:label1\" content=\"Tiempo de lectura\" \/>\n\t<meta name=\"twitter:data1\" content=\"6 minutos\" \/>\n<script type=\"application\/ld+json\" class=\"yoast-schema-graph\">{\"@context\":\"https:\/\/schema.org\",\"@graph\":[{\"@type\":\"WebPage\",\"@id\":\"https:\/\/constantinianorder.com\/cenni-storici\/\",\"url\":\"https:\/\/constantinianorder.com\/cenni-storici\/\",\"name\":\"Historia de la Orden Constantiniana - Sacro Militare Ordine Costantiniano di San Giorgio\",\"isPartOf\":{\"@id\":\"https:\/\/constantinianorder.com\/#website\"},\"primaryImageOfPage\":{\"@id\":\"https:\/\/constantinianorder.com\/cenni-storici\/#primaryimage\"},\"image\":{\"@id\":\"https:\/\/constantinianorder.com\/cenni-storici\/#primaryimage\"},\"thumbnailUrl\":\"https:\/\/constantinianorder.com\/wp-content\/uploads\/2025\/10\/cropped-logo-costantiniano.webp\",\"datePublished\":\"2025-10-11T09:48:41+00:00\",\"dateModified\":\"2025-12-08T15:01:10+00:00\",\"description\":\"Historia de la Orden Constantiniana. Los or\u00edgenes de la antigua orden caballeresca, la fe, la caridad y el compromiso social inspirados en los valores cristianos.\",\"breadcrumb\":{\"@id\":\"https:\/\/constantinianorder.com\/cenni-storici\/#breadcrumb\"},\"inLanguage\":\"es\",\"potentialAction\":[{\"@type\":\"ReadAction\",\"target\":[\"https:\/\/constantinianorder.com\/cenni-storici\/\"]}]},{\"@type\":\"ImageObject\",\"inLanguage\":\"es\",\"@id\":\"https:\/\/constantinianorder.com\/cenni-storici\/#primaryimage\",\"url\":\"https:\/\/constantinianorder.com\/wp-content\/uploads\/2025\/10\/cropped-logo-costantiniano.webp\",\"contentUrl\":\"https:\/\/constantinianorder.com\/wp-content\/uploads\/2025\/10\/cropped-logo-costantiniano.webp\"},{\"@type\":\"BreadcrumbList\",\"@id\":\"https:\/\/constantinianorder.com\/cenni-storici\/#breadcrumb\",\"itemListElement\":[{\"@type\":\"ListItem\",\"position\":1,\"name\":\"Home\",\"item\":\"https:\/\/constantinianorder.com\/en\/\"},{\"@type\":\"ListItem\",\"position\":2,\"name\":\"Noticias Hist\u00f3ricas\"}]},{\"@type\":\"WebSite\",\"@id\":\"https:\/\/constantinianorder.com\/#website\",\"url\":\"https:\/\/constantinianorder.com\/\",\"name\":\"Sacro Militare Ordine Costantiniano di San Giorgio\",\"description\":\"Ordine Ufficiale\",\"publisher\":{\"@id\":\"https:\/\/constantinianorder.com\/#organization\"},\"potentialAction\":[{\"@type\":\"SearchAction\",\"target\":{\"@type\":\"EntryPoint\",\"urlTemplate\":\"https:\/\/constantinianorder.com\/?s={search_term_string}\"},\"query-input\":{\"@type\":\"PropertyValueSpecification\",\"valueRequired\":true,\"valueName\":\"search_term_string\"}}],\"inLanguage\":\"es\"},{\"@type\":\"Organization\",\"@id\":\"https:\/\/constantinianorder.com\/#organization\",\"name\":\"Sacro Militare Ordine Costantiniano di San Giorgio\",\"url\":\"https:\/\/constantinianorder.com\/\",\"logo\":{\"@type\":\"ImageObject\",\"inLanguage\":\"es\",\"@id\":\"https:\/\/constantinianorder.com\/#\/schema\/logo\/image\/\",\"url\":\"https:\/\/constantinianorder.com\/wp-content\/uploads\/2025\/10\/cropped-logo-costantiniano.png\",\"contentUrl\":\"https:\/\/constantinianorder.com\/wp-content\/uploads\/2025\/10\/cropped-logo-costantiniano.png\",\"width\":512,\"height\":512,\"caption\":\"Sacro Militare Ordine Costantiniano di San Giorgio\"},\"image\":{\"@id\":\"https:\/\/constantinianorder.com\/#\/schema\/logo\/image\/\"},\"sameAs\":[\"https:\/\/www.facebook.com\/constantinianorder\",\"https:\/\/www.instagram.com\/constantinianorder\/\",\"https:\/\/www.youtube.com\/@granmagisterodelsacromilit9375\"]}]}<\/script>\n<!-- \/ Yoast SEO plugin. -->","yoast_head_json":{"title":"Historia de la Orden Constantiniana - Sacro Militare Ordine Costantiniano di San Giorgio","description":"Historia de la Orden Constantiniana. Los or\u00edgenes de la antigua orden caballeresca, la fe, la caridad y el compromiso social inspirados en los valores cristianos.","robots":{"index":"index","follow":"follow","max-snippet":"max-snippet:-1","max-image-preview":"max-image-preview:large","max-video-preview":"max-video-preview:-1"},"canonical":"https:\/\/constantinianorder.com\/cenni-storici\/","og_locale":"es_ES","og_type":"article","og_title":"Historia de la Orden Constantiniana - Sacro Militare Ordine Costantiniano di San Giorgio","og_description":"Historia de la Orden Constantiniana. Los or\u00edgenes de la antigua orden caballeresca, la fe, la caridad y el compromiso social inspirados en los valores cristianos.","og_url":"https:\/\/constantinianorder.com\/cenni-storici\/","og_site_name":"Sacro Militare Ordine Costantiniano di San Giorgio","article_publisher":"https:\/\/www.facebook.com\/constantinianorder","article_modified_time":"2025-12-08T15:01:10+00:00","og_image":[{"width":512,"height":512,"url":"https:\/\/constantinianorder.com\/wp-content\/uploads\/2025\/10\/cropped-logo-costantiniano.webp","type":"image\/webp"}],"twitter_card":"summary_large_image","twitter_misc":{"Tiempo de lectura":"6 minutos"},"schema":{"@context":"https:\/\/schema.org","@graph":[{"@type":"WebPage","@id":"https:\/\/constantinianorder.com\/cenni-storici\/","url":"https:\/\/constantinianorder.com\/cenni-storici\/","name":"Historia de la Orden Constantiniana - Sacro Militare Ordine Costantiniano di San Giorgio","isPartOf":{"@id":"https:\/\/constantinianorder.com\/#website"},"primaryImageOfPage":{"@id":"https:\/\/constantinianorder.com\/cenni-storici\/#primaryimage"},"image":{"@id":"https:\/\/constantinianorder.com\/cenni-storici\/#primaryimage"},"thumbnailUrl":"https:\/\/constantinianorder.com\/wp-content\/uploads\/2025\/10\/cropped-logo-costantiniano.webp","datePublished":"2025-10-11T09:48:41+00:00","dateModified":"2025-12-08T15:01:10+00:00","description":"Historia de la Orden Constantiniana. Los or\u00edgenes de la antigua orden caballeresca, la fe, la caridad y el compromiso social inspirados en los valores cristianos.","breadcrumb":{"@id":"https:\/\/constantinianorder.com\/cenni-storici\/#breadcrumb"},"inLanguage":"es","potentialAction":[{"@type":"ReadAction","target":["https:\/\/constantinianorder.com\/cenni-storici\/"]}]},{"@type":"ImageObject","inLanguage":"es","@id":"https:\/\/constantinianorder.com\/cenni-storici\/#primaryimage","url":"https:\/\/constantinianorder.com\/wp-content\/uploads\/2025\/10\/cropped-logo-costantiniano.webp","contentUrl":"https:\/\/constantinianorder.com\/wp-content\/uploads\/2025\/10\/cropped-logo-costantiniano.webp"},{"@type":"BreadcrumbList","@id":"https:\/\/constantinianorder.com\/cenni-storici\/#breadcrumb","itemListElement":[{"@type":"ListItem","position":1,"name":"Home","item":"https:\/\/constantinianorder.com\/en\/"},{"@type":"ListItem","position":2,"name":"Noticias Hist\u00f3ricas"}]},{"@type":"WebSite","@id":"https:\/\/constantinianorder.com\/#website","url":"https:\/\/constantinianorder.com\/","name":"Sacro Militare Ordine Costantiniano di San Giorgio","description":"Ordine Ufficiale","publisher":{"@id":"https:\/\/constantinianorder.com\/#organization"},"potentialAction":[{"@type":"SearchAction","target":{"@type":"EntryPoint","urlTemplate":"https:\/\/constantinianorder.com\/?s={search_term_string}"},"query-input":{"@type":"PropertyValueSpecification","valueRequired":true,"valueName":"search_term_string"}}],"inLanguage":"es"},{"@type":"Organization","@id":"https:\/\/constantinianorder.com\/#organization","name":"Sacro Militare Ordine Costantiniano di San Giorgio","url":"https:\/\/constantinianorder.com\/","logo":{"@type":"ImageObject","inLanguage":"es","@id":"https:\/\/constantinianorder.com\/#\/schema\/logo\/image\/","url":"https:\/\/constantinianorder.com\/wp-content\/uploads\/2025\/10\/cropped-logo-costantiniano.png","contentUrl":"https:\/\/constantinianorder.com\/wp-content\/uploads\/2025\/10\/cropped-logo-costantiniano.png","width":512,"height":512,"caption":"Sacro Militare Ordine Costantiniano di San Giorgio"},"image":{"@id":"https:\/\/constantinianorder.com\/#\/schema\/logo\/image\/"},"sameAs":["https:\/\/www.facebook.com\/constantinianorder","https:\/\/www.instagram.com\/constantinianorder\/","https:\/\/www.youtube.com\/@granmagisterodelsacromilit9375"]}]}},"_links":{"self":[{"href":"https:\/\/constantinianorder.com\/es\/wp-json\/wp\/v2\/pages\/95315","targetHints":{"allow":["GET"]}}],"collection":[{"href":"https:\/\/constantinianorder.com\/es\/wp-json\/wp\/v2\/pages"}],"about":[{"href":"https:\/\/constantinianorder.com\/es\/wp-json\/wp\/v2\/types\/page"}],"author":[{"embeddable":true,"href":"https:\/\/constantinianorder.com\/es\/wp-json\/wp\/v2\/users\/2"}],"replies":[{"embeddable":true,"href":"https:\/\/constantinianorder.com\/es\/wp-json\/wp\/v2\/comments?post=95315"}],"version-history":[{"count":14,"href":"https:\/\/constantinianorder.com\/es\/wp-json\/wp\/v2\/pages\/95315\/revisions"}],"predecessor-version":[{"id":99580,"href":"https:\/\/constantinianorder.com\/es\/wp-json\/wp\/v2\/pages\/95315\/revisions\/99580"}],"wp:attachment":[{"href":"https:\/\/constantinianorder.com\/es\/wp-json\/wp\/v2\/media?parent=95315"}],"curies":[{"name":"wp","href":"https:\/\/api.w.org\/{rel}","templated":true}]}}